{"id":901,"date":"2024-05-22T10:08:16","date_gmt":"2024-05-22T10:08:16","guid":{"rendered":"http:\/\/localhost:10003\/?post_type=product&#038;p=901"},"modified":"2026-03-20T19:31:15","modified_gmt":"2026-03-20T19:31:15","slug":"cahiers-dexercices-pour-le-net","status":"publish","type":"product","link":"https:\/\/xceed.com\/fr\/products\/net\/workbooks-for-net\/","title":{"rendered":"Workbooks pour .NET"},"content":{"rendered":"<div data-elementor-type=\"product-post\" data-elementor-id=\"901\" class=\"elementor elementor-901\" data-elementor-post-type=\"product\">\n\t\t\t\t<div class=\"elementor-element elementor-element-768f64d4 e-flex e-con-boxed e-con e-parent\" data-id=\"768f64d4\" data-element_type=\"container\" data-e-type=\"container\">\n\t\t\t\t\t<div class=\"e-con-inner\">\n\t\t\t\t<div class=\"elementor-element elementor-element-643cad3e elementor-widget elementor-widget-text-editor\" data-id=\"643cad3e\" data-element_type=\"widget\" data-e-type=\"widget\" data-widget_type=\"text-editor.default\">\n\t\t\t\t<div class=\"elementor-widget-container\">\n\t\t\t\t\t\t\t\t\t<p>Cr\u00e9ez ou modifiez des documents Microsoft Excel \u00e0 partir de vos applications .NET, sans avoir besoin d\u2019installer Excel ou Office. Il s\u2019agit d\u2019un composant rapide et l\u00e9ger, soutenu par une \u00e9quipe de support et de d\u00e9veloppement r\u00e9active dont l\u2019unique ambition est votre satisfaction totale.<\/p><ul><li>Produit neuf !<\/li><li>API facile \u00e0 utiliser similaire \u00e0 son application m\u00e8re : Xceed Words for .NET.<\/li><li>D\u00e9veloppement continu. De nouvelles versions doivent \u00eatre publi\u00e9es r\u00e9guli\u00e8rement.<\/li><li>Prise en charge de .NET 4.5, 5, 6, 7, 8 et 9<\/li><\/ul><div class=\"fusion-one-half fusion-layout-column fusion-column-last fusion-spacing-yes\">\u00a0<\/div>\t\t\t\t\t\t\t\t<\/div>\n\t\t\t\t<\/div>\n\t\t\t\t<div class=\"elementor-element elementor-element-3f45cb7 elementor-widget elementor-widget-heading\" data-id=\"3f45cb7\" data-element_type=\"widget\" data-e-type=\"widget\" data-widget_type=\"heading.default\">\n\t\t\t\t<div class=\"elementor-widget-container\">\n\t\t\t\t\t<h2 class=\"elementor-heading-title elementor-size-default\">Contr\u00f4le complet<\/h2>\t\t\t\t<\/div>\n\t\t\t\t<\/div>\n\t\t\t\t<div class=\"elementor-element elementor-element-33b4342 elementor-widget elementor-widget-text-editor\" data-id=\"33b4342\" data-element_type=\"widget\" data-e-type=\"widget\" data-widget_type=\"text-editor.default\">\n\t\t\t\t<div class=\"elementor-widget-container\">\n\t\t\t\t\t\t\t\t\t<p>Gr\u00e2ce \u00e0 son API facile \u00e0 utiliser, Xceed Workbooks for .NET permet \u00e0 votre application de cr\u00e9er ou de modifier des documents Microsoft Excel .xlsx et vous donne un contr\u00f4le total sur le contenu des documents. Il vous permet de modifier le contenu des cellules et la taille des colonnes et des lignes, de cr\u00e9er des tableaux format\u00e9s, de d\u00e9finir et de calculer des formules de base, de charger des donn\u00e9es \u00e0 partir du web et d'ajouter des \u00e9l\u00e9ments tels que des images et des hyperliens.<\/p><p>Vous pouvez \u00e9galement personnaliser l'apparence de vos feuilles de calcul, styliser le contenu des cellules, des lignes ou des colonnes \u00e0 l'aide de diff\u00e9rentes polices de caract\u00e8res, d'alignements et de param\u00e8tres de formatage, et utiliser certaines des nombreuses autres fonctionnalit\u00e9s incluses dans Microsoft Excel, comme le d\u00e9placement, la suppression ou la copie de feuilles de calcul entre diff\u00e9rents classeurs.<\/p>\t\t\t\t\t\t\t\t<\/div>\n\t\t\t\t<\/div>\n\t\t\t\t<div class=\"elementor-element elementor-element-f31f9fd elementor-widget elementor-widget-heading\" data-id=\"f31f9fd\" data-element_type=\"widget\" data-e-type=\"widget\" data-widget_type=\"heading.default\">\n\t\t\t\t<div class=\"elementor-widget-container\">\n\t\t\t\t\t<h2 class=\"elementor-heading-title elementor-size-default\">Il s'agit \u00e9galement d'un excellent outil de reporting<\/h2>\t\t\t\t<\/div>\n\t\t\t\t<\/div>\n\t\t\t\t<div class=\"elementor-element elementor-element-401e4b8 elementor-widget elementor-widget-text-editor\" data-id=\"401e4b8\" data-element_type=\"widget\" data-e-type=\"widget\" data-widget_type=\"text-editor.default\">\n\t\t\t\t<div class=\"elementor-widget-container\">\n\t\t\t\t\t\t\t\t\t<p>En effet, Xceed Workbooks for .NET vous permet de cr\u00e9er des rapports d'entreprise que vous concevez d'abord avec les capacit\u00e9s d'\u00e9dition riches et famili\u00e8res de Microsoft Excel plut\u00f4t qu'avec l'\u00e9diteur personnalis\u00e9 d'un outil de cr\u00e9ation de rapports. Vous pouvez ensuite utiliser le document con\u00e7u comme mod\u00e8le que vous personnalisez par programme avant d'envoyer chaque rapport.<\/p><p>Vous pouvez \u00e9galement utiliser Xceed Workbooks for .NET pour cr\u00e9er des factures par programme, ajouter des donn\u00e9es \u00e0 des feuilles de calcul, etc.<\/p>\t\t\t\t\t\t\t\t<\/div>\n\t\t\t\t<\/div>\n\t\t\t\t<div class=\"elementor-element elementor-element-0a9a7c6 elementor-widget elementor-widget-heading\" data-id=\"0a9a7c6\" data-element_type=\"widget\" data-e-type=\"widget\" data-widget_type=\"heading.default\">\n\t\t\t\t<div class=\"elementor-widget-container\">\n\t\t\t\t\t<h2 class=\"elementor-heading-title elementor-size-default\">Cr\u00e9\u00e9 par des experts<\/h2>\t\t\t\t<\/div>\n\t\t\t\t<\/div>\n\t\t\t\t<div class=\"elementor-element elementor-element-28b5b88 elementor-widget elementor-widget-text-editor\" data-id=\"28b5b88\" data-element_type=\"widget\" data-e-type=\"widget\" data-widget_type=\"text-editor.default\">\n\t\t\t\t<div class=\"elementor-widget-container\">\n\t\t\t\t\t\t\t\t\t<p>D\u00e9velopp\u00e9 par l'\u00e9quipe derri\u00e8re notre produit Xceed Words pour .NET, le d\u00e9veloppement de ce produit a grandement b\u00e9n\u00e9fici\u00e9 de toutes les ann\u00e9es pass\u00e9es \u00e0 travailler sur son application m\u00e8re. Nous nous sommes assur\u00e9s que les fonctionnalit\u00e9s les plus n\u00e9cessaires et les plus demand\u00e9es \u00e9taient incluses d\u00e8s le d\u00e9part et de toutes nouvelles possibilit\u00e9s seront ajout\u00e9es au fur et \u00e0 mesure que nous recevrons de nouvelles demandes et de nouveaux commentaires de la part de nos utilisateurs.<\/p><p><span style=\"text-decoration: underline;\">Notez que ce produit n'est pas rembours\u00e9.<\/span><\/p>\t\t\t\t\t\t\t\t<\/div>\n\t\t\t\t<\/div>\n\t\t\t\t\t<\/div>\n\t\t\t\t<\/div>\n\t\t<div class=\"elementor-element elementor-element-7ac2ea9 e-flex e-con-boxed e-con e-parent\" data-id=\"7ac2ea9\" data-element_type=\"container\" data-e-type=\"container\">\n\t\t\t\t\t<div class=\"e-con-inner\">\n\t\t<div class=\"elementor-element elementor-element-fde11b4 e-con-full e-flex e-con e-child\" data-id=\"fde11b4\" data-element_type=\"container\" data-e-type=\"container\">\n\t\t\t\t<div class=\"elementor-element elementor-element-16483d2 e-n-tabs-mobile elementor-widget elementor-widget-n-tabs\" data-id=\"16483d2\" data-element_type=\"widget\" data-e-type=\"widget\" data-widget_type=\"nested-tabs.default\">\n\t\t\t\t<div class=\"elementor-widget-container\">\n\t\t\t\t\t\t\t<div class=\"e-n-tabs\" data-widget-number=\"23364562\" aria-label=\"Onglets. Ouvrez des \u00e9l\u00e9ments avec Enter ou Space, fermez-les avec Escape et naviguez \u00e0 l&#039;aide des touches fl\u00e9ch\u00e9es.\">\n\t\t\t<div class=\"e-n-tabs-heading\" role=\"tablist\">\n\t\t\t\t\t<button id=\"e-n-tab-title-233645621\" data-tab-title-id=\"e-n-tab-title-233645621\" class=\"e-n-tab-title\" aria-selected=\"true\" data-tab-index=\"1\" role=\"tab\" tabindex=\"0\" aria-controls=\"e-n-tab-content-233645621\" style=\"--n-tabs-title-order: 1;\">\n\t\t\t\t\t\t<span class=\"e-n-tab-title-text\">\n\t\t\t\tTechnologie .Net\t\t\t<\/span>\n\t\t<\/button>\n\t\t\t\t\t<\/div>\n\t\t\t<div class=\"e-n-tabs-content\">\n\t\t\t\t<div id=\"e-n-tab-content-233645621\" role=\"tabpanel\" aria-labelledby=\"e-n-tab-title-233645621\" data-tab-index=\"1\" style=\"--n-tabs-title-order: 1;\" class=\"e-active elementor-element elementor-element-17eb83f e-con-full e-flex e-con e-child\" data-id=\"17eb83f\" data-element_type=\"container\" data-e-type=\"container\">\n\t\t\t\t<div class=\"elementor-element elementor-element-79d412f elementor-widget elementor-widget-text-editor\" data-id=\"79d412f\" data-element_type=\"widget\" data-e-type=\"widget\" data-widget_type=\"text-editor.default\">\n\t\t\t\t<div class=\"elementor-widget-container\">\n\t\t\t\t\t\t\t\t\t<ul>\n<li>Conception orient\u00e9e objet cr\u00e9\u00e9e sp\u00e9cifiquement pour le cadre .NET.<\/li>\n<li>Compatible avec .NET6+ et supporte .NET5, .NET 4.0 et plus, ASP.NET 4.0 et plus et Visual Studio 2010 et plus.<\/li>\n<li>Prend en charge VB.NET, C# et Managed C++.<\/li>\n<li>Code g\u00e9r\u00e9 100%, \u00e9crit en C#.<\/li>\n<li>Code source inclus dans l'abonnement \u00e0 Blueprint.<\/li>\n<li>Gestion des erreurs exclusivement par le biais des classes d'exception .NET.<\/li>\n<li>Les objets n'ont pas besoin d'\u00eatre explicitement \u00e9limin\u00e9s.<\/li>\n<li>Conforme \u00e0 la CLS (Common Language Specification), sans blocs non s\u00e9curis\u00e9s, pour des exigences minimales en mati\u00e8re d'autorisation.<\/li>\n<li>Documentation int\u00e9gr\u00e9e dans Visual Studio.<\/li>\n<li>Inclut un exemple d'application comment\u00e9e qui d\u00e9montre chaque fonction en cr\u00e9ant ou en modifiant des fichiers de documents Excel.<\/li>\n<li>La version 4.X de .NET est compil\u00e9e \u00e0 l'aide du profil client de .NET.<\/li>\n<\/ul>\t\t\t\t\t\t\t\t<\/div>\n\t\t\t\t<\/div>\n\t\t\t\t<\/div>\n\t\t\t\t\t<\/div>\n\t\t<\/div>\n\t\t\t\t\t\t<\/div>\n\t\t\t\t<\/div>\n\t\t\t\t<\/div>\n\t\t\t\t\t<\/div>\n\t\t\t\t<\/div>\n\t\t\t\t<\/div>","protected":false},"excerpt":{"rendered":"<p>Cr\u00e9ez ou modifiez des documents Microsoft Excel \u00e0 partir de vos applications .NET, sans avoir besoin d\u2019installer Excel ou Office. Il s\u2019agit d\u2019un composant rapide et l\u00e9ger, soutenu par une \u00e9quipe de support et de d\u00e9veloppement r\u00e9active dont l\u2019unique ambition est votre satisfaction totale.<\/p>","protected":false},"featured_media":902,"template":"","meta":{"_acf_changed":false},"product_brand":[],"product_cat":[18],"product_tag":[],"class_list":{"0":"post-901","1":"product","2":"type-product","3":"status-publish","4":"has-post-thumbnail","6":"product_cat-net","8":"first","9":"instock","10":"sale","11":"taxable","12":"shipping-taxable","13":"purchasable","14":"product-type-variable"},"acf":[],"yoast_head":"<!-- This site is optimized with the Yoast SEO plugin v27.4 - https:\/\/yoast.com\/product\/yoast-seo-wordpress\/ -->\n<title>Workbooks for .NET Applications | Xceed<\/title>\n<meta name=\"description\" content=\"Workbooks for .NET provides a comprehensive suite of spreadsheet processing components for .NET developers. Create and manipulate Word documents with ease.\" \/>\n<meta name=\"robots\" content=\"index, follow, max-snippet:-1, max-image-preview:large, max-video-preview:-1\" \/>\n<link rel=\"canonical\" href=\"https:\/\/xceed.com\/fr\/produits\/net\/cahiers-dexercices-pour-le-net\/\" \/>\n<meta property=\"og:locale\" content=\"fr_CA\" \/>\n<meta property=\"og:type\" content=\"article\" \/>\n<meta property=\"og:title\" content=\"Workbooks for .NET Applications | Xceed\" \/>\n<meta property=\"og:description\" content=\"Workbooks for .NET provides a comprehensive suite of spreadsheet processing components for .NET developers. Create and manipulate Word documents with ease.\" \/>\n<meta property=\"og:url\" content=\"https:\/\/xceed.com\/fr\/produits\/net\/cahiers-dexercices-pour-le-net\/\" \/>\n<meta property=\"og:site_name\" content=\"Xceed\" \/>\n<meta property=\"article:modified_time\" content=\"2026-03-20T19:31:15+00:00\" \/>\n<meta property=\"og:image\" content=\"https:\/\/xceed.com\/wp-content\/uploads\/2024\/05\/Product-Workbooks-for-.NET_.png\" \/>\n\t<meta property=\"og:image:width\" content=\"300\" \/>\n\t<meta property=\"og:image:height\" content=\"300\" \/>\n\t<meta property=\"og:image:type\" content=\"image\/png\" \/>\n<meta name=\"twitter:card\" content=\"summary_large_image\" \/>\n<meta name=\"twitter:label1\" content=\"Est. reading time\" \/>\n\t<meta name=\"twitter:data1\" content=\"3 minutes\" \/>\n<script type=\"application\/ld+json\" class=\"yoast-schema-graph\">{\"@context\":\"https:\\\/\\\/schema.org\",\"@graph\":[{\"@type\":\"WebPage\",\"@id\":\"https:\\\/\\\/xceed.com\\\/products\\\/net\\\/workbooks-for-net\\\/\",\"url\":\"https:\\\/\\\/xceed.com\\\/products\\\/net\\\/workbooks-for-net\\\/\",\"name\":\"Workbooks for .NET Applications | Xceed\",\"isPartOf\":{\"@id\":\"https:\\\/\\\/xceed.com\\\/fr\\\/#website\"},\"primaryImageOfPage\":{\"@id\":\"https:\\\/\\\/xceed.com\\\/products\\\/net\\\/workbooks-for-net\\\/#primaryimage\"},\"image\":{\"@id\":\"https:\\\/\\\/xceed.com\\\/products\\\/net\\\/workbooks-for-net\\\/#primaryimage\"},\"thumbnailUrl\":\"https:\\\/\\\/xceed.com\\\/wp-content\\\/uploads\\\/2024\\\/05\\\/Product-Workbooks-for-.NET_.png\",\"datePublished\":\"2024-05-22T10:08:16+00:00\",\"dateModified\":\"2026-03-20T19:31:15+00:00\",\"description\":\"Workbooks for .NET provides a comprehensive suite of spreadsheet processing components for .NET developers. Create and manipulate Word documents with ease.\",\"breadcrumb\":{\"@id\":\"https:\\\/\\\/xceed.com\\\/products\\\/net\\\/workbooks-for-net\\\/#breadcrumb\"},\"inLanguage\":\"fr-CA\",\"potentialAction\":[{\"@type\":\"ReadAction\",\"target\":[\"https:\\\/\\\/xceed.com\\\/products\\\/net\\\/workbooks-for-net\\\/\"]}]},{\"@type\":\"ImageObject\",\"inLanguage\":\"fr-CA\",\"@id\":\"https:\\\/\\\/xceed.com\\\/products\\\/net\\\/workbooks-for-net\\\/#primaryimage\",\"url\":\"https:\\\/\\\/xceed.com\\\/wp-content\\\/uploads\\\/2024\\\/05\\\/Product-Workbooks-for-.NET_.png\",\"contentUrl\":\"https:\\\/\\\/xceed.com\\\/wp-content\\\/uploads\\\/2024\\\/05\\\/Product-Workbooks-for-.NET_.png\",\"width\":300,\"height\":300},{\"@type\":\"BreadcrumbList\",\"@id\":\"https:\\\/\\\/xceed.com\\\/products\\\/net\\\/workbooks-for-net\\\/#breadcrumb\",\"itemListElement\":[{\"@type\":\"ListItem\",\"position\":1,\"name\":\"Home\",\"item\":\"https:\\\/\\\/xceed.com\\\/\"},{\"@type\":\"ListItem\",\"position\":2,\"name\":\"Workbooks for .NET\"}]},{\"@type\":\"WebSite\",\"@id\":\"https:\\\/\\\/xceed.com\\\/fr\\\/#website\",\"url\":\"https:\\\/\\\/xceed.com\\\/fr\\\/\",\"name\":\"Xceed\",\"description\":\"Provides tools for .NET, Windows Forms, WPF, Silverlight, and ASP.NET developers to create better applications.\",\"publisher\":{\"@id\":\"https:\\\/\\\/xceed.com\\\/fr\\\/#organization\"},\"potentialAction\":[{\"@type\":\"SearchAction\",\"target\":{\"@type\":\"EntryPoint\",\"urlTemplate\":\"https:\\\/\\\/xceed.com\\\/fr\\\/?s={search_term_string}\"},\"query-input\":{\"@type\":\"PropertyValueSpecification\",\"valueRequired\":true,\"valueName\":\"search_term_string\"}}],\"inLanguage\":\"fr-CA\"},{\"@type\":\"Organization\",\"@id\":\"https:\\\/\\\/xceed.com\\\/fr\\\/#organization\",\"name\":\"Xceed\",\"url\":\"https:\\\/\\\/xceed.com\\\/fr\\\/\",\"logo\":{\"@type\":\"ImageObject\",\"inLanguage\":\"fr-CA\",\"@id\":\"https:\\\/\\\/xceed.com\\\/fr\\\/#\\\/schema\\\/logo\\\/image\\\/\",\"url\":\"https:\\\/\\\/xceed.com\\\/wp-content\\\/uploads\\\/2024\\\/04\\\/cropped-xceed-logo.png\",\"contentUrl\":\"https:\\\/\\\/xceed.com\\\/wp-content\\\/uploads\\\/2024\\\/04\\\/cropped-xceed-logo.png\",\"width\":609,\"height\":150,\"caption\":\"Xceed\"},\"image\":{\"@id\":\"https:\\\/\\\/xceed.com\\\/fr\\\/#\\\/schema\\\/logo\\\/image\\\/\"}}]}<\/script>\n<!-- \/ Yoast SEO plugin. -->","yoast_head_json":{"title":"Workbooks pour les applications .NET | Xceed","description":"Workbooks for .NET fournit une suite compl\u00e8te de composants de traitement de feuilles de calcul pour les d\u00e9veloppeurs .NET. Cr\u00e9ez et manipulez facilement des documents Word.","robots":{"index":"index","follow":"follow","max-snippet":"max-snippet:-1","max-image-preview":"max-image-preview:large","max-video-preview":"max-video-preview:-1"},"canonical":"https:\/\/xceed.com\/fr\/produits\/net\/cahiers-dexercices-pour-le-net\/","og_locale":"fr_CA","og_type":"article","og_title":"Workbooks for .NET Applications | Xceed","og_description":"Workbooks for .NET provides a comprehensive suite of spreadsheet processing components for .NET developers. Create and manipulate Word documents with ease.","og_url":"https:\/\/xceed.com\/fr\/produits\/net\/cahiers-dexercices-pour-le-net\/","og_site_name":"Xceed","article_modified_time":"2026-03-20T19:31:15+00:00","og_image":[{"width":300,"height":300,"url":"https:\/\/xceed.com\/wp-content\/uploads\/2024\/05\/Product-Workbooks-for-.NET_.png","type":"image\/png"}],"twitter_card":"summary_large_image","twitter_misc":{"Est. reading time":"3 minutes"},"schema":{"@context":"https:\/\/schema.org","@graph":[{"@type":"WebPage","@id":"https:\/\/xceed.com\/products\/net\/workbooks-for-net\/","url":"https:\/\/xceed.com\/products\/net\/workbooks-for-net\/","name":"Workbooks pour les applications .NET | Xceed","isPartOf":{"@id":"https:\/\/xceed.com\/fr\/#website"},"primaryImageOfPage":{"@id":"https:\/\/xceed.com\/products\/net\/workbooks-for-net\/#primaryimage"},"image":{"@id":"https:\/\/xceed.com\/products\/net\/workbooks-for-net\/#primaryimage"},"thumbnailUrl":"https:\/\/xceed.com\/wp-content\/uploads\/2024\/05\/Product-Workbooks-for-.NET_.png","datePublished":"2024-05-22T10:08:16+00:00","dateModified":"2026-03-20T19:31:15+00:00","description":"Workbooks for .NET fournit une suite compl\u00e8te de composants de traitement de feuilles de calcul pour les d\u00e9veloppeurs .NET. Cr\u00e9ez et manipulez facilement des documents Word.","breadcrumb":{"@id":"https:\/\/xceed.com\/products\/net\/workbooks-for-net\/#breadcrumb"},"inLanguage":"fr-CA","potentialAction":[{"@type":"ReadAction","target":["https:\/\/xceed.com\/products\/net\/workbooks-for-net\/"]}]},{"@type":"ImageObject","inLanguage":"fr-CA","@id":"https:\/\/xceed.com\/products\/net\/workbooks-for-net\/#primaryimage","url":"https:\/\/xceed.com\/wp-content\/uploads\/2024\/05\/Product-Workbooks-for-.NET_.png","contentUrl":"https:\/\/xceed.com\/wp-content\/uploads\/2024\/05\/Product-Workbooks-for-.NET_.png","width":300,"height":300},{"@type":"BreadcrumbList","@id":"https:\/\/xceed.com\/products\/net\/workbooks-for-net\/#breadcrumb","itemListElement":[{"@type":"ListItem","position":1,"name":"Home","item":"https:\/\/xceed.com\/"},{"@type":"ListItem","position":2,"name":"Workbooks for .NET"}]},{"@type":"WebSite","@id":"https:\/\/xceed.com\/fr\/#website","url":"https:\/\/xceed.com\/fr\/","name":"Xceed","description":"Fournit des outils aux d\u00e9veloppeurs .NET, Windows Forms, WPF, Silverlight et ASP.NET pour cr\u00e9er de meilleures applications.","publisher":{"@id":"https:\/\/xceed.com\/fr\/#organization"},"potentialAction":[{"@type":"SearchAction","target":{"@type":"EntryPoint","urlTemplate":"https:\/\/xceed.com\/fr\/?s={search_term_string}"},"query-input":{"@type":"PropertyValueSpecification","valueRequired":true,"valueName":"search_term_string"}}],"inLanguage":"fr-CA"},{"@type":"Organization","@id":"https:\/\/xceed.com\/fr\/#organization","name":"Xceed","url":"https:\/\/xceed.com\/fr\/","logo":{"@type":"ImageObject","inLanguage":"fr-CA","@id":"https:\/\/xceed.com\/fr\/#\/schema\/logo\/image\/","url":"https:\/\/xceed.com\/wp-content\/uploads\/2024\/04\/cropped-xceed-logo.png","contentUrl":"https:\/\/xceed.com\/wp-content\/uploads\/2024\/04\/cropped-xceed-logo.png","width":609,"height":150,"caption":"Xceed"},"image":{"@id":"https:\/\/xceed.com\/fr\/#\/schema\/logo\/image\/"}}]}},"_links":{"self":[{"href":"https:\/\/xceed.com\/fr\/wp-json\/wp\/v2\/product\/901","targetHints":{"allow":["GET"]}}],"collection":[{"href":"https:\/\/xceed.com\/fr\/wp-json\/wp\/v2\/product"}],"about":[{"href":"https:\/\/xceed.com\/fr\/wp-json\/wp\/v2\/types\/product"}],"version-history":[{"count":0,"href":"https:\/\/xceed.com\/fr\/wp-json\/wp\/v2\/product\/901\/revisions"}],"wp:featuredmedia":[{"embeddable":true,"href":"https:\/\/xceed.com\/fr\/wp-json\/wp\/v2\/media\/902"}],"wp:attachment":[{"href":"https:\/\/xceed.com\/fr\/wp-json\/wp\/v2\/media?parent=901"}],"wp:term":[{"taxonomy":"product_brand","embeddable":true,"href":"https:\/\/xceed.com\/fr\/wp-json\/wp\/v2\/product_brand?post=901"},{"taxonomy":"product_cat","embeddable":true,"href":"https:\/\/xceed.com\/fr\/wp-json\/wp\/v2\/product_cat?post=901"},{"taxonomy":"product_tag","embeddable":true,"href":"https:\/\/xceed.com\/fr\/wp-json\/wp\/v2\/product_tag?post=901"}],"curies":[{"name":"wp","href":"https:\/\/api.w.org\/{rel}","templated":true}]}}