{"id":383,"date":"2024-04-16T23:45:45","date_gmt":"2024-04-16T23:45:45","guid":{"rendered":"http:\/\/localhost:10003\/?post_type=product&#038;p=383"},"modified":"2026-03-20T18:06:10","modified_gmt":"2026-03-20T18:06:10","slug":"suite-daffaires","status":"publish","type":"product","link":"https:\/\/xceed.com\/fr\/products\/suite\/business-suite\/","title":{"rendered":"Suite Business"},"content":{"rendered":"<div data-elementor-type=\"product-post\" data-elementor-id=\"383\" class=\"elementor elementor-383\" data-elementor-post-type=\"product\">\n\t\t\t\t<div class=\"elementor-element elementor-element-3a1d6a1c e-flex e-con-boxed e-con e-parent\" data-id=\"3a1d6a1c\" data-element_type=\"container\" data-e-type=\"container\">\n\t\t\t\t\t<div class=\"e-con-inner\">\n\t\t\t\t<div class=\"elementor-element elementor-element-20c3b4aa elementor-widget elementor-widget-text-editor\" data-id=\"20c3b4aa\" data-element_type=\"widget\" data-e-type=\"widget\" data-widget_type=\"text-editor.default\">\n\t\t\t\t<div class=\"elementor-widget-container\">\n\t\t\t\t\t\t\t\t\t<p>Un ensemble essentiel de 117 contr\u00f4les, panneaux et th\u00e8mes WPF de haute qualit\u00e9 et de haute performance. Inclut la grille de donn\u00e9es WPF la plus appr\u00e9ci\u00e9e de l'industrie. Soutenu par une \u00e9quipe de support et de d\u00e9veloppement r\u00e9active dont la seule ambition est votre enti\u00e8re satisfaction.<\/p><ul><li>117 Contr\u00f4les WPF<\/li><li>11 th\u00e8mes<\/li><li>Mise \u00e0 jour fr\u00e9quente<\/li><\/ul><blockquote><h5 data-fontsize=\"34\" data-lineheight=\"47\">Correspondre \u00e0 la vision que vous avez de l'exp\u00e9rience utilisateur de votre application WPF, et d\u00e9passer les attentes de l'entreprise.<\/h5><\/blockquote><div class=\"fusion-one-half fusion-layout-column fusion-spacing-yes\"><div class=\"fusion-column-wrapper\"><p>Cet ensemble de contr\u00f4les WPF m\u00e9ticuleusement con\u00e7us comble les lacunes de WPF et fournit \u00e9galement la grille de donn\u00e9es WPF la plus adopt\u00e9e et la plus actualis\u00e9e de l'industrie. Des th\u00e8mes de qualit\u00e9 professionnelle sont \u00e9galement inclus pour styliser l'ensemble de votre application WPF, afin de lui donner une apparence et une convivialit\u00e9 raffin\u00e9es.<\/p><h3 data-fontsize=\"18\" data-lineheight=\"27\">Grille de donn\u00e9es<\/h3><p>Inclut la grille de donn\u00e9es Xceed DataGrid pour WPF, rapide, puissante et mature. La seule grille de donn\u00e9es WPF qui offre une exp\u00e9rience utilisateur riche, fluide et performante. Elle poss\u00e8de l'ensemble de fonctionnalit\u00e9s le plus riche avec plus de 185 capacit\u00e9s et offre un d\u00e9filement fluide avanc\u00e9 et une virtualisation des donn\u00e9es sans d\u00e9calage.<\/p><h3 data-fontsize=\"18\" data-lineheight=\"27\">Bo\u00eete \u00e0 outils<\/h3><p>Inclut Xceed Toolkit Plus pour WPF, la collection la plus utilis\u00e9e de contr\u00f4les, panneaux et th\u00e8mes WPF pour la cr\u00e9ation d'applications Windows de nouvelle g\u00e9n\u00e9ration. T\u00e9l\u00e9charg\u00e9 plus de\u00a0<strong>1 million d'euros<\/strong>\u00a0fois.<\/p><\/div><\/div><div class=\"fusion-one-half fusion-layout-column fusion-column-last fusion-spacing-yes\"><div class=\"fusion-column-wrapper\"><h3 data-fontsize=\"18\" data-lineheight=\"27\">Th\u00e8mes<\/h3><p>Permet \u00e0 vos d\u00e9veloppeurs ou concepteurs de styliser n'importe quelle application WPF en quelques minutes gr\u00e2ce \u00e0 des th\u00e8mes magnifiques et soign\u00e9s, cr\u00e9ant ainsi des interfaces utilisateur uniformes pour les applications commerciales. Comprend Windows 10, Metro, Office, Windows 8 et Windows 7, ainsi que des th\u00e8mes originaux cr\u00e9\u00e9s par des designers.<\/p><h3 data-fontsize=\"18\" data-lineheight=\"27\">Confiance<\/h3><p>Xceed n'est pas seulement un pionnier de WPF, puisqu'il a lanc\u00e9 le premier contr\u00f4le WPF commercial en 2007, mais il cr\u00e9e \u00e9galement des biblioth\u00e8ques et des contr\u00f4les pour les d\u00e9veloppeurs Windows depuis plus de 20 ans. Les contr\u00f4les et biblioth\u00e8ques Xceed ont \u00e9t\u00e9 utilis\u00e9s dans d'innombrables applications bancaires, d'assurance, militaires et gouvernementales, ainsi que par Microsoft dans Windows, Visual Studio, Office et bien d'autres encore.<\/p><h3 data-fontsize=\"18\" data-lineheight=\"27\">Soutenu<\/h3><p>Les contr\u00f4les WPF de Xceed sont mis \u00e0 jour r\u00e9guli\u00e8rement et notre \u00e9quipe de support technique est pr\u00eate \u00e0 vous aider, vous et votre \u00e9quipe de d\u00e9veloppement, pour toute question ou probl\u00e8me que vous rencontrez, afin que vous puissiez terminer vos projets WPF dans les d\u00e9lais impartis.<\/p><\/div><\/div>\t\t\t\t\t\t\t\t<\/div>\n\t\t\t\t<\/div>\n\t\t\t\t\t<\/div>\n\t\t\t\t<\/div>\n\t\t<div class=\"elementor-element elementor-element-8092ebc e-flex e-con-boxed e-con e-parent\" data-id=\"8092ebc\" data-element_type=\"container\" data-e-type=\"container\">\n\t\t\t\t\t<div class=\"e-con-inner\">\n\t\t<div class=\"elementor-element elementor-element-c89e68d e-con-full e-flex e-con e-child\" data-id=\"c89e68d\" data-element_type=\"container\" data-e-type=\"container\">\n\t\t\t\t<div class=\"elementor-element elementor-element-6f41c64 e-n-tabs-mobile elementor-widget elementor-widget-n-tabs\" data-id=\"6f41c64\" data-element_type=\"widget\" data-e-type=\"widget\" data-widget_type=\"nested-tabs.default\">\n\t\t\t\t<div class=\"elementor-widget-container\">\n\t\t\t\t\t\t\t<div class=\"e-n-tabs\" data-widget-number=\"116661348\" aria-label=\"Onglets. Ouvrez des \u00e9l\u00e9ments avec Enter ou Space, fermez-les avec Escape et naviguez \u00e0 l&#039;aide des touches fl\u00e9ch\u00e9es.\">\n\t\t\t<div class=\"e-n-tabs-heading\" role=\"tablist\">\n\t\t\t\t\t<button id=\"e-n-tab-title-1166613481\" data-tab-title-id=\"e-n-tab-title-1166613481\" class=\"e-n-tab-title\" aria-selected=\"true\" data-tab-index=\"1\" role=\"tab\" tabindex=\"0\" aria-controls=\"e-n-tab-content-1166613481\" style=\"--n-tabs-title-order: 1;\">\n\t\t\t\t\t\t<span class=\"e-n-tab-title-text\">\n\t\t\t\tPoints techniques WPF et .NET\t\t\t<\/span>\n\t\t<\/button>\n\t\t\t\t<button id=\"e-n-tab-title-1166613482\" data-tab-title-id=\"e-n-tab-title-1166613482\" class=\"e-n-tab-title\" aria-selected=\"false\" data-tab-index=\"2\" role=\"tab\" tabindex=\"-1\" aria-controls=\"e-n-tab-content-1166613482\" style=\"--n-tabs-title-order: 2;\">\n\t\t\t\t\t\t<span class=\"e-n-tab-title-text\">\n\t\t\t\tContr\u00f4les WPF inclus\t\t\t<\/span>\n\t\t<\/button>\n\t\t\t\t\t<\/div>\n\t\t\t<div class=\"e-n-tabs-content\">\n\t\t\t\t<div id=\"e-n-tab-content-1166613481\" role=\"tabpanel\" aria-labelledby=\"e-n-tab-title-1166613481\" data-tab-index=\"1\" style=\"--n-tabs-title-order: 1;\" class=\"e-active elementor-element elementor-element-aab1ea1 e-con-full e-flex e-con e-child\" data-id=\"aab1ea1\" data-element_type=\"container\" data-e-type=\"container\">\n\t\t\t\t<div class=\"elementor-element elementor-element-f5c1646 elementor-widget elementor-widget-text-editor\" data-id=\"f5c1646\" data-element_type=\"widget\" data-e-type=\"widget\" data-widget_type=\"text-editor.default\">\n\t\t\t\t<div class=\"elementor-widget-container\">\n\t\t\t\t\t\t\t\t\t<ul>\n<li>Tous les contr\u00f4les ont \u00e9t\u00e9 cr\u00e9\u00e9s enti\u00e8rement pour WPF et construits pour toutes les versions de .NET 4.X, .NET Core 3.0 et plus, et \u00e9crits en C# et XAML. Les versions .NET\/WPF 2.0\/3.5 sont disponibles.<\/li>\n<li>Peut \u00eatre utilis\u00e9 en conjonction avec les mod\u00e8les de conception et d'architecture MVVM et MVC.<\/li>\n<li>Le code source est disponible avec l'abonnement Blueprint.<\/li>\n<li>Les contr\u00f4les prennent en charge la virtualisation de l'interface utilisateur.<\/li>\n<li>Soutien au moment de la conception.<\/li>\n<li>Conforme \u00e0 CLS, n'utilise pas de blocs non s\u00e9curis\u00e9s. Aucune autorisation sp\u00e9ciale n'est requise, il peut \u00eatre ex\u00e9cut\u00e9 dans le cadre de jeux d'autorisations limit\u00e9s.<\/li>\n<li>Bas\u00e9 sur un mod\u00e8le d'objet flexible et extensible, avec des \u00e9l\u00e9ments visuels modulaires et r\u00e9utilisables.<\/li>\n<li>Prend en charge l'infrastructure de commande WPF.<\/li>\n<li>Une documentation compl\u00e8te, enti\u00e8rement int\u00e9gr\u00e9e \u00e0 Visual Studio, est fournie.<\/li>\n<li>Prise en charge de l'encrage de droite \u00e0 gauche.<\/li>\n<li>Prise en charge des param\u00e8tres r\u00e9gionaux, y compris les nombres, le type d'argent, les dates, etc.<\/li>\n<li>Toutes les erreurs sont g\u00e9r\u00e9es par les classes d'exception .NET.<\/li>\n<li>Il peut \u00e9galement \u00eatre utilis\u00e9 dans vos applications Windows Forms.<\/li>\n<\/ul>\t\t\t\t\t\t\t\t<\/div>\n\t\t\t\t<\/div>\n\t\t\t\t<\/div>\n\t\t<div id=\"e-n-tab-content-1166613482\" role=\"tabpanel\" aria-labelledby=\"e-n-tab-title-1166613482\" data-tab-index=\"2\" style=\"--n-tabs-title-order: 2;\" class=\"elementor-element elementor-element-db8a0f0 e-con-full e-flex e-con e-child\" data-id=\"db8a0f0\" data-element_type=\"container\" data-e-type=\"container\">\n\t\t\t\t<div class=\"elementor-element elementor-element-b2a5273 elementor-widget elementor-widget-text-editor\" data-id=\"b2a5273\" data-element_type=\"widget\" data-e-type=\"widget\" data-widget_type=\"text-editor.default\">\n\t\t\t\t<div class=\"elementor-widget-container\">\n\t\t\t\t\t\t\t\t\t<ul>\n \t<li>Inclut Xceed DataGrid for WPF, la grille de donn\u00e9es la plus puissante et la plus utilis\u00e9e pour WPF. 100% stylable et templatable, et propose une riche \u00e9dition sur place, un regroupement puissant et des vues ma\u00eetre\/d\u00e9tail hi\u00e9rarchiques, une virtualisation des donn\u00e9es sans d\u00e9calage, et bien d'autres fonctionnalit\u00e9s.<\/li>\n \t<li>Inclut Xceed Toolkit Plus pour WPF, qui fournit 93 contr\u00f4les d'interface utilisateur, panneaux et th\u00e8mes. Il s'agit de la bo\u00eete \u00e0 outils de contr\u00f4le WPF num\u00e9ro un pour la cr\u00e9ation d'applications Windows de nouvelle g\u00e9n\u00e9ration.<\/li>\n \t<li>Inclut Xceed Pro Themes for WPF, qui vous permet de th\u00e9matiser l'ensemble de votre application WPF en quelques minutes seulement. Fournit 11 th\u00e8mes m\u00e9ticuleusement cr\u00e9\u00e9s et soutenus par les \u00e9quipes de graphistes et de concepteurs techniques WPF exp\u00e9riment\u00e9s de Xceed.<\/li>\n<\/ul>\t\t\t\t\t\t\t\t<\/div>\n\t\t\t\t<\/div>\n\t\t\t\t<\/div>\n\t\t\t\t\t<\/div>\n\t\t<\/div>\n\t\t\t\t\t\t<\/div>\n\t\t\t\t<\/div>\n\t\t\t\t<\/div>\n\t\t\t\t\t<\/div>\n\t\t\t\t<\/div>\n\t\t\t\t<\/div>","protected":false},"excerpt":{"rendered":"<p class=\"p1\">Un ensemble de 117 contr\u00f4les, panneaux et th\u00e8mes WPF performants, incluant le populaire datagrid WPF. Appuy\u00e9 par un support r\u00e9actif pour assurer votre enti\u00e8re satisfaction.<\/p>","protected":false},"featured_media":388,"template":"","meta":{"_acf_changed":false},"product_brand":[],"product_cat":[28],"product_tag":[],"class_list":{"0":"post-383","1":"product","2":"type-product","3":"status-publish","4":"has-post-thumbnail","6":"product_cat-suite","8":"first","9":"instock","10":"taxable","11":"shipping-taxable","12":"purchasable","13":"product-type-variable"},"acf":[],"yoast_head":"<!-- This site is optimized with the Yoast SEO plugin v27.4 - https:\/\/yoast.com\/product\/yoast-seo-wordpress\/ -->\n<title>High Performance WPF Controls, Datagrid, Charts, Panels &amp; Themes | Xceed<\/title>\n<meta name=\"description\" content=\"Discover our Business Suite complete with 117 WPF controls, 11 WPF themes and our renowned WPF datagrid. Enjoy 93 UI panel controls in the #1 WPF toolkit.\" \/>\n<meta name=\"robots\" content=\"index, follow, max-snippet:-1, max-image-preview:large, max-video-preview:-1\" \/>\n<link rel=\"canonical\" href=\"https:\/\/xceed.com\/fr\/produits\/suite\/suite-daffaires\/\" \/>\n<meta property=\"og:locale\" content=\"fr_CA\" \/>\n<meta property=\"og:type\" content=\"article\" \/>\n<meta property=\"og:title\" content=\"High Performance WPF Controls, Datagrid, Charts, Panels &amp; Themes | Xceed\" \/>\n<meta property=\"og:description\" content=\"Discover our Business Suite complete with 117 WPF controls, 11 WPF themes and our renowned WPF datagrid. Enjoy 93 UI panel controls in the #1 WPF toolkit.\" \/>\n<meta property=\"og:url\" content=\"https:\/\/xceed.com\/fr\/produits\/suite\/suite-daffaires\/\" \/>\n<meta property=\"og:site_name\" content=\"Xceed\" \/>\n<meta property=\"article:modified_time\" content=\"2026-03-20T18:06:10+00:00\" \/>\n<meta property=\"og:image\" content=\"https:\/\/xceed.com\/wp-content\/uploads\/2024\/04\/business-suite.png\" \/>\n\t<meta property=\"og:image:width\" content=\"500\" \/>\n\t<meta property=\"og:image:height\" content=\"500\" \/>\n\t<meta property=\"og:image:type\" content=\"image\/png\" \/>\n<meta name=\"twitter:card\" content=\"summary_large_image\" \/>\n<meta name=\"twitter:label1\" content=\"Est. reading time\" \/>\n\t<meta name=\"twitter:data1\" content=\"4 minutes\" \/>\n<script type=\"application\/ld+json\" class=\"yoast-schema-graph\">{\"@context\":\"https:\\\/\\\/schema.org\",\"@graph\":[{\"@type\":\"WebPage\",\"@id\":\"https:\\\/\\\/xceed.com\\\/products\\\/suite\\\/business-suite\\\/\",\"url\":\"https:\\\/\\\/xceed.com\\\/products\\\/suite\\\/business-suite\\\/\",\"name\":\"High Performance WPF Controls, Datagrid, Charts, Panels & Themes | Xceed\",\"isPartOf\":{\"@id\":\"https:\\\/\\\/xceed.com\\\/fr\\\/#website\"},\"primaryImageOfPage\":{\"@id\":\"https:\\\/\\\/xceed.com\\\/products\\\/suite\\\/business-suite\\\/#primaryimage\"},\"image\":{\"@id\":\"https:\\\/\\\/xceed.com\\\/products\\\/suite\\\/business-suite\\\/#primaryimage\"},\"thumbnailUrl\":\"https:\\\/\\\/xceed.com\\\/wp-content\\\/uploads\\\/2024\\\/04\\\/business-suite.png\",\"datePublished\":\"2024-04-16T23:45:45+00:00\",\"dateModified\":\"2026-03-20T18:06:10+00:00\",\"description\":\"Discover our Business Suite complete with 117 WPF controls, 11 WPF themes and our renowned WPF datagrid. Enjoy 93 UI panel controls in the #1 WPF toolkit.\",\"breadcrumb\":{\"@id\":\"https:\\\/\\\/xceed.com\\\/products\\\/suite\\\/business-suite\\\/#breadcrumb\"},\"inLanguage\":\"fr-CA\",\"potentialAction\":[{\"@type\":\"ReadAction\",\"target\":[\"https:\\\/\\\/xceed.com\\\/products\\\/suite\\\/business-suite\\\/\"]}]},{\"@type\":\"ImageObject\",\"inLanguage\":\"fr-CA\",\"@id\":\"https:\\\/\\\/xceed.com\\\/products\\\/suite\\\/business-suite\\\/#primaryimage\",\"url\":\"https:\\\/\\\/xceed.com\\\/wp-content\\\/uploads\\\/2024\\\/04\\\/business-suite.png\",\"contentUrl\":\"https:\\\/\\\/xceed.com\\\/wp-content\\\/uploads\\\/2024\\\/04\\\/business-suite.png\",\"width\":500,\"height\":500},{\"@type\":\"BreadcrumbList\",\"@id\":\"https:\\\/\\\/xceed.com\\\/products\\\/suite\\\/business-suite\\\/#breadcrumb\",\"itemListElement\":[{\"@type\":\"ListItem\",\"position\":1,\"name\":\"Home\",\"item\":\"https:\\\/\\\/xceed.com\\\/\"},{\"@type\":\"ListItem\",\"position\":2,\"name\":\"Business Suite\"}]},{\"@type\":\"WebSite\",\"@id\":\"https:\\\/\\\/xceed.com\\\/fr\\\/#website\",\"url\":\"https:\\\/\\\/xceed.com\\\/fr\\\/\",\"name\":\"Xceed\",\"description\":\"Provides tools for .NET, Windows Forms, WPF, Silverlight, and ASP.NET developers to create better applications.\",\"publisher\":{\"@id\":\"https:\\\/\\\/xceed.com\\\/fr\\\/#organization\"},\"potentialAction\":[{\"@type\":\"SearchAction\",\"target\":{\"@type\":\"EntryPoint\",\"urlTemplate\":\"https:\\\/\\\/xceed.com\\\/fr\\\/?s={search_term_string}\"},\"query-input\":{\"@type\":\"PropertyValueSpecification\",\"valueRequired\":true,\"valueName\":\"search_term_string\"}}],\"inLanguage\":\"fr-CA\"},{\"@type\":\"Organization\",\"@id\":\"https:\\\/\\\/xceed.com\\\/fr\\\/#organization\",\"name\":\"Xceed\",\"url\":\"https:\\\/\\\/xceed.com\\\/fr\\\/\",\"logo\":{\"@type\":\"ImageObject\",\"inLanguage\":\"fr-CA\",\"@id\":\"https:\\\/\\\/xceed.com\\\/fr\\\/#\\\/schema\\\/logo\\\/image\\\/\",\"url\":\"https:\\\/\\\/xceed.com\\\/wp-content\\\/uploads\\\/2024\\\/04\\\/cropped-xceed-logo.png\",\"contentUrl\":\"https:\\\/\\\/xceed.com\\\/wp-content\\\/uploads\\\/2024\\\/04\\\/cropped-xceed-logo.png\",\"width\":609,\"height\":150,\"caption\":\"Xceed\"},\"image\":{\"@id\":\"https:\\\/\\\/xceed.com\\\/fr\\\/#\\\/schema\\\/logo\\\/image\\\/\"}}]}<\/script>\n<!-- \/ Yoast SEO plugin. -->","yoast_head_json":{"title":"Contr\u00f4les WPF haute performance, Datagrid, Charts, Panels &amp; Themes | Xceed","description":"D\u00e9couvrez notre Business Suite avec 117 contr\u00f4les WPF, 11 th\u00e8mes WPF et notre c\u00e9l\u00e8bre grille de donn\u00e9es WPF. Profitez de 93 contr\u00f4les de panneaux d'interface utilisateur dans la bo\u00eete \u00e0 outils WPF #1.","robots":{"index":"index","follow":"follow","max-snippet":"max-snippet:-1","max-image-preview":"max-image-preview:large","max-video-preview":"max-video-preview:-1"},"canonical":"https:\/\/xceed.com\/fr\/produits\/suite\/suite-daffaires\/","og_locale":"fr_CA","og_type":"article","og_title":"High Performance WPF Controls, Datagrid, Charts, Panels & Themes | Xceed","og_description":"Discover our Business Suite complete with 117 WPF controls, 11 WPF themes and our renowned WPF datagrid. Enjoy 93 UI panel controls in the #1 WPF toolkit.","og_url":"https:\/\/xceed.com\/fr\/produits\/suite\/suite-daffaires\/","og_site_name":"Xceed","article_modified_time":"2026-03-20T18:06:10+00:00","og_image":[{"width":500,"height":500,"url":"https:\/\/xceed.com\/wp-content\/uploads\/2024\/04\/business-suite.png","type":"image\/png"}],"twitter_card":"summary_large_image","twitter_misc":{"Est. reading time":"4 minutes"},"schema":{"@context":"https:\/\/schema.org","@graph":[{"@type":"WebPage","@id":"https:\/\/xceed.com\/products\/suite\/business-suite\/","url":"https:\/\/xceed.com\/products\/suite\/business-suite\/","name":"Contr\u00f4les WPF haute performance, Datagrid, Charts, Panels &amp; Themes | Xceed","isPartOf":{"@id":"https:\/\/xceed.com\/fr\/#website"},"primaryImageOfPage":{"@id":"https:\/\/xceed.com\/products\/suite\/business-suite\/#primaryimage"},"image":{"@id":"https:\/\/xceed.com\/products\/suite\/business-suite\/#primaryimage"},"thumbnailUrl":"https:\/\/xceed.com\/wp-content\/uploads\/2024\/04\/business-suite.png","datePublished":"2024-04-16T23:45:45+00:00","dateModified":"2026-03-20T18:06:10+00:00","description":"D\u00e9couvrez notre Business Suite avec 117 contr\u00f4les WPF, 11 th\u00e8mes WPF et notre c\u00e9l\u00e8bre grille de donn\u00e9es WPF. Profitez de 93 contr\u00f4les de panneaux d'interface utilisateur dans la bo\u00eete \u00e0 outils WPF #1.","breadcrumb":{"@id":"https:\/\/xceed.com\/products\/suite\/business-suite\/#breadcrumb"},"inLanguage":"fr-CA","potentialAction":[{"@type":"ReadAction","target":["https:\/\/xceed.com\/products\/suite\/business-suite\/"]}]},{"@type":"ImageObject","inLanguage":"fr-CA","@id":"https:\/\/xceed.com\/products\/suite\/business-suite\/#primaryimage","url":"https:\/\/xceed.com\/wp-content\/uploads\/2024\/04\/business-suite.png","contentUrl":"https:\/\/xceed.com\/wp-content\/uploads\/2024\/04\/business-suite.png","width":500,"height":500},{"@type":"BreadcrumbList","@id":"https:\/\/xceed.com\/products\/suite\/business-suite\/#breadcrumb","itemListElement":[{"@type":"ListItem","position":1,"name":"Home","item":"https:\/\/xceed.com\/"},{"@type":"ListItem","position":2,"name":"Business Suite"}]},{"@type":"WebSite","@id":"https:\/\/xceed.com\/fr\/#website","url":"https:\/\/xceed.com\/fr\/","name":"Xceed","description":"Fournit des outils aux d\u00e9veloppeurs .NET, Windows Forms, WPF, Silverlight et ASP.NET pour cr\u00e9er de meilleures applications.","publisher":{"@id":"https:\/\/xceed.com\/fr\/#organization"},"potentialAction":[{"@type":"SearchAction","target":{"@type":"EntryPoint","urlTemplate":"https:\/\/xceed.com\/fr\/?s={search_term_string}"},"query-input":{"@type":"PropertyValueSpecification","valueRequired":true,"valueName":"search_term_string"}}],"inLanguage":"fr-CA"},{"@type":"Organization","@id":"https:\/\/xceed.com\/fr\/#organization","name":"Xceed","url":"https:\/\/xceed.com\/fr\/","logo":{"@type":"ImageObject","inLanguage":"fr-CA","@id":"https:\/\/xceed.com\/fr\/#\/schema\/logo\/image\/","url":"https:\/\/xceed.com\/wp-content\/uploads\/2024\/04\/cropped-xceed-logo.png","contentUrl":"https:\/\/xceed.com\/wp-content\/uploads\/2024\/04\/cropped-xceed-logo.png","width":609,"height":150,"caption":"Xceed"},"image":{"@id":"https:\/\/xceed.com\/fr\/#\/schema\/logo\/image\/"}}]}},"_links":{"self":[{"href":"https:\/\/xceed.com\/fr\/wp-json\/wp\/v2\/product\/383","targetHints":{"allow":["GET"]}}],"collection":[{"href":"https:\/\/xceed.com\/fr\/wp-json\/wp\/v2\/product"}],"about":[{"href":"https:\/\/xceed.com\/fr\/wp-json\/wp\/v2\/types\/product"}],"version-history":[{"count":0,"href":"https:\/\/xceed.com\/fr\/wp-json\/wp\/v2\/product\/383\/revisions"}],"wp:featuredmedia":[{"embeddable":true,"href":"https:\/\/xceed.com\/fr\/wp-json\/wp\/v2\/media\/388"}],"wp:attachment":[{"href":"https:\/\/xceed.com\/fr\/wp-json\/wp\/v2\/media?parent=383"}],"wp:term":[{"taxonomy":"product_brand","embeddable":true,"href":"https:\/\/xceed.com\/fr\/wp-json\/wp\/v2\/product_brand?post=383"},{"taxonomy":"product_cat","embeddable":true,"href":"https:\/\/xceed.com\/fr\/wp-json\/wp\/v2\/product_cat?post=383"},{"taxonomy":"product_tag","embeddable":true,"href":"https:\/\/xceed.com\/fr\/wp-json\/wp\/v2\/product_tag?post=383"}],"curies":[{"name":"wp","href":"https:\/\/api.w.org\/{rel}","templated":true}]}}