{"id":1286,"date":"2024-06-17T04:53:34","date_gmt":"2024-06-17T04:53:34","guid":{"rendered":"http:\/\/localhost:10003\/?post_type=product&#038;p=1286"},"modified":"2025-05-06T04:45:38","modified_gmt":"2025-05-06T04:45:38","slug":"fenetres-dancrage-pour-winforms","status":"publish","type":"product","link":"https:\/\/xceed.com\/fr\/products\/winforms-activex\/docking-windows-for-winforms\/","title":{"rendered":"Docking Windows pour WinForms"},"content":{"rendered":"<div data-elementor-type=\"product-post\" data-elementor-id=\"1286\" class=\"elementor elementor-1286\" data-elementor-post-type=\"product\">\n\t\t\t\t<div class=\"elementor-element elementor-element-1deb9c00 e-flex e-con-boxed e-con e-parent\" data-id=\"1deb9c00\" data-element_type=\"container\" data-e-type=\"container\">\n\t\t\t\t\t<div class=\"e-con-inner\">\n\t\t\t\t<div class=\"elementor-element elementor-element-5371b6e6 elementor-widget elementor-widget-text-editor\" data-id=\"5371b6e6\" data-element_type=\"widget\" data-e-type=\"widget\" data-widget_type=\"text-editor.default\">\n\t\t\t\t<div class=\"elementor-widget-container\">\n\t\t\t\t\t\t\t\t\t<p data-fontsize=\"18\" data-lineheight=\"27\">Donnez \u00e0 vos applications Windows Forms la possibilit\u00e9 d'ancrer et de faire flotter les fen\u00eatres, de cr\u00e9er des panneaux qui se masquent automatiquement, de regrouper les fen\u00eatres dans des onglets, et bien plus encore. Riche en fonctionnalit\u00e9s et facile \u00e0 utiliser. Soutenu par une \u00e9quipe d'assistance r\u00e9active.<\/p>\r\n\r\n<ul>\r\n \t<li>Mise en place facile<\/li>\r\n \t<li>Sauvegarde et chargement des pr\u00e9sentations de fen\u00eatres<\/li>\r\n \t<li>Compatible avec les liaisons de donn\u00e9es<\/li>\r\n<\/ul>\r\nUne partie de\u00a0<a href=\"https:\/\/xceed.com\/en\/our-products\/product\/ultimate-suite\" target=\"_blank\" rel=\"noopener noreferrer\">Xceed Ultimate Suite<\/a>\r\n\r\n&nbsp;\r\n<p data-fontsize=\"18\" data-lineheight=\"27\">Ancrer et faire flotter les fen\u00eatres, les masquer automatiquement et les regrouper dans des onglets. Recr\u00e9e les fonctionnalit\u00e9s et l'aspect de l'interface des fen\u00eatres d'ancrage de Visual Studio.  Les conteneurs permettent d'utiliser n'importe quel contr\u00f4le .NET.<\/p>\r\nIl fournit un mod\u00e8le d'objet logique et intuitif, ainsi qu'un contr\u00f4le programmatique complet de toutes les fonctionnalit\u00e9s de l'interface utilisateur.\t\t\t\t\t\t\t\t<\/div>\n\t\t\t\t<\/div>\n\t\t<div class=\"elementor-element elementor-element-b0854a5 e-con-full e-flex e-con e-child\" data-id=\"b0854a5\" data-element_type=\"container\" data-e-type=\"container\">\n\t\t\t\t<div class=\"elementor-element elementor-element-2974230 e-n-tabs-mobile elementor-widget elementor-widget-n-tabs\" data-id=\"2974230\" data-element_type=\"widget\" data-e-type=\"widget\" data-widget_type=\"nested-tabs.default\">\n\t\t\t\t<div class=\"elementor-widget-container\">\n\t\t\t\t\t\t\t<div class=\"e-n-tabs\" data-widget-number=\"43467312\" aria-label=\"Onglets. Ouvrez des \u00e9l\u00e9ments avec Enter ou Space, fermez-les avec Escape et naviguez \u00e0 l&#039;aide des touches fl\u00e9ch\u00e9es.\">\n\t\t\t<div class=\"e-n-tabs-heading\" role=\"tablist\">\n\t\t\t\t\t<button id=\"e-n-tab-title-434673121\" data-tab-title-id=\"e-n-tab-title-434673121\" class=\"e-n-tab-title\" aria-selected=\"true\" data-tab-index=\"1\" role=\"tab\" tabindex=\"0\" aria-controls=\"e-n-tab-content-434673121\" style=\"--n-tabs-title-order: 1;\">\n\t\t\t\t\t\t<span class=\"e-n-tab-title-text\">\n\t\t\t\tTechnologie .NET\t\t\t<\/span>\n\t\t<\/button>\n\t\t\t\t<button id=\"e-n-tab-title-434673122\" data-tab-title-id=\"e-n-tab-title-434673122\" class=\"e-n-tab-title\" aria-selected=\"false\" data-tab-index=\"2\" role=\"tab\" tabindex=\"-1\" aria-controls=\"e-n-tab-content-434673122\" style=\"--n-tabs-title-order: 2;\">\n\t\t\t\t\t\t<span class=\"e-n-tab-title-text\">\n\t\t\t\tPrincipales caract\u00e9ristiques\t\t\t<\/span>\n\t\t<\/button>\n\t\t\t\t<button id=\"e-n-tab-title-434673123\" data-tab-title-id=\"e-n-tab-title-434673123\" class=\"e-n-tab-title\" aria-selected=\"false\" data-tab-index=\"3\" role=\"tab\" tabindex=\"-1\" aria-controls=\"e-n-tab-content-434673123\" style=\"--n-tabs-title-order: 3;\">\n\t\t\t\t\t\t<span class=\"e-n-tab-title-text\">\n\t\t\t\tCaract\u00e9ristiques suppl\u00e9mentaires\t\t\t<\/span>\n\t\t<\/button>\n\t\t\t\t\t<\/div>\n\t\t\t<div class=\"e-n-tabs-content\">\n\t\t\t\t<div id=\"e-n-tab-content-434673121\" role=\"tabpanel\" aria-labelledby=\"e-n-tab-title-434673121\" data-tab-index=\"1\" style=\"--n-tabs-title-order: 1;\" class=\"e-active elementor-element elementor-element-9159be1 e-con-full e-flex e-con e-child\" data-id=\"9159be1\" data-element_type=\"container\" data-e-type=\"container\">\n\t\t\t\t<div class=\"elementor-element elementor-element-c2d4c8f elementor-widget elementor-widget-text-editor\" data-id=\"c2d4c8f\" data-element_type=\"widget\" data-e-type=\"widget\" data-widget_type=\"text-editor.default\">\n\t\t\t\t<div class=\"elementor-widget-container\">\n\t\t\t\t\t\t\t\t\t<ul>\n<li>Enti\u00e8rement \u00e9crit en code C# g\u00e9r\u00e9. Le code source est fourni avec l'abonnement \u00e0 Blueprint.<\/li>\n<li>Comprend des \u00e9chantillons VB.NET et C# pour Visual Studio.<\/li>\n<li>Conception orient\u00e9e objet cr\u00e9\u00e9e exclusivement pour le d\u00e9veloppement de Windows Forms .NET.<\/li>\n<li>Documentation compl\u00e8te enti\u00e8rement int\u00e9gr\u00e9e \u00e0 Visual Studio.<\/li>\n<li>Toutes les erreurs sont g\u00e9r\u00e9es par les classes d'exception .NET.<\/li>\n<li>Conforme \u00e0 la sp\u00e9cification CLS (Common Language Specification).<\/li>\n<li>N'utilise pas de blocs non s\u00e9curis\u00e9s pour minimiser les risques de s\u00e9curit\u00e9.<\/li>\n<li>S'int\u00e8gre bien dans les tableaux de bord et les logiciels de veille strat\u00e9gique.<\/li>\n<\/ul>\t\t\t\t\t\t\t\t<\/div>\n\t\t\t\t<\/div>\n\t\t\t\t<\/div>\n\t\t<div id=\"e-n-tab-content-434673122\" role=\"tabpanel\" aria-labelledby=\"e-n-tab-title-434673122\" data-tab-index=\"2\" style=\"--n-tabs-title-order: 2;\" class=\"elementor-element elementor-element-6ebfa4e e-flex e-con-boxed e-con e-child\" data-id=\"6ebfa4e\" data-element_type=\"container\" data-e-type=\"container\">\n\t\t\t\t\t<div class=\"e-con-inner\">\n\t\t\t\t<div class=\"elementor-element elementor-element-c0e7e15 elementor-widget elementor-widget-text-editor\" data-id=\"c0e7e15\" data-element_type=\"widget\" data-e-type=\"widget\" data-widget_type=\"text-editor.default\">\n\t\t\t\t<div class=\"elementor-widget-container\">\n\t\t\t\t\t\t\t\t\t<ul>\n<li>Cr\u00e9ez des fen\u00eatres qui peuvent \u00eatre ancr\u00e9es, flottantes ou group\u00e9es par onglets, selon vos besoins.<\/li>\n<li>La fonction d'occultation automatique vous permet de garder les fen\u00eatres hors de port\u00e9e.<\/li>\n<li>Aspect et comportement exacts de l'interface des fen\u00eatres d'ancrage de Visual Studio.<\/li>\n<li>Contr\u00f4le programmatique complet de toutes les fonctions de l'interface utilisateur.<\/li>\n<li>Prend en charge les applications MDI.<\/li>\n<li>Prend en charge la MDI \u00e0 onglets. Un clic droit sur un onglet fait appara\u00eetre toutes les options attendues (flotter, ancrer, masquer automatiquement, cacher). Control-tab affiche la fen\u00eatre pop-up pr\u00e9vue avec la liste des destinations de control-tab.<\/li>\n<\/ul>\t\t\t\t\t\t\t\t<\/div>\n\t\t\t\t<\/div>\n\t\t\t\t\t<\/div>\n\t\t\t\t<\/div>\n\t\t<div id=\"e-n-tab-content-434673123\" role=\"tabpanel\" aria-labelledby=\"e-n-tab-title-434673123\" data-tab-index=\"3\" style=\"--n-tabs-title-order: 3;\" class=\"elementor-element elementor-element-a8be190 e-flex e-con-boxed e-con e-child\" data-id=\"a8be190\" data-element_type=\"container\" data-e-type=\"container\">\n\t\t\t\t\t<div class=\"e-con-inner\">\n\t\t\t\t<div class=\"elementor-element elementor-element-3d6b934 elementor-widget elementor-widget-text-editor\" data-id=\"3d6b934\" data-element_type=\"widget\" data-e-type=\"widget\" data-widget_type=\"text-editor.default\">\n\t\t\t\t<div class=\"elementor-widget-container\">\n\t\t\t\t\t\t\t\t\t<ul>\n<li>D\u00e9sancrer un groupe entier de fen\u00eatres en une seule fois dans un groupe d'onglets flottants.<\/li>\n<li>Accrocher une fen\u00eatre \u00e0 une fen\u00eatre flottante, et pas seulement \u00e0 la fen\u00eatre principale.<\/li>\n<li>Onglets verticaux ou horizontaux pour les fen\u00eatres masqu\u00e9es automatiquement, en fonction de l'emplacement.<\/li>\n<li>\u00c9pinglez et d\u00e9s\u00e9pinglez les fen\u00eatres pour activer ou d\u00e9sactiver le masquage automatique.<\/li>\n<li>Faites glisser un onglet pour ouvrir une fen\u00eatre group\u00e9e par onglets.<\/li>\n<li>Les fen\u00eatres ancr\u00e9es sont redimensionn\u00e9es proportionnellement au formulaire principal.<\/li>\n<li>Compatible avec la liaison de donn\u00e9es : le contexte de donn\u00e9es de l'application est propag\u00e9 \u00e0 chaque fen\u00eatre.<\/li>\n<li>Sauvegarde et chargement des dispositions de fen\u00eatres.<\/li>\n<li>Attribuer des ic\u00f4nes aux onglets.<\/li>\n<li>D\u00e9finir la vitesse \u00e0 laquelle les fen\u00eatres d'outils \u00e0 masquage automatique sont affich\u00e9es ou affich\u00e9es.<\/li>\n<li>D\u00e9finir le d\u00e9lai avant l'affichage ou le masquage automatique des fen\u00eatres d'outils.<\/li>\n<li>Cr\u00e9ez autant de groupes de fen\u00eatres que vous le souhaitez, avec des onglets horizontaux ou verticaux.<\/li>\n<li>D\u00e9finir la largeur et la hauteur des onglets \u00e0 masquage automatique, ainsi que la hauteur des onglets de groupe.<\/li>\n<li>Modifier l'apparence de l'onglet s\u00e9lectionn\u00e9.<\/li>\n<li>Les fen\u00eatres se souviennent de mani\u00e8re fiable de leur derni\u00e8re position lorsqu'elles sont restaur\u00e9es.<\/li>\n<li>Double-cliquez sur la barre de titre pour basculer entre l'\u00e9tat ancr\u00e9 et l'\u00e9tat flottant.<\/li>\n<li>Modifier l'apparence des onglets de groupe, des cadres \u00e0 masquage automatique, des l\u00e9gendes et des barres de titre.<\/li>\n<li>Concevoir le contenu des fen\u00eatres comme s'il s'agissait d'un UserControl.<\/li>\n<li>Les fen\u00eatres peuvent \u00eatre facilement cr\u00e9\u00e9es directement \u00e0 partir des UserControls.<\/li>\n<li>Windows peut contenir n'importe quel contr\u00f4le .NET.<\/li>\n<li>Emp\u00eacher l'utilisateur final de changer l'\u00e9tat de la fen\u00eatre, par exemple de passer de l'\u00e9tat flottant \u00e0 l'\u00e9tat ancr\u00e9, etc.<\/li>\n<li>Sp\u00e9cifiez une zone de travail autour de laquelle les fen\u00eatres peuvent s'ancrer ou se regrouper.<\/li>\n<\/ul>\t\t\t\t\t\t\t\t<\/div>\n\t\t\t\t<\/div>\n\t\t\t\t\t<\/div>\n\t\t\t\t<\/div>\n\t\t\t\t\t<\/div>\n\t\t<\/div>\n\t\t\t\t\t\t<\/div>\n\t\t\t\t<\/div>\n\t\t\t\t<\/div>\n\t\t\t\t\t<\/div>\n\t\t\t\t<\/div>\n\t\t\t\t<\/div>","protected":false},"excerpt":{"rendered":"<p>Donnez \u00e0 vos applications Windows Forms la possibilit\u00e9 d'ancrer et de faire flotter les fen\u00eatres, de cr\u00e9er des panneaux qui se masquent automatiquement, de regrouper les fen\u00eatres dans des onglets, et bien plus encore. Riche en fonctionnalit\u00e9s et facile \u00e0 utiliser. Soutenu par une \u00e9quipe d'assistance r\u00e9active.<\/p>","protected":false},"featured_media":1287,"template":"","meta":{"_acf_changed":false},"product_brand":[],"product_cat":[19],"product_tag":[],"class_list":{"0":"post-1286","1":"product","2":"type-product","3":"status-publish","4":"has-post-thumbnail","6":"product_cat-winforms-activex","8":"first","9":"outofstock","10":"taxable","11":"shipping-taxable","12":"product-type-variable"},"acf":[],"yoast_head":"<!-- This site is optimized with the Yoast SEO plugin v27.5 - https:\/\/yoast.com\/product\/yoast-seo-wordpress\/ -->\n<title>Docking Windows for WinForms - Xceed<\/title>\n<meta name=\"robots\" content=\"index, follow, max-snippet:-1, max-image-preview:large, max-video-preview:-1\" \/>\n<link rel=\"canonical\" href=\"https:\/\/xceed.com\/fr\/produits\/winforms-activex\/fenetres-dancrage-pour-winforms\/\" \/>\n<meta property=\"og:locale\" content=\"fr_CA\" \/>\n<meta property=\"og:type\" content=\"article\" \/>\n<meta property=\"og:title\" content=\"Docking Windows for WinForms - Xceed\" \/>\n<meta property=\"og:description\" content=\"Give your Windows Forms apps the ability to dock and float windows, make panels that auto-hide, group windows into tabs, and more. Feature rich, and easy to use. Backed by a responsive support team.\" \/>\n<meta property=\"og:url\" content=\"https:\/\/xceed.com\/fr\/produits\/winforms-activex\/fenetres-dancrage-pour-winforms\/\" \/>\n<meta property=\"og:site_name\" content=\"Xceed\" \/>\n<meta property=\"article:modified_time\" content=\"2025-05-06T04:45:38+00:00\" \/>\n<meta property=\"og:image\" content=\"https:\/\/xceed.com\/wp-content\/uploads\/2024\/06\/Product-Docking-Windows-for-WinForms.png\" \/>\n\t<meta property=\"og:image:width\" content=\"1500\" \/>\n\t<meta property=\"og:image:height\" content=\"1500\" \/>\n\t<meta property=\"og:image:type\" content=\"image\/png\" \/>\n<meta name=\"twitter:card\" content=\"summary_large_image\" \/>\n<meta name=\"twitter:label1\" content=\"Est. reading time\" \/>\n\t<meta name=\"twitter:data1\" content=\"4 minutes\" \/>\n<script type=\"application\/ld+json\" class=\"yoast-schema-graph\">{\"@context\":\"https:\\\/\\\/schema.org\",\"@graph\":[{\"@type\":\"WebPage\",\"@id\":\"https:\\\/\\\/xceed.com\\\/products\\\/winforms-activex\\\/docking-windows-for-winforms\\\/\",\"url\":\"https:\\\/\\\/xceed.com\\\/products\\\/winforms-activex\\\/docking-windows-for-winforms\\\/\",\"name\":\"Docking Windows for WinForms - Xceed\",\"isPartOf\":{\"@id\":\"https:\\\/\\\/xceed.com\\\/fr\\\/#website\"},\"primaryImageOfPage\":{\"@id\":\"https:\\\/\\\/xceed.com\\\/products\\\/winforms-activex\\\/docking-windows-for-winforms\\\/#primaryimage\"},\"image\":{\"@id\":\"https:\\\/\\\/xceed.com\\\/products\\\/winforms-activex\\\/docking-windows-for-winforms\\\/#primaryimage\"},\"thumbnailUrl\":\"https:\\\/\\\/xceed.com\\\/wp-content\\\/uploads\\\/2024\\\/06\\\/Product-Docking-Windows-for-WinForms.png\",\"datePublished\":\"2024-06-17T04:53:34+00:00\",\"dateModified\":\"2025-05-06T04:45:38+00:00\",\"breadcrumb\":{\"@id\":\"https:\\\/\\\/xceed.com\\\/products\\\/winforms-activex\\\/docking-windows-for-winforms\\\/#breadcrumb\"},\"inLanguage\":\"fr-CA\",\"potentialAction\":[{\"@type\":\"ReadAction\",\"target\":[\"https:\\\/\\\/xceed.com\\\/products\\\/winforms-activex\\\/docking-windows-for-winforms\\\/\"]}]},{\"@type\":\"ImageObject\",\"inLanguage\":\"fr-CA\",\"@id\":\"https:\\\/\\\/xceed.com\\\/products\\\/winforms-activex\\\/docking-windows-for-winforms\\\/#primaryimage\",\"url\":\"https:\\\/\\\/xceed.com\\\/wp-content\\\/uploads\\\/2024\\\/06\\\/Product-Docking-Windows-for-WinForms.png\",\"contentUrl\":\"https:\\\/\\\/xceed.com\\\/wp-content\\\/uploads\\\/2024\\\/06\\\/Product-Docking-Windows-for-WinForms.png\",\"width\":1500,\"height\":1500},{\"@type\":\"BreadcrumbList\",\"@id\":\"https:\\\/\\\/xceed.com\\\/products\\\/winforms-activex\\\/docking-windows-for-winforms\\\/#breadcrumb\",\"itemListElement\":[{\"@type\":\"ListItem\",\"position\":1,\"name\":\"Home\",\"item\":\"https:\\\/\\\/xceed.com\\\/\"},{\"@type\":\"ListItem\",\"position\":2,\"name\":\"Docking Windows for WinForms\"}]},{\"@type\":\"WebSite\",\"@id\":\"https:\\\/\\\/xceed.com\\\/fr\\\/#website\",\"url\":\"https:\\\/\\\/xceed.com\\\/fr\\\/\",\"name\":\"Xceed\",\"description\":\"Provides tools for .NET, Windows Forms, WPF, Silverlight, and ASP.NET developers to create better applications.\",\"publisher\":{\"@id\":\"https:\\\/\\\/xceed.com\\\/fr\\\/#organization\"},\"potentialAction\":[{\"@type\":\"SearchAction\",\"target\":{\"@type\":\"EntryPoint\",\"urlTemplate\":\"https:\\\/\\\/xceed.com\\\/fr\\\/?s={search_term_string}\"},\"query-input\":{\"@type\":\"PropertyValueSpecification\",\"valueRequired\":true,\"valueName\":\"search_term_string\"}}],\"inLanguage\":\"fr-CA\"},{\"@type\":\"Organization\",\"@id\":\"https:\\\/\\\/xceed.com\\\/fr\\\/#organization\",\"name\":\"Xceed\",\"url\":\"https:\\\/\\\/xceed.com\\\/fr\\\/\",\"logo\":{\"@type\":\"ImageObject\",\"inLanguage\":\"fr-CA\",\"@id\":\"https:\\\/\\\/xceed.com\\\/fr\\\/#\\\/schema\\\/logo\\\/image\\\/\",\"url\":\"https:\\\/\\\/xceed.com\\\/wp-content\\\/uploads\\\/2024\\\/04\\\/cropped-xceed-logo.png\",\"contentUrl\":\"https:\\\/\\\/xceed.com\\\/wp-content\\\/uploads\\\/2024\\\/04\\\/cropped-xceed-logo.png\",\"width\":609,\"height\":150,\"caption\":\"Xceed\"},\"image\":{\"@id\":\"https:\\\/\\\/xceed.com\\\/fr\\\/#\\\/schema\\\/logo\\\/image\\\/\"}}]}<\/script>\n<!-- \/ Yoast SEO plugin. -->","yoast_head_json":{"title":"Fen\u00eatres d'ancrage pour WinForms - Xceed","robots":{"index":"index","follow":"follow","max-snippet":"max-snippet:-1","max-image-preview":"max-image-preview:large","max-video-preview":"max-video-preview:-1"},"canonical":"https:\/\/xceed.com\/fr\/produits\/winforms-activex\/fenetres-dancrage-pour-winforms\/","og_locale":"fr_CA","og_type":"article","og_title":"Docking Windows for WinForms - Xceed","og_description":"Give your Windows Forms apps the ability to dock and float windows, make panels that auto-hide, group windows into tabs, and more. Feature rich, and easy to use. Backed by a responsive support team.","og_url":"https:\/\/xceed.com\/fr\/produits\/winforms-activex\/fenetres-dancrage-pour-winforms\/","og_site_name":"Xceed","article_modified_time":"2025-05-06T04:45:38+00:00","og_image":[{"width":1500,"height":1500,"url":"https:\/\/xceed.com\/wp-content\/uploads\/2024\/06\/Product-Docking-Windows-for-WinForms.png","type":"image\/png"}],"twitter_card":"summary_large_image","twitter_misc":{"Est. reading time":"4 minutes"},"schema":{"@context":"https:\/\/schema.org","@graph":[{"@type":"WebPage","@id":"https:\/\/xceed.com\/products\/winforms-activex\/docking-windows-for-winforms\/","url":"https:\/\/xceed.com\/products\/winforms-activex\/docking-windows-for-winforms\/","name":"Fen\u00eatres d'ancrage pour WinForms - Xceed","isPartOf":{"@id":"https:\/\/xceed.com\/fr\/#website"},"primaryImageOfPage":{"@id":"https:\/\/xceed.com\/products\/winforms-activex\/docking-windows-for-winforms\/#primaryimage"},"image":{"@id":"https:\/\/xceed.com\/products\/winforms-activex\/docking-windows-for-winforms\/#primaryimage"},"thumbnailUrl":"https:\/\/xceed.com\/wp-content\/uploads\/2024\/06\/Product-Docking-Windows-for-WinForms.png","datePublished":"2024-06-17T04:53:34+00:00","dateModified":"2025-05-06T04:45:38+00:00","breadcrumb":{"@id":"https:\/\/xceed.com\/products\/winforms-activex\/docking-windows-for-winforms\/#breadcrumb"},"inLanguage":"fr-CA","potentialAction":[{"@type":"ReadAction","target":["https:\/\/xceed.com\/products\/winforms-activex\/docking-windows-for-winforms\/"]}]},{"@type":"ImageObject","inLanguage":"fr-CA","@id":"https:\/\/xceed.com\/products\/winforms-activex\/docking-windows-for-winforms\/#primaryimage","url":"https:\/\/xceed.com\/wp-content\/uploads\/2024\/06\/Product-Docking-Windows-for-WinForms.png","contentUrl":"https:\/\/xceed.com\/wp-content\/uploads\/2024\/06\/Product-Docking-Windows-for-WinForms.png","width":1500,"height":1500},{"@type":"BreadcrumbList","@id":"https:\/\/xceed.com\/products\/winforms-activex\/docking-windows-for-winforms\/#breadcrumb","itemListElement":[{"@type":"ListItem","position":1,"name":"Home","item":"https:\/\/xceed.com\/"},{"@type":"ListItem","position":2,"name":"Docking Windows for WinForms"}]},{"@type":"WebSite","@id":"https:\/\/xceed.com\/fr\/#website","url":"https:\/\/xceed.com\/fr\/","name":"Xceed","description":"Fournit des outils aux d\u00e9veloppeurs .NET, Windows Forms, WPF, Silverlight et ASP.NET pour cr\u00e9er de meilleures applications.","publisher":{"@id":"https:\/\/xceed.com\/fr\/#organization"},"potentialAction":[{"@type":"SearchAction","target":{"@type":"EntryPoint","urlTemplate":"https:\/\/xceed.com\/fr\/?s={search_term_string}"},"query-input":{"@type":"PropertyValueSpecification","valueRequired":true,"valueName":"search_term_string"}}],"inLanguage":"fr-CA"},{"@type":"Organization","@id":"https:\/\/xceed.com\/fr\/#organization","name":"Xceed","url":"https:\/\/xceed.com\/fr\/","logo":{"@type":"ImageObject","inLanguage":"fr-CA","@id":"https:\/\/xceed.com\/fr\/#\/schema\/logo\/image\/","url":"https:\/\/xceed.com\/wp-content\/uploads\/2024\/04\/cropped-xceed-logo.png","contentUrl":"https:\/\/xceed.com\/wp-content\/uploads\/2024\/04\/cropped-xceed-logo.png","width":609,"height":150,"caption":"Xceed"},"image":{"@id":"https:\/\/xceed.com\/fr\/#\/schema\/logo\/image\/"}}]}},"_links":{"self":[{"href":"https:\/\/xceed.com\/fr\/wp-json\/wp\/v2\/product\/1286","targetHints":{"allow":["GET"]}}],"collection":[{"href":"https:\/\/xceed.com\/fr\/wp-json\/wp\/v2\/product"}],"about":[{"href":"https:\/\/xceed.com\/fr\/wp-json\/wp\/v2\/types\/product"}],"version-history":[{"count":0,"href":"https:\/\/xceed.com\/fr\/wp-json\/wp\/v2\/product\/1286\/revisions"}],"wp:featuredmedia":[{"embeddable":true,"href":"https:\/\/xceed.com\/fr\/wp-json\/wp\/v2\/media\/1287"}],"wp:attachment":[{"href":"https:\/\/xceed.com\/fr\/wp-json\/wp\/v2\/media?parent=1286"}],"wp:term":[{"taxonomy":"product_brand","embeddable":true,"href":"https:\/\/xceed.com\/fr\/wp-json\/wp\/v2\/product_brand?post=1286"},{"taxonomy":"product_cat","embeddable":true,"href":"https:\/\/xceed.com\/fr\/wp-json\/wp\/v2\/product_cat?post=1286"},{"taxonomy":"product_tag","embeddable":true,"href":"https:\/\/xceed.com\/fr\/wp-json\/wp\/v2\/product_tag?post=1286"}],"curies":[{"name":"wp","href":"https:\/\/api.w.org\/{rel}","templated":true}]}}