{"id":2556,"date":"2025-01-02T15:39:04","date_gmt":"2025-01-02T15:39:04","guid":{"rendered":"https:\/\/xceed.com\/?page_id=2556"},"modified":"2025-02-06T14:45:15","modified_gmt":"2025-02-06T14:45:15","slug":"faq-sur-les-assertions-fluentes","status":"publish","type":"page","link":"https:\/\/xceed.com\/fr\/fluent-assertions-faq\/","title":{"rendered":"FAQ sur les assertions fluentes"},"content":{"rendered":"<h2 class=\"wp-block-heading has-text-align-center\">FAQ sur les assertions fluentes<\/h2>\n\n\n\n<p><\/p>\n\n\n\n<figure class=\"wp-block-image aligncenter size-large\"><img fetchpriority=\"high\" decoding=\"async\" width=\"1024\" height=\"237\" src=\"https:\/\/xceed.com\/wp-content\/uploads\/2025\/01\/Now-An-Xceed-partner-1024x237.png\" alt=\"\" class=\"wp-image-2586\" srcset=\"https:\/\/xceed.com\/wp-content\/uploads\/2025\/01\/Now-An-Xceed-partner-1024x237.png 1024w, https:\/\/xceed.com\/wp-content\/uploads\/2025\/01\/Now-An-Xceed-partner-300x70.png 300w, https:\/\/xceed.com\/wp-content\/uploads\/2025\/01\/Now-An-Xceed-partner-768x178.png 768w, https:\/\/xceed.com\/wp-content\/uploads\/2025\/01\/Now-An-Xceed-partner-18x4.png 18w, https:\/\/xceed.com\/wp-content\/uploads\/2025\/01\/Now-An-Xceed-partner-600x139.png 600w, https:\/\/xceed.com\/wp-content\/uploads\/2025\/01\/Now-An-Xceed-partner.png 1320w\" sizes=\"(max-width: 1024px) 100vw, 1024px\" \/><\/figure>\n\n\n\n<p class=\"has-text-align-center\"><br><\/p>\n\n\n\n<h5 class=\"wp-block-heading has-text-align-center\"><strong><mark style=\"background-color:rgba(0, 0, 0, 0)\" class=\"has-inline-color has-primary-color\">Vous trouverez ci-dessous les r\u00e9ponses aux questions fr\u00e9quemment pos\u00e9es pour vous aider \u00e0 maximiser votre exp\u00e9rience avec Fluent Assertions.<\/mark><\/strong><\/h5>\n\n\n\n<div style=\"height:43px\" aria-hidden=\"true\" class=\"wp-block-spacer\"><\/div>\n\n\n\n<div class=\"wp-block-group is-layout-constrained wp-block-group-is-layout-constrained\">\n<p class=\"has-text-align-left\"><strong>1. Quelle est la nature du partenariat entre Xceed et les cr\u00e9ateurs de Fluent Assertions ?<\/strong><\/p>\n\n\n\n<p class=\"has-text-align-left\">Xceed Software a conclu un partenariat strat\u00e9gique avec les cr\u00e9ateurs de la biblioth\u00e8que .NET open-source \"Fluent Assertions\". Ce partenariat implique le d\u00e9veloppement continu de la biblioth\u00e8que, avec pour objectif d'offrir \u00e0 la fois une version gratuite pour une utilisation non commerciale et une version commerciale pour les clients d'entreprise. Les cr\u00e9ateurs originaux de Fluent Assertions resteront activement impliqu\u00e9s dans le processus de d\u00e9veloppement, s'assurant que la biblioth\u00e8que continue \u00e0 se d\u00e9velopper en accord avec sa vision originale.<\/p>\n\n\n\n<div style=\"height:30px\" aria-hidden=\"true\" class=\"wp-block-spacer\"><\/div>\n\n\n\n<p><strong>2. Pourquoi les assertions fluentes sont-elles commercialis\u00e9es ?<\/strong><\/p>\n\n\n\n<p>La d\u00e9cision d'introduire une version commerciale de Fluent Assertions permet \u00e0 Xceed de fournir des fonctionnalit\u00e9s am\u00e9lior\u00e9es et un support de niveau entreprise qui sont essentiels pour les entreprises op\u00e9rant dans des environnements complexes. Ce mod\u00e8le commercial assure la durabilit\u00e9 du d\u00e9veloppement de la biblioth\u00e8que, lui permettant d'\u00e9voluer et de r\u00e9pondre aux demandes des utilisateurs de logiciels libres et des clients commerciaux.<\/p>\n\n\n\n<div style=\"height:30px\" aria-hidden=\"true\" class=\"wp-block-spacer\"><\/div>\n\n\n\n<p><strong>3. La version gratuite de Fluent Assertions sera-t-elle toujours disponible ?<\/strong><\/p>\n\n\n\n<p>Oui, la version gratuite de Fluent Assertions V8 et les suivantes resteront disponibles pour une utilisation non commerciale.  La version 7 restera enti\u00e8rement open-source ind\u00e9finiment et recevra des corrections de bogues et d'autres corrections importantes et continuera \u00e0 \u00eatre r\u00e9gie par la licence Apache 2.0 existante. Xceed et les cr\u00e9ateurs originaux s'engagent \u00e0 maintenir la nature open-source de la biblioth\u00e8que pour la communaut\u00e9 qui l'a soutenue au fil des ans.<\/p>\n\n\n\n<div style=\"height:30px\" aria-hidden=\"true\" class=\"wp-block-spacer\"><\/div>\n\n\n\n<p><strong>4. En quoi la version gratuite diff\u00e8re-t-elle de la version commerciale ?<\/strong><\/p>\n\n\n\n<p>Fluent Assertions V8 et plus sera le m\u00eame pour les clients gratuits et payants, avec les avantages suppl\u00e9mentaires pour les utilisateurs payants ; l'acc\u00e8s au support prioritaire, la consid\u00e9ration prioritaire pour les fonctionnalit\u00e9s et les corrections et le droit d'utilisation \u00e0 des fins commerciales ainsi que le support personnalis\u00e9 pour les besoins de l'entreprise. La V7 continuera d'\u00eatre gratuite et open source sans aucune nouvelle restriction, r\u00e9gie par la licence Apache 2.0.<\/p>\n\n\n\n<div style=\"height:30px\" aria-hidden=\"true\" class=\"wp-block-spacer\"><\/div>\n\n\n\n<p><strong>5. Que signifie ce partenariat pour les utilisateurs existants de Fluent Assertions ?<\/strong><\/p>\n\n\n\n<p>Les utilisateurs actuels peuvent continuer \u00e0 utiliser la version gratuite de Fluent Assertions sans aucun changement. Ceux qui ont besoin de fonctionnalit\u00e9s plus avanc\u00e9es ou d'un support d\u00e9di\u00e9 peuvent choisir de passer \u00e0 la version commerciale. L'implication de Xceed signifie \u00e9galement que tous les utilisateurs peuvent s'attendre \u00e0 des mises \u00e0 jour plus robustes et plus r\u00e9guli\u00e8res, \u00e0 une documentation am\u00e9lior\u00e9e et \u00e0 un meilleur support g\u00e9n\u00e9ral.<\/p>\n\n\n\n<div style=\"height:30px\" aria-hidden=\"true\" class=\"wp-block-spacer\"><\/div>\n\n\n\n<p><strong>6. Quel sera l'impact du partenariat sur la communaut\u00e9 des logiciels libres ?<\/strong><\/p>\n\n\n\n<p>Xceed et les cr\u00e9ateurs originaux de Fluent Assertions sont d\u00e9di\u00e9s au soutien de la communaut\u00e9 open-source. La biblioth\u00e8que restera open-source pour une utilisation non commerciale, et Xceed pr\u00e9voit de continuer \u00e0 s'engager avec la communaut\u00e9 en fournissant des ressources, de la documentation et des opportunit\u00e9s de collaboration. Le partenariat est con\u00e7u pour am\u00e9liorer, et non diminuer, la valeur que Fluent Assertions apporte \u00e0 l'\u00e9cosyst\u00e8me open-source.<\/p>\n\n\n\n<div style=\"height:30px\" aria-hidden=\"true\" class=\"wp-block-spacer\"><\/div>\n\n\n\n<p><strong>7. Pourquoi Xceed a-t-il choisi de s'associer avec les cr\u00e9ateurs de Fluent Assertions ?<\/strong><\/p>\n\n\n\n<p>Xceed a une longue histoire de partenariats et de collaborations fructueuses dans l'industrie du logiciel. Le partenariat avec les cr\u00e9ateurs de Fluent Assertions s'aligne sur la mission de Xceed de fournir des outils et des composants de haute qualit\u00e9 qui aident les d\u00e9veloppeurs \u00e0 gagner du temps et les entreprises \u00e0 atteindre leurs objectifs. En joignant ses forces \u00e0 celles des cr\u00e9ateurs originaux, Xceed s'assure que la biblioth\u00e8que reste fid\u00e8le \u00e0 ses racines tout en \u00e9largissant ses capacit\u00e9s pour un public plus large.<\/p>\n\n\n\n<div style=\"height:30px\" aria-hidden=\"true\" class=\"wp-block-spacer\"><\/div>\n\n\n\n<p><strong>8. En quoi ce partenariat profitera-t-il aux entreprises clientes ?<\/strong><\/p>\n\n\n\n<p>Les entreprises b\u00e9n\u00e9ficieront de la version commerciale de Fluent Assertions avec un acc\u00e8s au support prioritaire, une consid\u00e9ration prioritaire pour les nouvelles fonctionnalit\u00e9s et les correctifs et un acc\u00e8s \u00e0 l'\u00e9quipe de support technique de Xceed. La version commerciale vise \u00e0 fournir aux entreprises les outils dont elles ont besoin pour int\u00e9grer efficacement Fluent Assertions dans leurs applications critiques.<\/p>\n\n\n\n<div style=\"height:30px\" aria-hidden=\"true\" class=\"wp-block-spacer\"><\/div>\n\n\n\n<p><strong>9. Les licences de la biblioth\u00e8que seront-elles modifi\u00e9es ?<\/strong><\/p>\n\n\n\n<p>Fluent Assertions continuera \u00e0 \u00eatre disponible sous une licence open-source pour un usage non-commercial. Cette licence open-source est maintenant la Xceed Community License for Fluent Assertions. Les utilisateurs commerciaux devront acheter un abonnement via <a href=\"http:\/\/Xceed.com\"><strong><mark style=\"background-color:rgba(0, 0, 0, 0)\" class=\"has-inline-color has-primary-color\">Xceed.com<\/mark><\/strong><\/a> afin d'utiliser les assertions Fluent \u00e0 des fins commerciales.<\/p>\n\n\n\n<div style=\"height:30px\" aria-hidden=\"true\" class=\"wp-block-spacer\"><\/div>\n\n\n\n<p><strong>10. Comment puis-je contribuer au d\u00e9veloppement des assertions fluides ?<\/strong><\/p>\n\n\n\n<p>Xceed accueille les contributions continues de la communaut\u00e9 open-source. Les contributeurs peuvent toujours s'engager dans la version gratuite de Fluent Assertions par les canaux habituels, tels que la soumission de demandes d'extraction, le signalement de probl\u00e8mes et la participation \u00e0 des discussions. Xceed pr\u00e9voit de favoriser un environnement collaboratif o\u00f9 les membres de la communaut\u00e9 et les clients de l'entreprise peuvent contribuer au succ\u00e8s continu de la biblioth\u00e8que.<\/p>\n\n\n\n<div style=\"height:30px\" aria-hidden=\"true\" class=\"wp-block-spacer\"><\/div>\n\n\n\n<p><strong>11. O\u00f9 puis-je trouver plus d'informations sur ce partenariat ?<\/strong><\/p>\n\n\n\n<p>Pour plus de d\u00e9tails sur le partenariat et l'avenir des assertions Fluent, veuillez visiter le site Web de Fluent Assertions. <a href=\"https:\/\/xceed.com\/fr\/blog\/nouvelles\/xceed-software-partners-with-fluent-assertions-to-elevate-developer-tools-and-community-support-en-anglais\/\"><mark style=\"background-color:rgba(0, 0, 0, 0)\" class=\"has-inline-color has-primary-color\"><strong>https:\/\/xceed.com\/blog\/news\/xceed-software-partners-with-fluent-assertions-to-elevate-developer-tools-and-community-support\/<\/strong><\/mark><\/a> \u00a0ou contactez-nous directement par l'interm\u00e9diaire de nos canaux d'assistance.<\/p>\n\n\n\n<div style=\"height:30px\" aria-hidden=\"true\" class=\"wp-block-spacer\"><\/div>\n\n\n\n<p><strong>12. O\u00f9 puis-je trouver plus d'informations sur les licences Xceed ?<\/strong><\/p>\n\n\n\n<p>Pour plus de d\u00e9tails sur l'accord de licence, veuillez consulter le site web de Xceed Software \u00e0 l'adresse suivante<\/p>\n\n\n\n<p><a href=\"https:\/\/xceed.com\/fr\/accord-de-licence\/\"><mark style=\"background-color:rgba(0, 0, 0, 0)\" class=\"has-inline-color has-primary-color\"><strong>www.xceed.com\/license-agreement\/<\/strong><\/mark><\/a><\/p>\n\n\n\n<div style=\"height:30px\" aria-hidden=\"true\" class=\"wp-block-spacer\"><\/div>\n\n\n\n<p><strong>13. Quelle est la d\u00e9finition de l'utilisation commerciale et non commerciale ?<\/strong><\/p>\n\n\n\n<p>Pour plus de d\u00e9tails sur ce qui est consid\u00e9r\u00e9 comme une utilisation commerciale et non commerciale, veuillez vous r\u00e9f\u00e9rer \u00e0 l'accord de licence Xceed sur le site Web de Xceed Software \u00e0 l'adresse suivante<a href=\"https:\/\/xceed.com\/fr\/\"><\/a><a href=\"https:\/\/xceed.com\/fr\/accord-de-licence\/\"><strong><mark style=\"background-color:rgba(0, 0, 0, 0)\" class=\"has-inline-color has-primary-color\">https:\/\/xceed.com\/license-agreement\/<\/mark><\/strong><\/a><\/p>\n\n\n\n<div style=\"height:30px\" aria-hidden=\"true\" class=\"wp-block-spacer\"><\/div>\n\n\n\n<p><strong>14. Pourquoi n'est-il plus gratuit ?<\/strong>?<\/p>\n\n\n\n<p>Fluent Assertions est toujours offert gratuitement sous la licence communautaire tant que l'utilisation pr\u00e9vue n'est pas \u00e0 des fins commerciales. Pour vous assurer que vous respectez l'accord de licence communautaire, veuillez consulter l'accord de licence ici.<\/p>\n\n\n\n<div style=\"height:30px\" aria-hidden=\"true\" class=\"wp-block-spacer\"><\/div>\n\n\n\n<p><strong>15. Pourquoi devrais-je payer ?<\/strong><\/p>\n\n\n\n<p>Payer pour une licence commerciale de Fluent Assertions ne garantit pas seulement que vous \u00eates en conformit\u00e9 avec la licence, cela garantit que le support continu peut \u00eatre fourni \u00e0 la grande communaut\u00e9 d'utilisateurs, cela aide Fluent Assertions \u00e0 b\u00e9n\u00e9ficier d'un d\u00e9veloppement am\u00e9lior\u00e9 des fonctionnalit\u00e9s, cela soutient une cadence r\u00e9guli\u00e8re de sorties de fonctionnalit\u00e9s, et cela conduit \u00e9galement \u00e0 la standardisation du processus et de la documentation. Tout cela, pour ce que nous consid\u00e9rons comme un prix tr\u00e8s nominal pour tous les avantages qu'il apporte \u00e0 votre organisation.<\/p>\n\n\n\n<div style=\"height:30px\" aria-hidden=\"true\" class=\"wp-block-spacer\"><\/div>\n\n\n\n<p><strong>17. De combien de licences ai-je besoin ?<\/strong><\/p>\n\n\n\n<p>Les licences sont attribu\u00e9es par si\u00e8ge. Les si\u00e8ges sont consid\u00e9r\u00e9s comme ceux qui utilisent la biblioth\u00e8que pour effectuer des t\u00e2ches d'assurance qualit\u00e9 sur le code. Des prix pr\u00e9f\u00e9rentiels sont disponibles pour plus de 8 licences, veuillez nous contacter si vous avez besoin de plus d'informations.<\/p>\n\n\n\n<div style=\"height:30px\" aria-hidden=\"true\" class=\"wp-block-spacer\"><\/div>\n\n\n\n<p><strong>18. Que se passe-t-il si je n'ai besoin que d'un mois ou de deux mois pour mon projet ?<\/strong><\/p>\n\n\n\n<p>La licence est accord\u00e9e pour une p\u00e9riode de 12 mois, que vous choisissiez de l'utiliser pendant toute la dur\u00e9e ou non, c'est \u00e0 la discr\u00e9tion de l'utilisateur, mais Xceed ne remboursera pas l'utilisation partielle des licences.<\/p>\n<\/div>\n\n\n\n<div style=\"height:30px\" aria-hidden=\"true\" class=\"wp-block-spacer\"><\/div>\n\n\n\n<p class=\"has-text-align-center\"><br><strong>Vous avez encore des questions ?<\/strong> Contactez notre \u00e9quipe d'assistance ! <a href=\"mailto:support@xceed.com\"><mark style=\"background-color:rgba(0, 0, 0, 0)\" class=\"has-inline-color has-primary-color\">support@xceed.com<\/mark><\/a><\/p>\n\n\n\n<p><\/p>","protected":false},"excerpt":{"rendered":"<p>Fluent Assertions FAQ Below are answers to frequently asked questions to help you maximize your experience with Fluent Assertions. 1. What is the nature of Xceed\u2019s partnership with the creators of Fluent Assertions? Xceed Software has entered into a strategic partnership with the creators of the open-source .NET library \u201cFluent Assertions.\u201d This partnership involves the [&hellip;]<\/p>\n","protected":false},"author":3,"featured_media":0,"parent":0,"menu_order":0,"comment_status":"closed","ping_status":"closed","template":"","meta":{"_acf_changed":false,"footnotes":""},"class_list":["post-2556","page","type-page","status-publish","hentry"],"acf":[],"yoast_head":"<!-- This site is optimized with the Yoast SEO plugin v27.4 - https:\/\/yoast.com\/product\/yoast-seo-wordpress\/ -->\n<title>Frequently Asked Questions About Fluent Assertions | Xceed<\/title>\n<meta name=\"description\" content=\"Read up on some frequently asked questions about fluent assertions. Learn about licensing, features, usage, and more. Discover more about this .NET testing library.\" \/>\n<meta name=\"robots\" content=\"index, follow, max-snippet:-1, max-image-preview:large, max-video-preview:-1\" \/>\n<link rel=\"canonical\" href=\"https:\/\/xceed.com\/fr\/faq-sur-les-assertions-fluentes\/\" \/>\n<meta property=\"og:locale\" content=\"fr_CA\" \/>\n<meta property=\"og:type\" content=\"article\" \/>\n<meta property=\"og:title\" content=\"Frequently Asked Questions About Fluent Assertions | Xceed\" \/>\n<meta property=\"og:description\" content=\"Read up on some frequently asked questions about fluent assertions. Learn about licensing, features, usage, and more. Discover more about this .NET testing library.\" \/>\n<meta property=\"og:url\" content=\"https:\/\/xceed.com\/fr\/faq-sur-les-assertions-fluentes\/\" \/>\n<meta property=\"og:site_name\" content=\"Xceed\" \/>\n<meta property=\"article:modified_time\" content=\"2025-02-06T14:45:15+00:00\" \/>\n<meta property=\"og:image\" content=\"https:\/\/xceed.com\/wp-content\/uploads\/2025\/01\/Now-An-Xceed-partner-1024x237.png\" \/>\n<meta name=\"twitter:card\" content=\"summary_large_image\" \/>\n<meta name=\"twitter:label1\" content=\"Est. reading time\" \/>\n\t<meta name=\"twitter:data1\" content=\"5 minutes\" \/>\n<script type=\"application\/ld+json\" class=\"yoast-schema-graph\">{\"@context\":\"https:\\\/\\\/schema.org\",\"@graph\":[{\"@type\":\"WebPage\",\"@id\":\"https:\\\/\\\/xceed.com\\\/fluent-assertions-faq\\\/\",\"url\":\"https:\\\/\\\/xceed.com\\\/fluent-assertions-faq\\\/\",\"name\":\"Frequently Asked Questions About Fluent Assertions | Xceed\",\"isPartOf\":{\"@id\":\"https:\\\/\\\/xceed.com\\\/fr\\\/#website\"},\"primaryImageOfPage\":{\"@id\":\"https:\\\/\\\/xceed.com\\\/fluent-assertions-faq\\\/#primaryimage\"},\"image\":{\"@id\":\"https:\\\/\\\/xceed.com\\\/fluent-assertions-faq\\\/#primaryimage\"},\"thumbnailUrl\":\"https:\\\/\\\/xceed.com\\\/wp-content\\\/uploads\\\/2025\\\/01\\\/Now-An-Xceed-partner-1024x237.png\",\"datePublished\":\"2025-01-02T15:39:04+00:00\",\"dateModified\":\"2025-02-06T14:45:15+00:00\",\"description\":\"Read up on some frequently asked questions about fluent assertions. Learn about licensing, features, usage, and more. Discover more about this .NET testing library.\",\"breadcrumb\":{\"@id\":\"https:\\\/\\\/xceed.com\\\/fluent-assertions-faq\\\/#breadcrumb\"},\"inLanguage\":\"fr-CA\",\"potentialAction\":[{\"@type\":\"ReadAction\",\"target\":[\"https:\\\/\\\/xceed.com\\\/fluent-assertions-faq\\\/\"]}]},{\"@type\":\"ImageObject\",\"inLanguage\":\"fr-CA\",\"@id\":\"https:\\\/\\\/xceed.com\\\/fluent-assertions-faq\\\/#primaryimage\",\"url\":\"https:\\\/\\\/xceed.com\\\/wp-content\\\/uploads\\\/2025\\\/01\\\/Now-An-Xceed-partner-1024x237.png\",\"contentUrl\":\"https:\\\/\\\/xceed.com\\\/wp-content\\\/uploads\\\/2025\\\/01\\\/Now-An-Xceed-partner-1024x237.png\"},{\"@type\":\"BreadcrumbList\",\"@id\":\"https:\\\/\\\/xceed.com\\\/fluent-assertions-faq\\\/#breadcrumb\",\"itemListElement\":[{\"@type\":\"ListItem\",\"position\":1,\"name\":\"Home\",\"item\":\"https:\\\/\\\/xceed.com\\\/\"},{\"@type\":\"ListItem\",\"position\":2,\"name\":\"Fluent Assertions FAQ\"}]},{\"@type\":\"WebSite\",\"@id\":\"https:\\\/\\\/xceed.com\\\/fr\\\/#website\",\"url\":\"https:\\\/\\\/xceed.com\\\/fr\\\/\",\"name\":\"Xceed\",\"description\":\"Provides tools for .NET, Windows Forms, WPF, Silverlight, and ASP.NET developers to create better applications.\",\"publisher\":{\"@id\":\"https:\\\/\\\/xceed.com\\\/fr\\\/#organization\"},\"potentialAction\":[{\"@type\":\"SearchAction\",\"target\":{\"@type\":\"EntryPoint\",\"urlTemplate\":\"https:\\\/\\\/xceed.com\\\/fr\\\/?s={search_term_string}\"},\"query-input\":{\"@type\":\"PropertyValueSpecification\",\"valueRequired\":true,\"valueName\":\"search_term_string\"}}],\"inLanguage\":\"fr-CA\"},{\"@type\":\"Organization\",\"@id\":\"https:\\\/\\\/xceed.com\\\/fr\\\/#organization\",\"name\":\"Xceed\",\"url\":\"https:\\\/\\\/xceed.com\\\/fr\\\/\",\"logo\":{\"@type\":\"ImageObject\",\"inLanguage\":\"fr-CA\",\"@id\":\"https:\\\/\\\/xceed.com\\\/fr\\\/#\\\/schema\\\/logo\\\/image\\\/\",\"url\":\"https:\\\/\\\/xceed.com\\\/wp-content\\\/uploads\\\/2024\\\/04\\\/cropped-xceed-logo.png\",\"contentUrl\":\"https:\\\/\\\/xceed.com\\\/wp-content\\\/uploads\\\/2024\\\/04\\\/cropped-xceed-logo.png\",\"width\":609,\"height\":150,\"caption\":\"Xceed\"},\"image\":{\"@id\":\"https:\\\/\\\/xceed.com\\\/fr\\\/#\\\/schema\\\/logo\\\/image\\\/\"}}]}<\/script>\n<!-- \/ Yoast SEO plugin. -->","yoast_head_json":{"title":"Questions fr\u00e9quentes sur les assertions Fluent | Xceed","description":"Lisez les questions fr\u00e9quemment pos\u00e9es sur les assertions fluentes. En savoir plus sur les licences, les fonctionnalit\u00e9s, l'utilisation, etc. En savoir plus sur cette biblioth\u00e8que de tests .NET.","robots":{"index":"index","follow":"follow","max-snippet":"max-snippet:-1","max-image-preview":"max-image-preview:large","max-video-preview":"max-video-preview:-1"},"canonical":"https:\/\/xceed.com\/fr\/faq-sur-les-assertions-fluentes\/","og_locale":"fr_CA","og_type":"article","og_title":"Frequently Asked Questions About Fluent Assertions | Xceed","og_description":"Read up on some frequently asked questions about fluent assertions. Learn about licensing, features, usage, and more. Discover more about this .NET testing library.","og_url":"https:\/\/xceed.com\/fr\/faq-sur-les-assertions-fluentes\/","og_site_name":"Xceed","article_modified_time":"2025-02-06T14:45:15+00:00","og_image":[{"url":"https:\/\/xceed.com\/wp-content\/uploads\/2025\/01\/Now-An-Xceed-partner-1024x237.png","type":"","width":"","height":""}],"twitter_card":"summary_large_image","twitter_misc":{"Est. reading time":"5 minutes"},"schema":{"@context":"https:\/\/schema.org","@graph":[{"@type":"WebPage","@id":"https:\/\/xceed.com\/fluent-assertions-faq\/","url":"https:\/\/xceed.com\/fluent-assertions-faq\/","name":"Questions fr\u00e9quentes sur les assertions Fluent | Xceed","isPartOf":{"@id":"https:\/\/xceed.com\/fr\/#website"},"primaryImageOfPage":{"@id":"https:\/\/xceed.com\/fluent-assertions-faq\/#primaryimage"},"image":{"@id":"https:\/\/xceed.com\/fluent-assertions-faq\/#primaryimage"},"thumbnailUrl":"https:\/\/xceed.com\/wp-content\/uploads\/2025\/01\/Now-An-Xceed-partner-1024x237.png","datePublished":"2025-01-02T15:39:04+00:00","dateModified":"2025-02-06T14:45:15+00:00","description":"Lisez les questions fr\u00e9quemment pos\u00e9es sur les assertions fluentes. En savoir plus sur les licences, les fonctionnalit\u00e9s, l'utilisation, etc. En savoir plus sur cette biblioth\u00e8que de tests .NET.","breadcrumb":{"@id":"https:\/\/xceed.com\/fluent-assertions-faq\/#breadcrumb"},"inLanguage":"fr-CA","potentialAction":[{"@type":"ReadAction","target":["https:\/\/xceed.com\/fluent-assertions-faq\/"]}]},{"@type":"ImageObject","inLanguage":"fr-CA","@id":"https:\/\/xceed.com\/fluent-assertions-faq\/#primaryimage","url":"https:\/\/xceed.com\/wp-content\/uploads\/2025\/01\/Now-An-Xceed-partner-1024x237.png","contentUrl":"https:\/\/xceed.com\/wp-content\/uploads\/2025\/01\/Now-An-Xceed-partner-1024x237.png"},{"@type":"BreadcrumbList","@id":"https:\/\/xceed.com\/fluent-assertions-faq\/#breadcrumb","itemListElement":[{"@type":"ListItem","position":1,"name":"Home","item":"https:\/\/xceed.com\/"},{"@type":"ListItem","position":2,"name":"Fluent Assertions FAQ"}]},{"@type":"WebSite","@id":"https:\/\/xceed.com\/fr\/#website","url":"https:\/\/xceed.com\/fr\/","name":"Xceed","description":"Fournit des outils aux d\u00e9veloppeurs .NET, Windows Forms, WPF, Silverlight et ASP.NET pour cr\u00e9er de meilleures applications.","publisher":{"@id":"https:\/\/xceed.com\/fr\/#organization"},"potentialAction":[{"@type":"SearchAction","target":{"@type":"EntryPoint","urlTemplate":"https:\/\/xceed.com\/fr\/?s={search_term_string}"},"query-input":{"@type":"PropertyValueSpecification","valueRequired":true,"valueName":"search_term_string"}}],"inLanguage":"fr-CA"},{"@type":"Organization","@id":"https:\/\/xceed.com\/fr\/#organization","name":"Xceed","url":"https:\/\/xceed.com\/fr\/","logo":{"@type":"ImageObject","inLanguage":"fr-CA","@id":"https:\/\/xceed.com\/fr\/#\/schema\/logo\/image\/","url":"https:\/\/xceed.com\/wp-content\/uploads\/2024\/04\/cropped-xceed-logo.png","contentUrl":"https:\/\/xceed.com\/wp-content\/uploads\/2024\/04\/cropped-xceed-logo.png","width":609,"height":150,"caption":"Xceed"},"image":{"@id":"https:\/\/xceed.com\/fr\/#\/schema\/logo\/image\/"}}]}},"_links":{"self":[{"href":"https:\/\/xceed.com\/fr\/wp-json\/wp\/v2\/pages\/2556","targetHints":{"allow":["GET"]}}],"collection":[{"href":"https:\/\/xceed.com\/fr\/wp-json\/wp\/v2\/pages"}],"about":[{"href":"https:\/\/xceed.com\/fr\/wp-json\/wp\/v2\/types\/page"}],"author":[{"embeddable":true,"href":"https:\/\/xceed.com\/fr\/wp-json\/wp\/v2\/users\/3"}],"replies":[{"embeddable":true,"href":"https:\/\/xceed.com\/fr\/wp-json\/wp\/v2\/comments?post=2556"}],"version-history":[{"count":0,"href":"https:\/\/xceed.com\/fr\/wp-json\/wp\/v2\/pages\/2556\/revisions"}],"wp:attachment":[{"href":"https:\/\/xceed.com\/fr\/wp-json\/wp\/v2\/media?parent=2556"}],"curies":[{"name":"wp","href":"https:\/\/api.w.org\/{rel}","templated":true}]}}