{"id":1741,"date":"2024-09-12T19:44:12","date_gmt":"2024-09-12T19:44:12","guid":{"rendered":"http:\/\/localhost:10003\/?page_id=1741"},"modified":"2025-02-06T14:09:45","modified_gmt":"2025-02-06T14:09:45","slug":"a-propos","status":"publish","type":"page","link":"https:\/\/xceed.com\/fr\/about-us\/","title":{"rendered":"\u00c0 propos de nous"},"content":{"rendered":"<div data-elementor-type=\"wp-page\" data-elementor-id=\"1741\" class=\"elementor elementor-1741\" data-elementor-post-type=\"page\">\n\t\t\t\t<div class=\"elementor-element elementor-element-3042168 e-flex e-con-boxed e-con e-parent\" data-id=\"3042168\" data-element_type=\"container\" data-e-type=\"container\" data-settings=\"{&quot;background_background&quot;:&quot;gradient&quot;}\">\n\t\t\t\t\t<div class=\"e-con-inner\">\n\t\t<div class=\"elementor-element elementor-element-6e77036 e-flex e-con-boxed e-con e-child\" data-id=\"6e77036\" data-element_type=\"container\" data-e-type=\"container\">\n\t\t\t\t\t<div class=\"e-con-inner\">\n\t\t\t\t<div class=\"elementor-element elementor-element-0a5e8aa elementor-widget elementor-widget-heading\" data-id=\"0a5e8aa\" data-element_type=\"widget\" data-e-type=\"widget\" data-widget_type=\"heading.default\">\n\t\t\t\t<div class=\"elementor-widget-container\">\n\t\t\t\t\t<h2 class=\"elementor-heading-title elementor-size-default\">L\u2019\u00e9tat d\u2019esprit de Xceed<\/h2>\t\t\t\t<\/div>\n\t\t\t\t<\/div>\n\t\t\t\t<div class=\"elementor-element elementor-element-4170844 elementor-hidden-mobile elementor-widget elementor-widget-text-editor\" data-id=\"4170844\" data-element_type=\"widget\" data-e-type=\"widget\" data-widget_type=\"text-editor.default\">\n\t\t\t\t<div class=\"elementor-widget-container\">\n\t\t\t\t\t\t\t\t\t<p>Authentique, d\u00e9contract\u00e9 et collaboratif<\/p>\t\t\t\t\t\t\t\t<\/div>\n\t\t\t\t<\/div>\n\t\t\t\t\t<\/div>\n\t\t\t\t<\/div>\n\t\t\t\t\t<\/div>\n\t\t\t\t<\/div>\n\t\t<div class=\"elementor-element elementor-element-769e52d e-flex e-con-boxed e-con e-parent\" data-id=\"769e52d\" data-element_type=\"container\" data-e-type=\"container\">\n\t\t\t\t\t<div class=\"e-con-inner\">\n\t\t\t\t<div class=\"elementor-element elementor-element-c793361 elementor-widget elementor-widget-image\" data-id=\"c793361\" data-element_type=\"widget\" data-e-type=\"widget\" data-widget_type=\"image.default\">\n\t\t\t\t<div class=\"elementor-widget-container\">\n\t\t\t\t\t\t\t\t\t\t\t\t\t\t\t<img fetchpriority=\"high\" decoding=\"async\" width=\"1500\" height=\"510\" src=\"https:\/\/xceed.com\/wp-content\/uploads\/2024\/09\/emplois.jpg\" class=\"attachment-full size-full wp-image-1803\" alt=\"\" srcset=\"https:\/\/xceed.com\/wp-content\/uploads\/2024\/09\/emplois.jpg 1500w, https:\/\/xceed.com\/wp-content\/uploads\/2024\/09\/emplois-300x102.jpg 300w, https:\/\/xceed.com\/wp-content\/uploads\/2024\/09\/emplois-1024x348.jpg 1024w, https:\/\/xceed.com\/wp-content\/uploads\/2024\/09\/emplois-768x261.jpg 768w, https:\/\/xceed.com\/wp-content\/uploads\/2024\/09\/emplois-18x6.jpg 18w, https:\/\/xceed.com\/wp-content\/uploads\/2024\/09\/emplois-600x204.jpg 600w\" sizes=\"(max-width: 1500px) 100vw, 1500px\" \/>\t\t\t\t\t\t\t\t\t\t\t\t\t\t\t<\/div>\n\t\t\t\t<\/div>\n\t\t\t\t<div class=\"elementor-element elementor-element-c35deff elementor-widget elementor-widget-heading\" data-id=\"c35deff\" data-element_type=\"widget\" data-e-type=\"widget\" data-widget_type=\"heading.default\">\n\t\t\t\t<div class=\"elementor-widget-container\">\n\t\t\t\t\t<h3 class=\"elementor-heading-title elementor-size-default\">Ce que nous faisons<\/h3>\t\t\t\t<\/div>\n\t\t\t\t<\/div>\n\t\t\t\t<div class=\"elementor-element elementor-element-567c75b elementor-widget elementor-widget-text-editor\" data-id=\"567c75b\" data-element_type=\"widget\" data-e-type=\"widget\" data-widget_type=\"text-editor.default\">\n\t\t\t\t<div class=\"elementor-widget-container\">\n\t\t\t\t\t\t\t\t\t<p>Nous aidons les d\u00e9veloppeurs \u00e0 gagner du temps. Nous aidons les chefs de projet \u00e0 livrer plus rapidement. Nous aidons les entreprises \u00e0 \u00e9conomiser de l\u2019argent et \u00e0 r\u00e9duire leur d\u00e9lai de mise sur le march\u00e9.<\/p><p>\u00a0<\/p><p>Comment faisons-nous cela ? Eh bien, nous fournissons des composants d\u2019interface utilisateur complets qui permettent aux d\u00e9veloppeurs de se concentrer sur l\u2019innovation et les besoins de leur entreprise\u2026 et de passer moins de temps sur le design. Xceed a su combler le manque pour les d\u00e9veloppeurs cherchant des fonctionnalit\u00e9s suppl\u00e9mentaires qui ne sont tout simplement pas pr\u00e9sentes dans les solutions standard. En fournissant ces composants, ils n\u2019ont pas besoin de les construire eux-m\u00eames. Cela signifie qu\u2019ils peuvent se concentrer sur ce qui compte vraiment pour l\u2019entreprise (et pour eux aussi !). C\u2019est ainsi que nous faisons gagner \u00e9norm\u00e9ment de temps et d\u2019argent aux entreprises. Et pour les d\u00e9veloppeurs, ils ne perdent pas de temps sur des t\u00e2ches fastidieuses : ils peuvent faire bien plus avec moins de d\u00e9veloppement !<\/p>\t\t\t\t\t\t\t\t<\/div>\n\t\t\t\t<\/div>\n\t\t\t\t<div class=\"elementor-element elementor-element-e91b92f elementor-widget elementor-widget-heading\" data-id=\"e91b92f\" data-element_type=\"widget\" data-e-type=\"widget\" data-widget_type=\"heading.default\">\n\t\t\t\t<div class=\"elementor-widget-container\">\n\t\t\t\t\t<h3 class=\"elementor-heading-title elementor-size-default\"><br>Comment nous le faisons<\/h3>\t\t\t\t<\/div>\n\t\t\t\t<\/div>\n\t\t\t\t<div class=\"elementor-element elementor-element-f404b89 elementor-widget elementor-widget-text-editor\" data-id=\"f404b89\" data-element_type=\"widget\" data-e-type=\"widget\" data-widget_type=\"text-editor.default\">\n\t\t\t\t<div class=\"elementor-widget-container\">\n\t\t\t\t\t\t\t\t\t<p>Au fil des ans, nous avons \u00e9cout\u00e9. Nous avons travaill\u00e9 avec les retours de nos clients pour am\u00e9liorer continuellement la fiabilit\u00e9 et la qualit\u00e9 de nos produits. Mais nous avons aussi pris le temps de comprendre votre entreprise. Votre entreprise a des normes, et la n\u00f4tre aussi. Nous n\u2019attendons rien de moins de nos \u00e9quipes que de r\u00e9pondre et de d\u00e9passer vos attentes pour que vous r\u00e9ussissiez dans votre mission.<\/p><p>\u00a0<\/p><p>Nous avons \u00e9galement des d\u00e9fis en mati\u00e8re de conformit\u00e9 et de r\u00e9glementation, de comptabilit\u00e9, de budg\u00e9tisation, de d\u00e9lais de projets, de politiques et tout ce qui va avec. Alors, lorsqu\u2019il s\u2019agit de collaborer avec vous, soyez assur\u00e9 que nous visons votre satisfaction. Nous nous effor\u00e7ons de livrer des produits offrant une fonctionnalit\u00e9 \u00e9tendue, un minimum de bogues et un support technique de premier ordre.<\/p>\t\t\t\t\t\t\t\t<\/div>\n\t\t\t\t<\/div>\n\t\t\t\t<div class=\"elementor-element elementor-element-4823c6a elementor-widget elementor-widget-heading\" data-id=\"4823c6a\" data-element_type=\"widget\" data-e-type=\"widget\" data-widget_type=\"heading.default\">\n\t\t\t\t<div class=\"elementor-widget-container\">\n\t\t\t\t\t<h3 class=\"elementor-heading-title elementor-size-default\"><br>Notre histoire<\/h3>\t\t\t\t<\/div>\n\t\t\t\t<\/div>\n\t\t\t\t<div class=\"elementor-element elementor-element-7fc1358 elementor-widget elementor-widget-text-editor\" data-id=\"7fc1358\" data-element_type=\"widget\" data-e-type=\"widget\" data-widget_type=\"text-editor.default\">\n\t\t\t\t<div class=\"elementor-widget-container\">\n\t\t\t\t\t\t\t\t\t<p>Xceed a initialement \u00e9t\u00e9 cr\u00e9\u00e9 pour r\u00e9pondre \u00e0 des besoins de base exprim\u00e9s par des entreprises n\u00e9cessitant plus de fonctionnalit\u00e9s et de performances de leurs outils logiciels de gestion de donn\u00e9es pour traiter de grands ensembles de donn\u00e9es. Cela a conduit au d\u00e9veloppement d\u2019utilitaires de compression\/d\u00e9compression sophistiqu\u00e9s, puis d\u2019outils de communication li\u00e9s \u00e0 la s\u00e9curit\u00e9 et, enfin, de composants d\u2019interface utilisateur complexes. Les produits Xceed sont rapidement devenus populaires au sein de la communaut\u00e9 internationale des programmeurs. Xceed s\u2019adressait aux programmeurs d\u00e9sireux d\u2019explorer de nouvelles possibilit\u00e9s, de d\u00e9couvrir de nouvelles solutions, et d\u2019utiliser des logiciels efficaces et fiables qui leur permettraient de gagner du temps et des efforts dans le d\u00e9veloppement de nouveaux projets.<\/p>\n<p><\/p>\n<p>Finalement, nous avons \u00e9volu\u00e9 avec le temps pour devenir un leader dans le monde des composants dans les environnements .NET, WPF, et tout cela gr\u00e2ce au bouche-\u00e0-oreille ! C'est vrai, notre succ\u00e8s a \u00e9t\u00e9 principalement soutenu par la validation et l'approbation des programmeurs par leur communaut\u00e9 !<\/p>\n<p><\/p>\n<p>Aujourd\u2019hui, les clients de Xceed incluent de nombreuses entreprises du classement Fortune 500, et nous \u00e9largissons constamment nos march\u00e9s et notre gamme de produits pour r\u00e9pondre aux besoins actuels et futurs de nos clients. Nos milliers de clients sont r\u00e9partis sur les cinq continents et dans de nombreux secteurs.<\/p>\n<p><\/p>\n<p>Xceed est consid\u00e9r\u00e9 parmi les meilleurs de l\u2019industrie pour la qualit\u00e9 de ses composants et sa r\u00e9putation, et nous le devons \u00e0 nos coll\u00e8gues programmeurs et d\u00e9veloppeurs, clients et partenaires, qui nous ont aid\u00e9s \u00e0 am\u00e9liorer nos produits \u00e0 l\u2019unisson ! Il a toujours \u00e9t\u00e9 \u00e9vident pour nous que nous devons avancer main dans la main avec nos clients (\u00ab Pari Passu \u00bb).<\/p>\t\t\t\t\t\t\t\t<\/div>\n\t\t\t\t<\/div>\n\t\t\t\t\t<\/div>\n\t\t\t\t<\/div>\n\t\t<div class=\"elementor-element elementor-element-32136c5 e-flex e-con-boxed e-con e-parent\" data-id=\"32136c5\" data-element_type=\"container\" data-e-type=\"container\">\n\t\t\t\t\t<div class=\"e-con-inner\">\n\t\t\t\t<div class=\"elementor-element elementor-element-457795a elementor-widget-divider--view-line elementor-widget elementor-widget-divider\" data-id=\"457795a\" data-element_type=\"widget\" data-e-type=\"widget\" data-widget_type=\"divider.default\">\n\t\t\t\t<div class=\"elementor-widget-container\">\n\t\t\t\t\t\t\t<div class=\"elementor-divider\">\n\t\t\t<span class=\"elementor-divider-separator\">\n\t\t\t\t\t\t<\/span>\n\t\t<\/div>\n\t\t\t\t\t\t<\/div>\n\t\t\t\t<\/div>\n\t\t\t\t<div class=\"elementor-element elementor-element-aa68cbb elementor-widget elementor-widget-heading\" data-id=\"aa68cbb\" data-element_type=\"widget\" data-e-type=\"widget\" data-widget_type=\"heading.default\">\n\t\t\t\t<div class=\"elementor-widget-container\">\n\t\t\t\t\t<h2 class=\"elementor-heading-title elementor-size-default\">Besoin d'aide ?<\/h2>\t\t\t\t<\/div>\n\t\t\t\t<\/div>\n\t\t\t\t<div class=\"elementor-element elementor-element-7f910d2 elementor-align-center elementor-widget elementor-widget-button\" data-id=\"7f910d2\" data-element_type=\"widget\" data-e-type=\"widget\" data-widget_type=\"button.default\">\n\t\t\t\t<div class=\"elementor-widget-container\">\n\t\t\t\t\t\t\t\t\t<div class=\"elementor-button-wrapper\">\n\t\t\t\t\t<a class=\"elementor-button elementor-button-link elementor-size-sm\" href=\"#\">\n\t\t\t\t\t\t<span class=\"elementor-button-content-wrapper\">\n\t\t\t\t\t\t\t\t\t<span class=\"elementor-button-text\">Nous contacter<\/span>\n\t\t\t\t\t<\/span>\n\t\t\t\t\t<\/a>\n\t\t\t\t<\/div>\n\t\t\t\t\t\t\t\t<\/div>\n\t\t\t\t<\/div>\n\t\t\t\t\t<\/div>\n\t\t\t\t<\/div>\n\t\t\t\t<\/div>","protected":false},"excerpt":{"rendered":"<p>The mindset of Xceed Genuine, easy-going &amp; collaborative What we do We help developers save time. We help project managers deliver faster. We help businesses save money and time to market. \u00a0 How do we do this? Well, we provide comprehensive UI components that allow developers to focus on innovation and their business requirements&#8230; and [&hellip;]<\/p>\n","protected":false},"author":2,"featured_media":0,"parent":0,"menu_order":0,"comment_status":"closed","ping_status":"closed","template":"","meta":{"_acf_changed":false,"footnotes":""},"class_list":["post-1741","page","type-page","status-publish","hentry"],"acf":[],"yoast_head":"<!-- This site is optimized with the Yoast SEO plugin v27.3 - https:\/\/yoast.com\/product\/yoast-seo-wordpress\/ -->\n<title>Top Provider of UI &amp; .NET Components - Learn About Us | Xceed<\/title>\n<meta name=\"description\" content=\"Discover the .NET building tools and UI components that made us who we are today. Read about our origins, what we do, and get on board with our mission.\" \/>\n<meta name=\"robots\" content=\"index, follow, max-snippet:-1, max-image-preview:large, max-video-preview:-1\" \/>\n<link rel=\"canonical\" href=\"https:\/\/xceed.com\/fr\/a-propos\/\" \/>\n<meta property=\"og:locale\" content=\"fr_CA\" \/>\n<meta property=\"og:type\" content=\"article\" \/>\n<meta property=\"og:title\" content=\"Top Provider of UI &amp; .NET Components - Learn About Us | Xceed\" \/>\n<meta property=\"og:description\" content=\"Discover the .NET building tools and UI components that made us who we are today. Read about our origins, what we do, and get on board with our mission.\" \/>\n<meta property=\"og:url\" content=\"https:\/\/xceed.com\/fr\/a-propos\/\" \/>\n<meta property=\"og:site_name\" content=\"Xceed\" \/>\n<meta property=\"article:modified_time\" content=\"2025-02-06T14:09:45+00:00\" \/>\n<meta property=\"og:image\" content=\"http:\/\/xceed.com\/wp-content\/uploads\/2024\/09\/emplois.jpg\" \/>\n<meta name=\"twitter:card\" content=\"summary_large_image\" \/>\n<meta name=\"twitter:label1\" content=\"Est. reading time\" \/>\n\t<meta name=\"twitter:data1\" content=\"3 minutes\" \/>\n<script type=\"application\/ld+json\" class=\"yoast-schema-graph\">{\"@context\":\"https:\\\/\\\/schema.org\",\"@graph\":[{\"@type\":\"WebPage\",\"@id\":\"https:\\\/\\\/xceed.com\\\/about-us\\\/\",\"url\":\"https:\\\/\\\/xceed.com\\\/about-us\\\/\",\"name\":\"Top Provider of UI & .NET Components - Learn About Us | Xceed\",\"isPartOf\":{\"@id\":\"https:\\\/\\\/xceed.com\\\/fr\\\/#website\"},\"primaryImageOfPage\":{\"@id\":\"https:\\\/\\\/xceed.com\\\/about-us\\\/#primaryimage\"},\"image\":{\"@id\":\"https:\\\/\\\/xceed.com\\\/about-us\\\/#primaryimage\"},\"thumbnailUrl\":\"http:\\\/\\\/xceed.com\\\/wp-content\\\/uploads\\\/2024\\\/09\\\/emplois.jpg\",\"datePublished\":\"2024-09-12T19:44:12+00:00\",\"dateModified\":\"2025-02-06T14:09:45+00:00\",\"description\":\"Discover the .NET building tools and UI components that made us who we are today. Read about our origins, what we do, and get on board with our mission.\",\"breadcrumb\":{\"@id\":\"https:\\\/\\\/xceed.com\\\/about-us\\\/#breadcrumb\"},\"inLanguage\":\"fr-CA\",\"potentialAction\":[{\"@type\":\"ReadAction\",\"target\":[\"https:\\\/\\\/xceed.com\\\/about-us\\\/\"]}]},{\"@type\":\"ImageObject\",\"inLanguage\":\"fr-CA\",\"@id\":\"https:\\\/\\\/xceed.com\\\/about-us\\\/#primaryimage\",\"url\":\"http:\\\/\\\/xceed.com\\\/wp-content\\\/uploads\\\/2024\\\/09\\\/emplois.jpg\",\"contentUrl\":\"http:\\\/\\\/xceed.com\\\/wp-content\\\/uploads\\\/2024\\\/09\\\/emplois.jpg\"},{\"@type\":\"BreadcrumbList\",\"@id\":\"https:\\\/\\\/xceed.com\\\/about-us\\\/#breadcrumb\",\"itemListElement\":[{\"@type\":\"ListItem\",\"position\":1,\"name\":\"Home\",\"item\":\"https:\\\/\\\/xceed.com\\\/\"},{\"@type\":\"ListItem\",\"position\":2,\"name\":\"About Us\"}]},{\"@type\":\"WebSite\",\"@id\":\"https:\\\/\\\/xceed.com\\\/fr\\\/#website\",\"url\":\"https:\\\/\\\/xceed.com\\\/fr\\\/\",\"name\":\"Xceed\",\"description\":\"Provides tools for .NET, Windows Forms, WPF, Silverlight, and ASP.NET developers to create better applications.\",\"publisher\":{\"@id\":\"https:\\\/\\\/xceed.com\\\/fr\\\/#organization\"},\"potentialAction\":[{\"@type\":\"SearchAction\",\"target\":{\"@type\":\"EntryPoint\",\"urlTemplate\":\"https:\\\/\\\/xceed.com\\\/fr\\\/?s={search_term_string}\"},\"query-input\":{\"@type\":\"PropertyValueSpecification\",\"valueRequired\":true,\"valueName\":\"search_term_string\"}}],\"inLanguage\":\"fr-CA\"},{\"@type\":\"Organization\",\"@id\":\"https:\\\/\\\/xceed.com\\\/fr\\\/#organization\",\"name\":\"Xceed\",\"url\":\"https:\\\/\\\/xceed.com\\\/fr\\\/\",\"logo\":{\"@type\":\"ImageObject\",\"inLanguage\":\"fr-CA\",\"@id\":\"https:\\\/\\\/xceed.com\\\/fr\\\/#\\\/schema\\\/logo\\\/image\\\/\",\"url\":\"https:\\\/\\\/xceed.com\\\/wp-content\\\/uploads\\\/2024\\\/04\\\/cropped-xceed-logo.png\",\"contentUrl\":\"https:\\\/\\\/xceed.com\\\/wp-content\\\/uploads\\\/2024\\\/04\\\/cropped-xceed-logo.png\",\"width\":609,\"height\":150,\"caption\":\"Xceed\"},\"image\":{\"@id\":\"https:\\\/\\\/xceed.com\\\/fr\\\/#\\\/schema\\\/logo\\\/image\\\/\"}}]}<\/script>\n<!-- \/ Yoast SEO plugin. -->","yoast_head_json":{"title":"Premier fournisseur de composants d'interface utilisateur et de composants .NET - En savoir plus sur nous | Xceed","description":"D\u00e9couvrez les outils de construction .NET et les composants d'interface utilisateur qui nous ont permis de devenir ce que nous sommes aujourd'hui. D\u00e9couvrez nos origines, ce que nous faisons et embarquez pour notre mission.","robots":{"index":"index","follow":"follow","max-snippet":"max-snippet:-1","max-image-preview":"max-image-preview:large","max-video-preview":"max-video-preview:-1"},"canonical":"https:\/\/xceed.com\/fr\/a-propos\/","og_locale":"fr_CA","og_type":"article","og_title":"Top Provider of UI & .NET Components - Learn About Us | Xceed","og_description":"Discover the .NET building tools and UI components that made us who we are today. Read about our origins, what we do, and get on board with our mission.","og_url":"https:\/\/xceed.com\/fr\/a-propos\/","og_site_name":"Xceed","article_modified_time":"2025-02-06T14:09:45+00:00","og_image":[{"url":"http:\/\/xceed.com\/wp-content\/uploads\/2024\/09\/emplois.jpg","type":"","width":"","height":""}],"twitter_card":"summary_large_image","twitter_misc":{"Est. reading time":"3 minutes"},"schema":{"@context":"https:\/\/schema.org","@graph":[{"@type":"WebPage","@id":"https:\/\/xceed.com\/about-us\/","url":"https:\/\/xceed.com\/about-us\/","name":"Premier fournisseur de composants d'interface utilisateur et de composants .NET - En savoir plus sur nous | Xceed","isPartOf":{"@id":"https:\/\/xceed.com\/fr\/#website"},"primaryImageOfPage":{"@id":"https:\/\/xceed.com\/about-us\/#primaryimage"},"image":{"@id":"https:\/\/xceed.com\/about-us\/#primaryimage"},"thumbnailUrl":"http:\/\/xceed.com\/wp-content\/uploads\/2024\/09\/emplois.jpg","datePublished":"2024-09-12T19:44:12+00:00","dateModified":"2025-02-06T14:09:45+00:00","description":"D\u00e9couvrez les outils de construction .NET et les composants d'interface utilisateur qui nous ont permis de devenir ce que nous sommes aujourd'hui. D\u00e9couvrez nos origines, ce que nous faisons et embarquez pour notre mission.","breadcrumb":{"@id":"https:\/\/xceed.com\/about-us\/#breadcrumb"},"inLanguage":"fr-CA","potentialAction":[{"@type":"ReadAction","target":["https:\/\/xceed.com\/about-us\/"]}]},{"@type":"ImageObject","inLanguage":"fr-CA","@id":"https:\/\/xceed.com\/about-us\/#primaryimage","url":"http:\/\/xceed.com\/wp-content\/uploads\/2024\/09\/emplois.jpg","contentUrl":"http:\/\/xceed.com\/wp-content\/uploads\/2024\/09\/emplois.jpg"},{"@type":"BreadcrumbList","@id":"https:\/\/xceed.com\/about-us\/#breadcrumb","itemListElement":[{"@type":"ListItem","position":1,"name":"Home","item":"https:\/\/xceed.com\/"},{"@type":"ListItem","position":2,"name":"About Us"}]},{"@type":"WebSite","@id":"https:\/\/xceed.com\/fr\/#website","url":"https:\/\/xceed.com\/fr\/","name":"Xceed","description":"Fournit des outils aux d\u00e9veloppeurs .NET, Windows Forms, WPF, Silverlight et ASP.NET pour cr\u00e9er de meilleures applications.","publisher":{"@id":"https:\/\/xceed.com\/fr\/#organization"},"potentialAction":[{"@type":"SearchAction","target":{"@type":"EntryPoint","urlTemplate":"https:\/\/xceed.com\/fr\/?s={search_term_string}"},"query-input":{"@type":"PropertyValueSpecification","valueRequired":true,"valueName":"search_term_string"}}],"inLanguage":"fr-CA"},{"@type":"Organization","@id":"https:\/\/xceed.com\/fr\/#organization","name":"Xceed","url":"https:\/\/xceed.com\/fr\/","logo":{"@type":"ImageObject","inLanguage":"fr-CA","@id":"https:\/\/xceed.com\/fr\/#\/schema\/logo\/image\/","url":"https:\/\/xceed.com\/wp-content\/uploads\/2024\/04\/cropped-xceed-logo.png","contentUrl":"https:\/\/xceed.com\/wp-content\/uploads\/2024\/04\/cropped-xceed-logo.png","width":609,"height":150,"caption":"Xceed"},"image":{"@id":"https:\/\/xceed.com\/fr\/#\/schema\/logo\/image\/"}}]}},"_links":{"self":[{"href":"https:\/\/xceed.com\/fr\/wp-json\/wp\/v2\/pages\/1741","targetHints":{"allow":["GET"]}}],"collection":[{"href":"https:\/\/xceed.com\/fr\/wp-json\/wp\/v2\/pages"}],"about":[{"href":"https:\/\/xceed.com\/fr\/wp-json\/wp\/v2\/types\/page"}],"author":[{"embeddable":true,"href":"https:\/\/xceed.com\/fr\/wp-json\/wp\/v2\/users\/2"}],"replies":[{"embeddable":true,"href":"https:\/\/xceed.com\/fr\/wp-json\/wp\/v2\/comments?post=1741"}],"version-history":[{"count":0,"href":"https:\/\/xceed.com\/fr\/wp-json\/wp\/v2\/pages\/1741\/revisions"}],"wp:attachment":[{"href":"https:\/\/xceed.com\/fr\/wp-json\/wp\/v2\/media?parent=1741"}],"curies":[{"name":"wp","href":"https:\/\/api.w.org\/{rel}","templated":true}]}}