{"id":901,"date":"2024-05-22T10:08:16","date_gmt":"2024-05-22T10:08:16","guid":{"rendered":"http:\/\/localhost:10003\/?post_type=product&#038;p=901"},"modified":"2026-03-20T19:31:15","modified_gmt":"2026-03-20T19:31:15","slug":"cuadernos-para-net","status":"publish","type":"product","link":"https:\/\/xceed.com\/es\/products\/net\/workbooks-for-net\/","title":{"rendered":"Workbooks para .NET"},"content":{"rendered":"<div data-elementor-type=\"product-post\" data-elementor-id=\"901\" class=\"elementor elementor-901\" data-elementor-post-type=\"product\">\n\t\t\t\t<div class=\"elementor-element elementor-element-768f64d4 e-flex e-con-boxed e-con e-parent\" data-id=\"768f64d4\" data-element_type=\"container\" data-e-type=\"container\">\n\t\t\t\t\t<div class=\"e-con-inner\">\n\t\t\t\t<div class=\"elementor-element elementor-element-643cad3e elementor-widget elementor-widget-text-editor\" data-id=\"643cad3e\" data-element_type=\"widget\" data-e-type=\"widget\" data-widget_type=\"text-editor.default\">\n\t\t\t\t<div class=\"elementor-widget-container\">\n\t\t\t\t\t\t\t\t\t<p>Cree o modifique documentos de Microsoft Excel desde sus aplicaciones .NET, sin necesidad de tener instalado Excel u Office. Es un componente r\u00e1pido y ligero, respaldado por un equipo de soporte y desarrollo receptivo cuya \u00fanica ambici\u00f3n es su completa satisfacci\u00f3n.<\/p><ul><li>Producto totalmente nuevo.<\/li><li>API f\u00e1cil de usar similar a su aplicaci\u00f3n madre : Xceed Words para .NET.<\/li><li>Desarrollo continuo. Deben publicarse nuevas versiones con regularidad.<\/li><li>Compatible con .NET 4.5, 5, 6, 7, 8 y 9<\/li><\/ul><div class=\"fusion-one-half fusion-layout-column fusion-column-last fusion-spacing-yes\">\u00a0<\/div>\t\t\t\t\t\t\t\t<\/div>\n\t\t\t\t<\/div>\n\t\t\t\t<div class=\"elementor-element elementor-element-3f45cb7 elementor-widget elementor-widget-heading\" data-id=\"3f45cb7\" data-element_type=\"widget\" data-e-type=\"widget\" data-widget_type=\"heading.default\">\n\t\t\t\t<div class=\"elementor-widget-container\">\n\t\t\t\t\t<h2 class=\"elementor-heading-title elementor-size-default\">Control total<\/h2>\t\t\t\t<\/div>\n\t\t\t\t<\/div>\n\t\t\t\t<div class=\"elementor-element elementor-element-33b4342 elementor-widget elementor-widget-text-editor\" data-id=\"33b4342\" data-element_type=\"widget\" data-e-type=\"widget\" data-widget_type=\"text-editor.default\">\n\t\t\t\t<div class=\"elementor-widget-container\">\n\t\t\t\t\t\t\t\t\t<p>Con su API f\u00e1cil de usar, Xceed Workbooks para .NET permite a su aplicaci\u00f3n crear o modificar documentos .xlsx de Microsoft Excel y le da un control total sobre el contenido de los documentos. Permite modificar el contenido de las celdas y el tama\u00f1o de columnas y filas, crear tablas formateadas, establecer y calcular f\u00f3rmulas b\u00e1sicas, cargar datos de la web y a\u00f1adir elementos como im\u00e1genes e hiperv\u00ednculos.<\/p><p>Tambi\u00e9n puede personalizar el aspecto de sus hojas de c\u00e1lculo, dar estilo al contenido de las celdas, filas o columnas utilizando distintos tipos de letra, alineaciones y opciones de formato, as\u00ed como utilizar algunas de las muchas otras funciones incluidas en Microsoft Excel, como mover, eliminar o copiar hojas de c\u00e1lculo entre distintos libros.<\/p>\t\t\t\t\t\t\t\t<\/div>\n\t\t\t\t<\/div>\n\t\t\t\t<div class=\"elementor-element elementor-element-f31f9fd elementor-widget elementor-widget-heading\" data-id=\"f31f9fd\" data-element_type=\"widget\" data-e-type=\"widget\" data-widget_type=\"heading.default\">\n\t\t\t\t<div class=\"elementor-widget-container\">\n\t\t\t\t\t<h2 class=\"elementor-heading-title elementor-size-default\">Tambi\u00e9n es una gran herramienta de informaci\u00f3n<\/h2>\t\t\t\t<\/div>\n\t\t\t\t<\/div>\n\t\t\t\t<div class=\"elementor-element elementor-element-401e4b8 elementor-widget elementor-widget-text-editor\" data-id=\"401e4b8\" data-element_type=\"widget\" data-e-type=\"widget\" data-widget_type=\"text-editor.default\">\n\t\t\t\t<div class=\"elementor-widget-container\">\n\t\t\t\t\t\t\t\t\t<p>De hecho, Xceed Workbooks para .NET le permite crear informes de empresa que primero dise\u00f1a con las conocidas y ricas capacidades de edici\u00f3n de Microsoft Excel en lugar de con el editor personalizado de una herramienta de informes. A continuaci\u00f3n, puede utilizar el documento dise\u00f1ado como una plantilla que puede personalizar mediante programaci\u00f3n antes de enviar cada informe.<\/p><p>Tambi\u00e9n puede utilizar Xceed Workbooks para .NET para crear facturas mediante programaci\u00f3n, a\u00f1adir datos a hojas de c\u00e1lculo, etc.<\/p>\t\t\t\t\t\t\t\t<\/div>\n\t\t\t\t<\/div>\n\t\t\t\t<div class=\"elementor-element elementor-element-0a9a7c6 elementor-widget elementor-widget-heading\" data-id=\"0a9a7c6\" data-element_type=\"widget\" data-e-type=\"widget\" data-widget_type=\"heading.default\">\n\t\t\t\t<div class=\"elementor-widget-container\">\n\t\t\t\t\t<h2 class=\"elementor-heading-title elementor-size-default\">Creado por expertos<\/h2>\t\t\t\t<\/div>\n\t\t\t\t<\/div>\n\t\t\t\t<div class=\"elementor-element elementor-element-28b5b88 elementor-widget elementor-widget-text-editor\" data-id=\"28b5b88\" data-element_type=\"widget\" data-e-type=\"widget\" data-widget_type=\"text-editor.default\">\n\t\t\t\t<div class=\"elementor-widget-container\">\n\t\t\t\t\t\t\t\t\t<p>Desarrollado por el equipo detr\u00e1s de nuestro producto Xceed Words para .NET, el desarrollo de este producto se ha beneficiado enormemente de todos los a\u00f1os dedicados a trabajar en su aplicaci\u00f3n madre. Nos hemos asegurado de incluir desde el principio las funciones m\u00e1s necesarias y solicitadas, y se ir\u00e1n a\u00f1adiendo nuevas posibilidades a medida que recibamos nuevas peticiones y comentarios de nuestros usuarios.<\/p><p><span style=\"text-decoration: underline;\">Tenga en cuenta que este producto no admite devoluci\u00f3n.<\/span><\/p>\t\t\t\t\t\t\t\t<\/div>\n\t\t\t\t<\/div>\n\t\t\t\t\t<\/div>\n\t\t\t\t<\/div>\n\t\t<div class=\"elementor-element elementor-element-7ac2ea9 e-flex e-con-boxed e-con e-parent\" data-id=\"7ac2ea9\" data-element_type=\"container\" data-e-type=\"container\">\n\t\t\t\t\t<div class=\"e-con-inner\">\n\t\t<div class=\"elementor-element elementor-element-fde11b4 e-con-full e-flex e-con e-child\" data-id=\"fde11b4\" data-element_type=\"container\" data-e-type=\"container\">\n\t\t\t\t<div class=\"elementor-element elementor-element-16483d2 e-n-tabs-mobile elementor-widget elementor-widget-n-tabs\" data-id=\"16483d2\" data-element_type=\"widget\" data-e-type=\"widget\" data-widget_type=\"nested-tabs.default\">\n\t\t\t\t<div class=\"elementor-widget-container\">\n\t\t\t\t\t\t\t<div class=\"e-n-tabs\" data-widget-number=\"23364562\" aria-label=\"Pesta\u00f1as. Abre elementos con Intro o Espacio, ci\u00e9rralos con Escape y navega con las fechas.\">\n\t\t\t<div class=\"e-n-tabs-heading\" role=\"tablist\">\n\t\t\t\t\t<button id=\"e-n-tab-title-233645621\" data-tab-title-id=\"e-n-tab-title-233645621\" class=\"e-n-tab-title\" aria-selected=\"true\" data-tab-index=\"1\" role=\"tab\" tabindex=\"0\" aria-controls=\"e-n-tab-content-233645621\" style=\"--n-tabs-title-order: 1;\">\n\t\t\t\t\t\t<span class=\"e-n-tab-title-text\">\n\t\t\t\tTecnolog\u00eda .Net\t\t\t<\/span>\n\t\t<\/button>\n\t\t\t\t\t<\/div>\n\t\t\t<div class=\"e-n-tabs-content\">\n\t\t\t\t<div id=\"e-n-tab-content-233645621\" role=\"tabpanel\" aria-labelledby=\"e-n-tab-title-233645621\" data-tab-index=\"1\" style=\"--n-tabs-title-order: 1;\" class=\"e-active elementor-element elementor-element-17eb83f e-con-full e-flex e-con e-child\" data-id=\"17eb83f\" data-element_type=\"container\" data-e-type=\"container\">\n\t\t\t\t<div class=\"elementor-element elementor-element-79d412f elementor-widget elementor-widget-text-editor\" data-id=\"79d412f\" data-element_type=\"widget\" data-e-type=\"widget\" data-widget_type=\"text-editor.default\">\n\t\t\t\t<div class=\"elementor-widget-container\">\n\t\t\t\t\t\t\t\t\t<ul>\n<li>Dise\u00f1o orientado a objetos creado espec\u00edficamente para el marco .NET.<\/li>\n<li>Compatible con .NET6+ y admite .NET5, .NET 4.0 y superior, ASP.NET 4.0 y superior y Visual Studio 2010 y superior.<\/li>\n<li>Compatible con VB.NET, C# y Managed C++.<\/li>\n<li>C\u00f3digo gestionado 100%, escrito en C#.<\/li>\n<li>C\u00f3digo fuente incluido con la suscripci\u00f3n a Blueprint.<\/li>\n<li>Tratamiento de errores exclusivamente mediante clases de excepci\u00f3n .NET.<\/li>\n<li>No es necesario deshacerse expl\u00edcitamente de los objetos.<\/li>\n<li>Compatible con CLS (Common Language Specification) sin bloques inseguros, para requisitos m\u00ednimos de permisos.<\/li>\n<li>Documentaci\u00f3n integrada en Visual Studio.<\/li>\n<li>Incluye una aplicaci\u00f3n de ejemplo comentada que demuestra cada funci\u00f3n creando o modificando archivos de documentos Excel.<\/li>\n<li>La versi\u00f3n .NET 4.X se compila utilizando el perfil de cliente de .NET.<\/li>\n<\/ul>\t\t\t\t\t\t\t\t<\/div>\n\t\t\t\t<\/div>\n\t\t\t\t<\/div>\n\t\t\t\t\t<\/div>\n\t\t<\/div>\n\t\t\t\t\t\t<\/div>\n\t\t\t\t<\/div>\n\t\t\t\t<\/div>\n\t\t\t\t\t<\/div>\n\t\t\t\t<\/div>\n\t\t\t\t<\/div>","protected":false},"excerpt":{"rendered":"<p>Cree o modifique documentos de Microsoft Excel desde sus aplicaciones .NET, sin necesidad de tener instalado Excel u Office. Es un componente r\u00e1pido y ligero, respaldado por un equipo de soporte y desarrollo receptivo cuya \u00fanica ambici\u00f3n es su completa satisfacci\u00f3n.<\/p>","protected":false},"featured_media":902,"template":"","meta":{"_acf_changed":false},"product_brand":[],"product_cat":[18],"product_tag":[],"class_list":{"0":"post-901","1":"product","2":"type-product","3":"status-publish","4":"has-post-thumbnail","6":"product_cat-net","8":"first","9":"instock","10":"sale","11":"taxable","12":"shipping-taxable","13":"purchasable","14":"product-type-variable"},"acf":[],"yoast_head":"<!-- This site is optimized with the Yoast SEO plugin v27.6 - https:\/\/yoast.com\/product\/yoast-seo-wordpress\/ -->\n<title>Workbooks for .NET Applications | Xceed<\/title>\n<meta name=\"description\" content=\"Workbooks for .NET provides a comprehensive suite of spreadsheet processing components for .NET developers. Create and manipulate Word documents with ease.\" \/>\n<meta name=\"robots\" content=\"index, follow, max-snippet:-1, max-image-preview:large, max-video-preview:-1\" \/>\n<link rel=\"canonical\" href=\"https:\/\/xceed.com\/es\/productos\/net\/cuadernos-para-net\/\" \/>\n<meta property=\"og:locale\" content=\"es_MX\" \/>\n<meta property=\"og:type\" content=\"article\" \/>\n<meta property=\"og:title\" content=\"Workbooks for .NET Applications | Xceed\" \/>\n<meta property=\"og:description\" content=\"Workbooks for .NET provides a comprehensive suite of spreadsheet processing components for .NET developers. Create and manipulate Word documents with ease.\" \/>\n<meta property=\"og:url\" content=\"https:\/\/xceed.com\/es\/productos\/net\/cuadernos-para-net\/\" \/>\n<meta property=\"og:site_name\" content=\"Xceed\" \/>\n<meta property=\"article:modified_time\" content=\"2026-03-20T19:31:15+00:00\" \/>\n<meta property=\"og:image\" content=\"https:\/\/xceed.com\/wp-content\/uploads\/2024\/05\/Product-Workbooks-for-.NET_.png\" \/>\n\t<meta property=\"og:image:width\" content=\"300\" \/>\n\t<meta property=\"og:image:height\" content=\"300\" \/>\n\t<meta property=\"og:image:type\" content=\"image\/png\" \/>\n<meta name=\"twitter:card\" content=\"summary_large_image\" \/>\n<meta name=\"twitter:label1\" content=\"Est. reading time\" \/>\n\t<meta name=\"twitter:data1\" content=\"3 minutos\" \/>\n<script type=\"application\/ld+json\" class=\"yoast-schema-graph\">{\"@context\":\"https:\\\/\\\/schema.org\",\"@graph\":[{\"@type\":\"WebPage\",\"@id\":\"https:\\\/\\\/xceed.com\\\/products\\\/net\\\/workbooks-for-net\\\/\",\"url\":\"https:\\\/\\\/xceed.com\\\/products\\\/net\\\/workbooks-for-net\\\/\",\"name\":\"Workbooks for .NET Applications | Xceed\",\"isPartOf\":{\"@id\":\"https:\\\/\\\/xceed.com\\\/fr\\\/#website\"},\"primaryImageOfPage\":{\"@id\":\"https:\\\/\\\/xceed.com\\\/products\\\/net\\\/workbooks-for-net\\\/#primaryimage\"},\"image\":{\"@id\":\"https:\\\/\\\/xceed.com\\\/products\\\/net\\\/workbooks-for-net\\\/#primaryimage\"},\"thumbnailUrl\":\"https:\\\/\\\/xceed.com\\\/wp-content\\\/uploads\\\/2024\\\/05\\\/Product-Workbooks-for-.NET_.png\",\"datePublished\":\"2024-05-22T10:08:16+00:00\",\"dateModified\":\"2026-03-20T19:31:15+00:00\",\"description\":\"Workbooks for .NET provides a comprehensive suite of spreadsheet processing components for .NET developers. Create and manipulate Word documents with ease.\",\"breadcrumb\":{\"@id\":\"https:\\\/\\\/xceed.com\\\/products\\\/net\\\/workbooks-for-net\\\/#breadcrumb\"},\"inLanguage\":\"es\",\"potentialAction\":[{\"@type\":\"ReadAction\",\"target\":[\"https:\\\/\\\/xceed.com\\\/products\\\/net\\\/workbooks-for-net\\\/\"]}]},{\"@type\":\"ImageObject\",\"inLanguage\":\"es\",\"@id\":\"https:\\\/\\\/xceed.com\\\/products\\\/net\\\/workbooks-for-net\\\/#primaryimage\",\"url\":\"https:\\\/\\\/xceed.com\\\/wp-content\\\/uploads\\\/2024\\\/05\\\/Product-Workbooks-for-.NET_.png\",\"contentUrl\":\"https:\\\/\\\/xceed.com\\\/wp-content\\\/uploads\\\/2024\\\/05\\\/Product-Workbooks-for-.NET_.png\",\"width\":300,\"height\":300},{\"@type\":\"BreadcrumbList\",\"@id\":\"https:\\\/\\\/xceed.com\\\/products\\\/net\\\/workbooks-for-net\\\/#breadcrumb\",\"itemListElement\":[{\"@type\":\"ListItem\",\"position\":1,\"name\":\"Home\",\"item\":\"https:\\\/\\\/xceed.com\\\/\"},{\"@type\":\"ListItem\",\"position\":2,\"name\":\"Workbooks for .NET\"}]},{\"@type\":\"WebSite\",\"@id\":\"https:\\\/\\\/xceed.com\\\/fr\\\/#website\",\"url\":\"https:\\\/\\\/xceed.com\\\/fr\\\/\",\"name\":\"Xceed\",\"description\":\"Provides tools for .NET, Windows Forms, WPF, Silverlight, and ASP.NET developers to create better applications.\",\"publisher\":{\"@id\":\"https:\\\/\\\/xceed.com\\\/fr\\\/#organization\"},\"potentialAction\":[{\"@type\":\"SearchAction\",\"target\":{\"@type\":\"EntryPoint\",\"urlTemplate\":\"https:\\\/\\\/xceed.com\\\/fr\\\/?s={search_term_string}\"},\"query-input\":{\"@type\":\"PropertyValueSpecification\",\"valueRequired\":true,\"valueName\":\"search_term_string\"}}],\"inLanguage\":\"es\"},{\"@type\":\"Organization\",\"@id\":\"https:\\\/\\\/xceed.com\\\/fr\\\/#organization\",\"name\":\"Xceed\",\"url\":\"https:\\\/\\\/xceed.com\\\/fr\\\/\",\"logo\":{\"@type\":\"ImageObject\",\"inLanguage\":\"es\",\"@id\":\"https:\\\/\\\/xceed.com\\\/fr\\\/#\\\/schema\\\/logo\\\/image\\\/\",\"url\":\"https:\\\/\\\/xceed.com\\\/wp-content\\\/uploads\\\/2024\\\/04\\\/cropped-xceed-logo.png\",\"contentUrl\":\"https:\\\/\\\/xceed.com\\\/wp-content\\\/uploads\\\/2024\\\/04\\\/cropped-xceed-logo.png\",\"width\":609,\"height\":150,\"caption\":\"Xceed\"},\"image\":{\"@id\":\"https:\\\/\\\/xceed.com\\\/fr\\\/#\\\/schema\\\/logo\\\/image\\\/\"}}]}<\/script>\n<!-- \/ Yoast SEO plugin. -->","yoast_head_json":{"title":"Cuadernos de trabajo para aplicaciones .NET | Xceed","description":"Workbooks for .NET proporciona un completo conjunto de componentes de procesamiento de hojas de c\u00e1lculo para desarrolladores .NET. Cree y manipule documentos de Word con facilidad.","robots":{"index":"index","follow":"follow","max-snippet":"max-snippet:-1","max-image-preview":"max-image-preview:large","max-video-preview":"max-video-preview:-1"},"canonical":"https:\/\/xceed.com\/es\/productos\/net\/cuadernos-para-net\/","og_locale":"es_MX","og_type":"article","og_title":"Workbooks for .NET Applications | Xceed","og_description":"Workbooks for .NET provides a comprehensive suite of spreadsheet processing components for .NET developers. Create and manipulate Word documents with ease.","og_url":"https:\/\/xceed.com\/es\/productos\/net\/cuadernos-para-net\/","og_site_name":"Xceed","article_modified_time":"2026-03-20T19:31:15+00:00","og_image":[{"width":300,"height":300,"url":"https:\/\/xceed.com\/wp-content\/uploads\/2024\/05\/Product-Workbooks-for-.NET_.png","type":"image\/png"}],"twitter_card":"summary_large_image","twitter_misc":{"Est. reading time":"3 minutos"},"schema":{"@context":"https:\/\/schema.org","@graph":[{"@type":"WebPage","@id":"https:\/\/xceed.com\/products\/net\/workbooks-for-net\/","url":"https:\/\/xceed.com\/products\/net\/workbooks-for-net\/","name":"Cuadernos de trabajo para aplicaciones .NET | Xceed","isPartOf":{"@id":"https:\/\/xceed.com\/fr\/#website"},"primaryImageOfPage":{"@id":"https:\/\/xceed.com\/products\/net\/workbooks-for-net\/#primaryimage"},"image":{"@id":"https:\/\/xceed.com\/products\/net\/workbooks-for-net\/#primaryimage"},"thumbnailUrl":"https:\/\/xceed.com\/wp-content\/uploads\/2024\/05\/Product-Workbooks-for-.NET_.png","datePublished":"2024-05-22T10:08:16+00:00","dateModified":"2026-03-20T19:31:15+00:00","description":"Workbooks for .NET proporciona un completo conjunto de componentes de procesamiento de hojas de c\u00e1lculo para desarrolladores .NET. Cree y manipule documentos de Word con facilidad.","breadcrumb":{"@id":"https:\/\/xceed.com\/products\/net\/workbooks-for-net\/#breadcrumb"},"inLanguage":"es","potentialAction":[{"@type":"ReadAction","target":["https:\/\/xceed.com\/products\/net\/workbooks-for-net\/"]}]},{"@type":"ImageObject","inLanguage":"es","@id":"https:\/\/xceed.com\/products\/net\/workbooks-for-net\/#primaryimage","url":"https:\/\/xceed.com\/wp-content\/uploads\/2024\/05\/Product-Workbooks-for-.NET_.png","contentUrl":"https:\/\/xceed.com\/wp-content\/uploads\/2024\/05\/Product-Workbooks-for-.NET_.png","width":300,"height":300},{"@type":"BreadcrumbList","@id":"https:\/\/xceed.com\/products\/net\/workbooks-for-net\/#breadcrumb","itemListElement":[{"@type":"ListItem","position":1,"name":"Home","item":"https:\/\/xceed.com\/"},{"@type":"ListItem","position":2,"name":"Workbooks for .NET"}]},{"@type":"WebSite","@id":"https:\/\/xceed.com\/fr\/#website","url":"https:\/\/xceed.com\/fr\/","name":"Xceed","description":"Proporciona herramientas para que los desarrolladores de .NET, Windows Forms, WPF, Silverlight y ASP.NET puedan crear mejores aplicaciones.","publisher":{"@id":"https:\/\/xceed.com\/fr\/#organization"},"potentialAction":[{"@type":"SearchAction","target":{"@type":"EntryPoint","urlTemplate":"https:\/\/xceed.com\/fr\/?s={search_term_string}"},"query-input":{"@type":"PropertyValueSpecification","valueRequired":true,"valueName":"search_term_string"}}],"inLanguage":"es"},{"@type":"Organization","@id":"https:\/\/xceed.com\/fr\/#organization","name":"Xceed","url":"https:\/\/xceed.com\/fr\/","logo":{"@type":"ImageObject","inLanguage":"es","@id":"https:\/\/xceed.com\/fr\/#\/schema\/logo\/image\/","url":"https:\/\/xceed.com\/wp-content\/uploads\/2024\/04\/cropped-xceed-logo.png","contentUrl":"https:\/\/xceed.com\/wp-content\/uploads\/2024\/04\/cropped-xceed-logo.png","width":609,"height":150,"caption":"Xceed"},"image":{"@id":"https:\/\/xceed.com\/fr\/#\/schema\/logo\/image\/"}}]}},"_links":{"self":[{"href":"https:\/\/xceed.com\/es\/wp-json\/wp\/v2\/product\/901","targetHints":{"allow":["GET"]}}],"collection":[{"href":"https:\/\/xceed.com\/es\/wp-json\/wp\/v2\/product"}],"about":[{"href":"https:\/\/xceed.com\/es\/wp-json\/wp\/v2\/types\/product"}],"version-history":[{"count":0,"href":"https:\/\/xceed.com\/es\/wp-json\/wp\/v2\/product\/901\/revisions"}],"wp:featuredmedia":[{"embeddable":true,"href":"https:\/\/xceed.com\/es\/wp-json\/wp\/v2\/media\/902"}],"wp:attachment":[{"href":"https:\/\/xceed.com\/es\/wp-json\/wp\/v2\/media?parent=901"}],"wp:term":[{"taxonomy":"product_brand","embeddable":true,"href":"https:\/\/xceed.com\/es\/wp-json\/wp\/v2\/product_brand?post=901"},{"taxonomy":"product_cat","embeddable":true,"href":"https:\/\/xceed.com\/es\/wp-json\/wp\/v2\/product_cat?post=901"},{"taxonomy":"product_tag","embeddable":true,"href":"https:\/\/xceed.com\/es\/wp-json\/wp\/v2\/product_tag?post=901"}],"curies":[{"name":"wp","href":"https:\/\/api.w.org\/{rel}","templated":true}]}}