{"id":383,"date":"2024-04-16T23:45:45","date_gmt":"2024-04-16T23:45:45","guid":{"rendered":"http:\/\/localhost:10003\/?post_type=product&#038;p=383"},"modified":"2026-03-20T18:06:10","modified_gmt":"2026-03-20T18:06:10","slug":"suite-empresarial","status":"publish","type":"product","link":"https:\/\/xceed.com\/es\/products\/suite\/business-suite\/","title":{"rendered":"Suite Business"},"content":{"rendered":"<div data-elementor-type=\"product-post\" data-elementor-id=\"383\" class=\"elementor elementor-383\" data-elementor-post-type=\"product\">\n\t\t\t\t<div class=\"elementor-element elementor-element-3a1d6a1c e-flex e-con-boxed e-con e-parent\" data-id=\"3a1d6a1c\" data-element_type=\"container\" data-e-type=\"container\">\n\t\t\t\t\t<div class=\"e-con-inner\">\n\t\t\t\t<div class=\"elementor-element elementor-element-20c3b4aa elementor-widget elementor-widget-text-editor\" data-id=\"20c3b4aa\" data-element_type=\"widget\" data-e-type=\"widget\" data-widget_type=\"text-editor.default\">\n\t\t\t\t<div class=\"elementor-widget-container\">\n\t\t\t\t\t\t\t\t\t<p>Un conjunto esencial de 117 controles, paneles y temas WPF de alta calidad y rendimiento. Incluye la cuadr\u00edcula de datos WPF m\u00e1s apreciada del sector. Respaldado por un equipo de soporte y desarrollo receptivo cuya \u00fanica ambici\u00f3n es su completa satisfacci\u00f3n.<\/p><ul><li>117 Controles WPF<\/li><li>11 temas<\/li><li>Actualizado con frecuencia<\/li><\/ul><blockquote><h5 data-fontsize=\"34\" data-lineheight=\"47\">Haga coincidir la visi\u00f3n que tiene de la experiencia de usuario de su aplicaci\u00f3n WPF y supere las expectativas corporativas.<\/h5><\/blockquote><div class=\"fusion-one-half fusion-layout-column fusion-spacing-yes\"><div class=\"fusion-column-wrapper\"><p>Este conjunto de controles WPF meticulosamente elaborados llena las lagunas de WPF y tambi\u00e9n proporciona la cuadr\u00edcula de datos WPF m\u00e1s adoptada y actualizada del sector. Tambi\u00e9n se incluyen temas de calidad profesional para dar estilo a toda la aplicaci\u00f3n WPF y conseguir un aspecto refinado.<\/p><h3 data-fontsize=\"18\" data-lineheight=\"27\">Cuadr\u00edcula de datos<\/h3><p>Incluye el r\u00e1pido, potente y maduro Xceed DataGrid para WPF. El \u00fanico datagrid WPF que proporciona una experiencia de usuario rica, fluida y de alto rendimiento. Tiene el conjunto de caracter\u00edsticas m\u00e1s rico con m\u00e1s de 185 capacidades y proporciona desplazamiento suave avanzado y virtualizaci\u00f3n de datos zero-lag.<\/p><h3 data-fontsize=\"18\" data-lineheight=\"27\">Caja de herramientas<\/h3><p>Incluye Xceed Toolkit Plus para WPF, la colecci\u00f3n m\u00e1s utilizada de controles, paneles y temas WPF para crear aplicaciones Windows de nueva generaci\u00f3n. Descargado m\u00e1s de\u00a0<strong>1 mill\u00f3n<\/strong>\u00a0veces.<\/p><\/div><\/div><div class=\"fusion-one-half fusion-layout-column fusion-column-last fusion-spacing-yes\"><div class=\"fusion-column-wrapper\"><h3 data-fontsize=\"18\" data-lineheight=\"27\">Temas<\/h3><p>Permite a sus desarrolladores o dise\u00f1adores dar estilo a cualquier aplicaci\u00f3n WPF en cuesti\u00f3n de minutos con temas atractivos y pulidos, creando interfaces de usuario uniformes para aplicaciones comerciales. Incluye Windows 10, Metro, Office, Windows 8 y Windows 7 y algunos temas originales creados por dise\u00f1adores.<\/p><h3 data-fontsize=\"18\" data-lineheight=\"27\">De confianza<\/h3><p>Xceed no s\u00f3lo son pioneros en WPF, habiendo lanzado el primer control comercial WPF en 2007, sino que tambi\u00e9n han estado haciendo bibliotecas y controles para desarrolladores de Windows durante m\u00e1s de 20 a\u00f1os. Xceed controles y bibliotecas han sido de confianza y utilizado en innumerables aplicaciones bancarias, de seguros, militares, gubernamentales, y tambi\u00e9n por Microsoft en Windows, Visual Studio, Office, y m\u00e1s.<\/p><h3 data-fontsize=\"18\" data-lineheight=\"27\">Soporte<\/h3><p>Los controles WPF de Xceed se actualizan con frecuencia y nuestro equipo de soporte t\u00e9cnico est\u00e1 a su disposici\u00f3n para ayudarle a usted y a su equipo de desarrollo con cualquier pregunta o problema que tenga, para que pueda terminar sus proyectos WPF a tiempo.<\/p><\/div><\/div>\t\t\t\t\t\t\t\t<\/div>\n\t\t\t\t<\/div>\n\t\t\t\t\t<\/div>\n\t\t\t\t<\/div>\n\t\t<div class=\"elementor-element elementor-element-8092ebc e-flex e-con-boxed e-con e-parent\" data-id=\"8092ebc\" data-element_type=\"container\" data-e-type=\"container\">\n\t\t\t\t\t<div class=\"e-con-inner\">\n\t\t<div class=\"elementor-element elementor-element-c89e68d e-con-full e-flex e-con e-child\" data-id=\"c89e68d\" data-element_type=\"container\" data-e-type=\"container\">\n\t\t\t\t<div class=\"elementor-element elementor-element-6f41c64 e-n-tabs-mobile elementor-widget elementor-widget-n-tabs\" data-id=\"6f41c64\" data-element_type=\"widget\" data-e-type=\"widget\" data-widget_type=\"nested-tabs.default\">\n\t\t\t\t<div class=\"elementor-widget-container\">\n\t\t\t\t\t\t\t<div class=\"e-n-tabs\" data-widget-number=\"116661348\" aria-label=\"Pesta\u00f1as. Abre elementos con Intro o Espacio, ci\u00e9rralos con Escape y navega con las Flechas.\">\n\t\t\t<div class=\"e-n-tabs-heading\" role=\"tablist\">\n\t\t\t\t\t<button id=\"e-n-tab-title-1166613481\" data-tab-title-id=\"e-n-tab-title-1166613481\" class=\"e-n-tab-title\" aria-selected=\"true\" data-tab-index=\"1\" role=\"tab\" tabindex=\"0\" aria-controls=\"e-n-tab-content-1166613481\" style=\"--n-tabs-title-order: 1;\">\n\t\t\t\t\t\t<span class=\"e-n-tab-title-text\">\n\t\t\t\tAspectos t\u00e9cnicos de WPF y .NET\t\t\t<\/span>\n\t\t<\/button>\n\t\t\t\t<button id=\"e-n-tab-title-1166613482\" data-tab-title-id=\"e-n-tab-title-1166613482\" class=\"e-n-tab-title\" aria-selected=\"false\" data-tab-index=\"2\" role=\"tab\" tabindex=\"-1\" aria-controls=\"e-n-tab-content-1166613482\" style=\"--n-tabs-title-order: 2;\">\n\t\t\t\t\t\t<span class=\"e-n-tab-title-text\">\n\t\t\t\tControles WPF incluidos\t\t\t<\/span>\n\t\t<\/button>\n\t\t\t\t\t<\/div>\n\t\t\t<div class=\"e-n-tabs-content\">\n\t\t\t\t<div id=\"e-n-tab-content-1166613481\" role=\"tabpanel\" aria-labelledby=\"e-n-tab-title-1166613481\" data-tab-index=\"1\" style=\"--n-tabs-title-order: 1;\" class=\"e-active elementor-element elementor-element-aab1ea1 e-con-full e-flex e-con e-child\" data-id=\"aab1ea1\" data-element_type=\"container\" data-e-type=\"container\">\n\t\t\t\t<div class=\"elementor-element elementor-element-f5c1646 elementor-widget elementor-widget-text-editor\" data-id=\"f5c1646\" data-element_type=\"widget\" data-e-type=\"widget\" data-widget_type=\"text-editor.default\">\n\t\t\t\t<div class=\"elementor-widget-container\">\n\t\t\t\t\t\t\t\t\t<ul>\n<li>Todos los controles creados \u00edntegramente para WPF y construidos para todas las versiones .NET 4.X, .NET Core 3.0 y superiores, y escritos en C# y XAML. Est\u00e1n disponibles las versiones .NET\/WPF 2.0\/3.5.<\/li>\n<li>Puede utilizarse junto con los patrones de dise\u00f1o y arquitectura MVVM y MVC.<\/li>\n<li>C\u00f3digo fuente disponible con la suscripci\u00f3n Blueprint.<\/li>\n<li>Los controles admiten la virtualizaci\u00f3n de la interfaz de usuario.<\/li>\n<li>Soporte en tiempo de dise\u00f1o.<\/li>\n<li>Cumple con CLS, no utiliza bloques inseguros. No se requieren permisos especiales, puede ejecutarse dentro de conjuntos de permisos limitados.<\/li>\n<li>Basado en un modelo de objetos flexible y extensible, con elementos visuales modulares y reutilizables.<\/li>\n<li>Admite la infraestructura de comandos WPF.<\/li>\n<li>Se proporciona una completa documentaci\u00f3n totalmente integrada en Visual Studio.<\/li>\n<li>Admite entintado de derecha a izquierda.<\/li>\n<li>Admite ajustes regionales, incluidos n\u00fameros, tipo de dinero, fechas, etc.<\/li>\n<li>Todo el manejo de errores funciona a trav\u00e9s de clases de excepci\u00f3n .NET.<\/li>\n<li>Tambi\u00e9n puede utilizarse en sus aplicaciones Windows Forms.<\/li>\n<\/ul>\t\t\t\t\t\t\t\t<\/div>\n\t\t\t\t<\/div>\n\t\t\t\t<\/div>\n\t\t<div id=\"e-n-tab-content-1166613482\" role=\"tabpanel\" aria-labelledby=\"e-n-tab-title-1166613482\" data-tab-index=\"2\" style=\"--n-tabs-title-order: 2;\" class=\"elementor-element elementor-element-db8a0f0 e-con-full e-flex e-con e-child\" data-id=\"db8a0f0\" data-element_type=\"container\" data-e-type=\"container\">\n\t\t\t\t<div class=\"elementor-element elementor-element-b2a5273 elementor-widget elementor-widget-text-editor\" data-id=\"b2a5273\" data-element_type=\"widget\" data-e-type=\"widget\" data-widget_type=\"text-editor.default\">\n\t\t\t\t<div class=\"elementor-widget-container\">\n\t\t\t\t\t\t\t\t\t<ul>\n \t<li>Incluye Xceed DataGrid para WPF, la cuadr\u00edcula de datos m\u00e1s potente y m\u00e1s utilizada para WPF. 100% estilizable y planificable, y cuenta con una rica edici\u00f3n en el lugar, la agrupaci\u00f3n de gran alcance y jer\u00e1rquica vistas maestro \/ detalle, cero-lag virtualizaci\u00f3n de datos, y muchas otras caracter\u00edsticas.<\/li>\n \t<li>Incluye Xceed Toolkit Plus para WPF, que proporciona 93 controles de interfaz de usuario, paneles y temas. Es el kit de herramientas de control WPF n\u00famero uno para crear aplicaciones Windows de \u00faltima generaci\u00f3n.<\/li>\n \t<li>Incluye Xceed Pro Themes para WPF, que le permite tematizar toda su aplicaci\u00f3n WPF en s\u00f3lo unos minutos. Proporciona 11 temas meticulosamente creados y respaldados por los experimentados equipos de dise\u00f1o t\u00e9cnico y artista gr\u00e1fico de WPF de Xceed.<\/li>\n<\/ul>\t\t\t\t\t\t\t\t<\/div>\n\t\t\t\t<\/div>\n\t\t\t\t<\/div>\n\t\t\t\t\t<\/div>\n\t\t<\/div>\n\t\t\t\t\t\t<\/div>\n\t\t\t\t<\/div>\n\t\t\t\t<\/div>\n\t\t\t\t\t<\/div>\n\t\t\t\t<\/div>\n\t\t\t\t<\/div>","protected":false},"excerpt":{"rendered":"<p class=\"p1\">Un conjunto de 117 controles, paneles y temas WPF de alto rendimiento, incluido el popular datagrid WPF. Respaldado por un soporte receptivo para su completa satisfacci\u00f3n.<\/p>","protected":false},"featured_media":388,"template":"","meta":{"_acf_changed":false},"product_brand":[],"product_cat":[28],"product_tag":[],"class_list":{"0":"post-383","1":"product","2":"type-product","3":"status-publish","4":"has-post-thumbnail","6":"product_cat-suite","8":"first","9":"instock","10":"taxable","11":"shipping-taxable","12":"purchasable","13":"product-type-variable"},"acf":[],"yoast_head":"<!-- This site is optimized with the Yoast SEO plugin v27.4 - https:\/\/yoast.com\/product\/yoast-seo-wordpress\/ -->\n<title>High Performance WPF Controls, Datagrid, Charts, Panels &amp; Themes | Xceed<\/title>\n<meta name=\"description\" content=\"Discover our Business Suite complete with 117 WPF controls, 11 WPF themes and our renowned WPF datagrid. Enjoy 93 UI panel controls in the #1 WPF toolkit.\" \/>\n<meta name=\"robots\" content=\"index, follow, max-snippet:-1, max-image-preview:large, max-video-preview:-1\" \/>\n<link rel=\"canonical\" href=\"https:\/\/xceed.com\/es\/productos\/suite\/suite-empresarial\/\" \/>\n<meta property=\"og:locale\" content=\"es_MX\" \/>\n<meta property=\"og:type\" content=\"article\" \/>\n<meta property=\"og:title\" content=\"High Performance WPF Controls, Datagrid, Charts, Panels &amp; Themes | Xceed\" \/>\n<meta property=\"og:description\" content=\"Discover our Business Suite complete with 117 WPF controls, 11 WPF themes and our renowned WPF datagrid. Enjoy 93 UI panel controls in the #1 WPF toolkit.\" \/>\n<meta property=\"og:url\" content=\"https:\/\/xceed.com\/es\/productos\/suite\/suite-empresarial\/\" \/>\n<meta property=\"og:site_name\" content=\"Xceed\" \/>\n<meta property=\"article:modified_time\" content=\"2026-03-20T18:06:10+00:00\" \/>\n<meta property=\"og:image\" content=\"https:\/\/xceed.com\/wp-content\/uploads\/2024\/04\/business-suite.png\" \/>\n\t<meta property=\"og:image:width\" content=\"500\" \/>\n\t<meta property=\"og:image:height\" content=\"500\" \/>\n\t<meta property=\"og:image:type\" content=\"image\/png\" \/>\n<meta name=\"twitter:card\" content=\"summary_large_image\" \/>\n<meta name=\"twitter:label1\" content=\"Est. reading time\" \/>\n\t<meta name=\"twitter:data1\" content=\"4 minutos\" \/>\n<script type=\"application\/ld+json\" class=\"yoast-schema-graph\">{\"@context\":\"https:\\\/\\\/schema.org\",\"@graph\":[{\"@type\":\"WebPage\",\"@id\":\"https:\\\/\\\/xceed.com\\\/products\\\/suite\\\/business-suite\\\/\",\"url\":\"https:\\\/\\\/xceed.com\\\/products\\\/suite\\\/business-suite\\\/\",\"name\":\"High Performance WPF Controls, Datagrid, Charts, Panels & Themes | Xceed\",\"isPartOf\":{\"@id\":\"https:\\\/\\\/xceed.com\\\/fr\\\/#website\"},\"primaryImageOfPage\":{\"@id\":\"https:\\\/\\\/xceed.com\\\/products\\\/suite\\\/business-suite\\\/#primaryimage\"},\"image\":{\"@id\":\"https:\\\/\\\/xceed.com\\\/products\\\/suite\\\/business-suite\\\/#primaryimage\"},\"thumbnailUrl\":\"https:\\\/\\\/xceed.com\\\/wp-content\\\/uploads\\\/2024\\\/04\\\/business-suite.png\",\"datePublished\":\"2024-04-16T23:45:45+00:00\",\"dateModified\":\"2026-03-20T18:06:10+00:00\",\"description\":\"Discover our Business Suite complete with 117 WPF controls, 11 WPF themes and our renowned WPF datagrid. Enjoy 93 UI panel controls in the #1 WPF toolkit.\",\"breadcrumb\":{\"@id\":\"https:\\\/\\\/xceed.com\\\/products\\\/suite\\\/business-suite\\\/#breadcrumb\"},\"inLanguage\":\"es\",\"potentialAction\":[{\"@type\":\"ReadAction\",\"target\":[\"https:\\\/\\\/xceed.com\\\/products\\\/suite\\\/business-suite\\\/\"]}]},{\"@type\":\"ImageObject\",\"inLanguage\":\"es\",\"@id\":\"https:\\\/\\\/xceed.com\\\/products\\\/suite\\\/business-suite\\\/#primaryimage\",\"url\":\"https:\\\/\\\/xceed.com\\\/wp-content\\\/uploads\\\/2024\\\/04\\\/business-suite.png\",\"contentUrl\":\"https:\\\/\\\/xceed.com\\\/wp-content\\\/uploads\\\/2024\\\/04\\\/business-suite.png\",\"width\":500,\"height\":500},{\"@type\":\"BreadcrumbList\",\"@id\":\"https:\\\/\\\/xceed.com\\\/products\\\/suite\\\/business-suite\\\/#breadcrumb\",\"itemListElement\":[{\"@type\":\"ListItem\",\"position\":1,\"name\":\"Home\",\"item\":\"https:\\\/\\\/xceed.com\\\/\"},{\"@type\":\"ListItem\",\"position\":2,\"name\":\"Business Suite\"}]},{\"@type\":\"WebSite\",\"@id\":\"https:\\\/\\\/xceed.com\\\/fr\\\/#website\",\"url\":\"https:\\\/\\\/xceed.com\\\/fr\\\/\",\"name\":\"Xceed\",\"description\":\"Provides tools for .NET, Windows Forms, WPF, Silverlight, and ASP.NET developers to create better applications.\",\"publisher\":{\"@id\":\"https:\\\/\\\/xceed.com\\\/fr\\\/#organization\"},\"potentialAction\":[{\"@type\":\"SearchAction\",\"target\":{\"@type\":\"EntryPoint\",\"urlTemplate\":\"https:\\\/\\\/xceed.com\\\/fr\\\/?s={search_term_string}\"},\"query-input\":{\"@type\":\"PropertyValueSpecification\",\"valueRequired\":true,\"valueName\":\"search_term_string\"}}],\"inLanguage\":\"es\"},{\"@type\":\"Organization\",\"@id\":\"https:\\\/\\\/xceed.com\\\/fr\\\/#organization\",\"name\":\"Xceed\",\"url\":\"https:\\\/\\\/xceed.com\\\/fr\\\/\",\"logo\":{\"@type\":\"ImageObject\",\"inLanguage\":\"es\",\"@id\":\"https:\\\/\\\/xceed.com\\\/fr\\\/#\\\/schema\\\/logo\\\/image\\\/\",\"url\":\"https:\\\/\\\/xceed.com\\\/wp-content\\\/uploads\\\/2024\\\/04\\\/cropped-xceed-logo.png\",\"contentUrl\":\"https:\\\/\\\/xceed.com\\\/wp-content\\\/uploads\\\/2024\\\/04\\\/cropped-xceed-logo.png\",\"width\":609,\"height\":150,\"caption\":\"Xceed\"},\"image\":{\"@id\":\"https:\\\/\\\/xceed.com\\\/fr\\\/#\\\/schema\\\/logo\\\/image\\\/\"}}]}<\/script>\n<!-- \/ Yoast SEO plugin. -->","yoast_head_json":{"title":"Controles WPF de alto rendimiento, Datagrid, Gr\u00e1ficos, Paneles y Temas | Xceed","description":"Descubra nuestra Business Suite completa con 117 controles WPF, 11 temas WPF y nuestra famosa cuadr\u00edcula de datos WPF. Disfrute de 93 controles de panel de interfaz de usuario en el kit de herramientas WPF #1.","robots":{"index":"index","follow":"follow","max-snippet":"max-snippet:-1","max-image-preview":"max-image-preview:large","max-video-preview":"max-video-preview:-1"},"canonical":"https:\/\/xceed.com\/es\/productos\/suite\/suite-empresarial\/","og_locale":"es_MX","og_type":"article","og_title":"High Performance WPF Controls, Datagrid, Charts, Panels & Themes | Xceed","og_description":"Discover our Business Suite complete with 117 WPF controls, 11 WPF themes and our renowned WPF datagrid. Enjoy 93 UI panel controls in the #1 WPF toolkit.","og_url":"https:\/\/xceed.com\/es\/productos\/suite\/suite-empresarial\/","og_site_name":"Xceed","article_modified_time":"2026-03-20T18:06:10+00:00","og_image":[{"width":500,"height":500,"url":"https:\/\/xceed.com\/wp-content\/uploads\/2024\/04\/business-suite.png","type":"image\/png"}],"twitter_card":"summary_large_image","twitter_misc":{"Est. reading time":"4 minutos"},"schema":{"@context":"https:\/\/schema.org","@graph":[{"@type":"WebPage","@id":"https:\/\/xceed.com\/products\/suite\/business-suite\/","url":"https:\/\/xceed.com\/products\/suite\/business-suite\/","name":"Controles WPF de alto rendimiento, Datagrid, Gr\u00e1ficos, Paneles y Temas | Xceed","isPartOf":{"@id":"https:\/\/xceed.com\/fr\/#website"},"primaryImageOfPage":{"@id":"https:\/\/xceed.com\/products\/suite\/business-suite\/#primaryimage"},"image":{"@id":"https:\/\/xceed.com\/products\/suite\/business-suite\/#primaryimage"},"thumbnailUrl":"https:\/\/xceed.com\/wp-content\/uploads\/2024\/04\/business-suite.png","datePublished":"2024-04-16T23:45:45+00:00","dateModified":"2026-03-20T18:06:10+00:00","description":"Descubra nuestra Business Suite completa con 117 controles WPF, 11 temas WPF y nuestra famosa cuadr\u00edcula de datos WPF. Disfrute de 93 controles de panel de interfaz de usuario en el kit de herramientas WPF #1.","breadcrumb":{"@id":"https:\/\/xceed.com\/products\/suite\/business-suite\/#breadcrumb"},"inLanguage":"es","potentialAction":[{"@type":"ReadAction","target":["https:\/\/xceed.com\/products\/suite\/business-suite\/"]}]},{"@type":"ImageObject","inLanguage":"es","@id":"https:\/\/xceed.com\/products\/suite\/business-suite\/#primaryimage","url":"https:\/\/xceed.com\/wp-content\/uploads\/2024\/04\/business-suite.png","contentUrl":"https:\/\/xceed.com\/wp-content\/uploads\/2024\/04\/business-suite.png","width":500,"height":500},{"@type":"BreadcrumbList","@id":"https:\/\/xceed.com\/products\/suite\/business-suite\/#breadcrumb","itemListElement":[{"@type":"ListItem","position":1,"name":"Home","item":"https:\/\/xceed.com\/"},{"@type":"ListItem","position":2,"name":"Business Suite"}]},{"@type":"WebSite","@id":"https:\/\/xceed.com\/fr\/#website","url":"https:\/\/xceed.com\/fr\/","name":"Xceed","description":"Proporciona herramientas para que los desarrolladores de .NET, Windows Forms, WPF, Silverlight y ASP.NET puedan crear mejores aplicaciones.","publisher":{"@id":"https:\/\/xceed.com\/fr\/#organization"},"potentialAction":[{"@type":"SearchAction","target":{"@type":"EntryPoint","urlTemplate":"https:\/\/xceed.com\/fr\/?s={search_term_string}"},"query-input":{"@type":"PropertyValueSpecification","valueRequired":true,"valueName":"search_term_string"}}],"inLanguage":"es"},{"@type":"Organization","@id":"https:\/\/xceed.com\/fr\/#organization","name":"Xceed","url":"https:\/\/xceed.com\/fr\/","logo":{"@type":"ImageObject","inLanguage":"es","@id":"https:\/\/xceed.com\/fr\/#\/schema\/logo\/image\/","url":"https:\/\/xceed.com\/wp-content\/uploads\/2024\/04\/cropped-xceed-logo.png","contentUrl":"https:\/\/xceed.com\/wp-content\/uploads\/2024\/04\/cropped-xceed-logo.png","width":609,"height":150,"caption":"Xceed"},"image":{"@id":"https:\/\/xceed.com\/fr\/#\/schema\/logo\/image\/"}}]}},"_links":{"self":[{"href":"https:\/\/xceed.com\/es\/wp-json\/wp\/v2\/product\/383","targetHints":{"allow":["GET"]}}],"collection":[{"href":"https:\/\/xceed.com\/es\/wp-json\/wp\/v2\/product"}],"about":[{"href":"https:\/\/xceed.com\/es\/wp-json\/wp\/v2\/types\/product"}],"version-history":[{"count":0,"href":"https:\/\/xceed.com\/es\/wp-json\/wp\/v2\/product\/383\/revisions"}],"wp:featuredmedia":[{"embeddable":true,"href":"https:\/\/xceed.com\/es\/wp-json\/wp\/v2\/media\/388"}],"wp:attachment":[{"href":"https:\/\/xceed.com\/es\/wp-json\/wp\/v2\/media?parent=383"}],"wp:term":[{"taxonomy":"product_brand","embeddable":true,"href":"https:\/\/xceed.com\/es\/wp-json\/wp\/v2\/product_brand?post=383"},{"taxonomy":"product_cat","embeddable":true,"href":"https:\/\/xceed.com\/es\/wp-json\/wp\/v2\/product_cat?post=383"},{"taxonomy":"product_tag","embeddable":true,"href":"https:\/\/xceed.com\/es\/wp-json\/wp\/v2\/product_tag?post=383"}],"curies":[{"name":"wp","href":"https:\/\/api.w.org\/{rel}","templated":true}]}}