{"id":1292,"date":"2024-06-17T04:55:34","date_gmt":"2024-06-17T04:55:34","guid":{"rendered":"http:\/\/localhost:10003\/?post_type=product&#038;p=1292"},"modified":"2025-05-06T04:44:21","modified_gmt":"2025-05-06T04:44:21","slug":"editores-para-winforms","status":"publish","type":"product","link":"https:\/\/xceed.com\/es\/products\/winforms-activex\/editors-for-winforms\/","title":{"rendered":"Editors para Winforms"},"content":{"rendered":"<div data-elementor-type=\"product-post\" data-elementor-id=\"1292\" class=\"elementor elementor-1292\" data-elementor-post-type=\"product\">\n\t\t\t\t<div class=\"elementor-element elementor-element-2db07959 e-flex e-con-boxed e-con e-parent\" data-id=\"2db07959\" data-element_type=\"container\" data-e-type=\"container\">\n\t\t\t\t\t<div class=\"e-con-inner\">\n\t\t\t\t<div class=\"elementor-element elementor-element-7225b8bc elementor-widget elementor-widget-text-editor\" data-id=\"7225b8bc\" data-element_type=\"widget\" data-e-type=\"widget\" data-widget_type=\"text-editor.default\">\n\t\t\t\t<div class=\"elementor-widget-container\">\n\t\t\t\t\t\t\t\t\t<p data-fontsize=\"18\" data-lineheight=\"27\">Proporciona controles esenciales de editor\/entrada para aplicaciones Windows Forms. Los controles son modulares y se pueden combinar para obtener los resultados exactos requeridos para todas sus necesidades de interfaz de usuario.<\/p>\r\n\r\n<ul>\r\n \t<li>Controles ampliables<\/li>\r\n \t<li>Potentes herramientas de dise\u00f1o, trabajo visual<\/li>\r\n \t<li>Incluye varios temas<\/li>\r\n<\/ul>\r\nParte de\u00a0<a href=\"https:\/\/xceed.com\/en\/our-products\/product\/grid-for-winforms\" target=\"_blank\" rel=\"noopener noreferrer\">Xceed Grid para WinForms<\/a>que tambi\u00e9n forma parte de\u00a0<a href=\"https:\/\/xceed.com\/en\/our-products\/product\/ultimate-suite\" target=\"_blank\" rel=\"noopener noreferrer\">Xceed Ultimate Suite<\/a>\r\n\r\nUn conjunto completo de controles modulares de editor para crear interfaces de usuario flexibles, incluidos botones, calendarios, casillas de verificaci\u00f3n, cuadros combinados, selectores de fechas, barras de desplazamiento horizontal y vertical, paneles y cuadros de texto. Los controles son combinables, y pueden colocarse otros controles dentro de ellos para crear otros nuevos.\r\n\r\nOfrece todas las funciones que necesita, incluida la personalizaci\u00f3n, pr\u00e1cticos dise\u00f1adores y varios temas como Windows Aero y Office.\t\t\t\t\t\t\t\t<\/div>\n\t\t\t\t<\/div>\n\t\t<div class=\"elementor-element elementor-element-3b911ad e-con-full e-flex e-con e-child\" data-id=\"3b911ad\" data-element_type=\"container\" data-e-type=\"container\">\n\t\t\t\t<div class=\"elementor-element elementor-element-294d11c e-n-tabs-mobile elementor-widget elementor-widget-n-tabs\" data-id=\"294d11c\" data-element_type=\"widget\" data-e-type=\"widget\" data-widget_type=\"nested-tabs.default\">\n\t\t\t\t<div class=\"elementor-widget-container\">\n\t\t\t\t\t\t\t<div class=\"e-n-tabs\" data-widget-number=\"43307292\" aria-label=\"Pesta\u00f1as. Abre elementos con Intro o Espacio, ci\u00e9rralos con Escape y navega con las fechas.\">\n\t\t\t<div class=\"e-n-tabs-heading\" role=\"tablist\">\n\t\t\t\t\t<button id=\"e-n-tab-title-433072921\" data-tab-title-id=\"e-n-tab-title-433072921\" class=\"e-n-tab-title\" aria-selected=\"true\" data-tab-index=\"1\" role=\"tab\" tabindex=\"0\" aria-controls=\"e-n-tab-content-433072921\" style=\"--n-tabs-title-order: 1;\">\n\t\t\t\t\t\t<span class=\"e-n-tab-title-text\">\n\t\t\t\tFuncionalidad innovadora\t\t\t<\/span>\n\t\t<\/button>\n\t\t\t\t<button id=\"e-n-tab-title-433072922\" data-tab-title-id=\"e-n-tab-title-433072922\" class=\"e-n-tab-title\" aria-selected=\"false\" data-tab-index=\"2\" role=\"tab\" tabindex=\"-1\" aria-controls=\"e-n-tab-content-433072922\" style=\"--n-tabs-title-order: 2;\">\n\t\t\t\t\t\t<span class=\"e-n-tab-title-text\">\n\t\t\t\tControles de base\t\t\t<\/span>\n\t\t<\/button>\n\t\t\t\t<button id=\"e-n-tab-title-433072923\" data-tab-title-id=\"e-n-tab-title-433072923\" class=\"e-n-tab-title\" aria-selected=\"false\" data-tab-index=\"3\" role=\"tab\" tabindex=\"-1\" aria-controls=\"e-n-tab-content-433072923\" style=\"--n-tabs-title-order: 3;\">\n\t\t\t\t\t\t<span class=\"e-n-tab-title-text\">\n\t\t\t\tControles compuestos suministrados como muestras\t\t\t<\/span>\n\t\t<\/button>\n\t\t\t\t<button id=\"e-n-tab-title-433072924\" data-tab-title-id=\"e-n-tab-title-433072924\" class=\"e-n-tab-title\" aria-selected=\"false\" data-tab-index=\"4\" role=\"tab\" tabindex=\"-1\" aria-controls=\"e-n-tab-content-433072924\" style=\"--n-tabs-title-order: 4;\">\n\t\t\t\t\t\t<span class=\"e-n-tab-title-text\">\n\t\t\t\tTecnolog\u00eda .NET\t\t\t<\/span>\n\t\t<\/button>\n\t\t\t\t\t<\/div>\n\t\t\t<div class=\"e-n-tabs-content\">\n\t\t\t\t<div id=\"e-n-tab-content-433072921\" role=\"tabpanel\" aria-labelledby=\"e-n-tab-title-433072921\" data-tab-index=\"1\" style=\"--n-tabs-title-order: 1;\" class=\"e-active elementor-element elementor-element-d929c39 e-con-full e-flex e-con e-child\" data-id=\"d929c39\" data-element_type=\"container\" data-e-type=\"container\">\n\t\t\t\t<div class=\"elementor-element elementor-element-3225218 elementor-widget elementor-widget-text-editor\" data-id=\"3225218\" data-element_type=\"widget\" data-e-type=\"widget\" data-widget_type=\"text-editor.default\">\n\t\t\t\t<div class=\"elementor-widget-container\">\n\t\t\t\t\t\t\t\t\t<ul>\n<li>Combinabilidad\/modularidad: La capacidad de incrustar controles entre s\u00ed para crear nuevos controles flexibles e innovadores.<\/li>\n<li>Enfoque totalmente visual: Los potentes dise\u00f1adores ayudan a que el desarrollo sea m\u00e1s r\u00e1pido y sencillo.<\/li>\n<li>Funci\u00f3n desplegable: Cualquier control de Windows Forms puede desplegar cualquier otro control, lo que permite una flexibilidad absoluta.<\/li>\n<li>Extensibilidad: Todos los controles pueden ampliarse para implementar caracter\u00edsticas, apariencia y comportamiento personalizados.<\/li>\n<li>Temas: Compatibilidad con los temas Aero de Windows, incluidos los temas personalizados; compatibilidad con los temas cl\u00e1sicos de Windows y capacidad de adaptaci\u00f3n al tema actual de Windows.<\/li>\n<li>Redimensionamiento integral: Fuerza la visualizaci\u00f3n del \u00faltimo elemento en su totalidad.<\/li>\n<li>Compatibilidad optimizada con Xceed Input Validator para .NET.<\/li>\n<li>Pintura personalizada: Proporciona informaci\u00f3n m\u00e1s significativa al usuario.<\/li>\n<li>Funciones de autocompletado.<\/li>\n<li>Los controles Editor est\u00e1n totalmente integrados en Xceed Grid para .NET, se utilizan como editores predeterminados de la cuadr\u00edcula y pueden usarse fuera de la cuadr\u00edcula para obtener una interfaz de usuario m\u00e1s uniforme.<\/li>\n<\/ul>\t\t\t\t\t\t\t\t<\/div>\n\t\t\t\t<\/div>\n\t\t\t\t<\/div>\n\t\t<div id=\"e-n-tab-content-433072922\" role=\"tabpanel\" aria-labelledby=\"e-n-tab-title-433072922\" data-tab-index=\"2\" style=\"--n-tabs-title-order: 2;\" class=\"elementor-element elementor-element-13ed1ff e-con-full e-flex e-con e-child\" data-id=\"13ed1ff\" data-element_type=\"container\" data-e-type=\"container\">\n\t\t\t\t<div class=\"elementor-element elementor-element-fd6a2bb elementor-widget elementor-widget-text-editor\" data-id=\"fd6a2bb\" data-element_type=\"widget\" data-e-type=\"widget\" data-widget_type=\"text-editor.default\">\n\t\t\t\t<div class=\"elementor-widget-container\">\n\t\t\t\t\t\t\t\t\t<ul>\n<li>WinCalculator y WinNumericTextBox.<\/li>\n<li>Botones: Tipos de botones incorporados; integrables en WinComboBox, WinDatePicker, WinCalendar y WinTextBox; tematizaci\u00f3n.<\/li>\n<li>Calculadoras: Tematizaci\u00f3n.<\/li>\n<li>Calendarios: Meses m\u00faltiples o individuales; redimensionamiento integral; eventos de rat\u00f3n D\u00eda; dibujo propietario y m\u00e1rgenes personalizados; tematizaci\u00f3n; navegaci\u00f3n con teclas y rat\u00f3n; bot\u00f3n.<\/li>\n<li>Casillas de verificaci\u00f3n: Tematizaci\u00f3n.<\/li>\n<li>Cuadros combinados: Vinculaci\u00f3n de datos; m\u00faltiples columnas; soporte de m\u00e1scaras; tematizaci\u00f3n; soporte de im\u00e1genes.<\/li>\n<li>Selector de fechas: Distintos formatos de edici\u00f3n y visualizaci\u00f3n; tematizaci\u00f3n.<\/li>\n<li>Barras de desplazamiento horizontal y vertical: Tematizaci\u00f3n.<\/li>\n<li>Cuadros de texto num\u00e9ricos: Compatibilidad con m\u00e1scaras; compatibilidad con SideButtons; BorderStyles mejorados.<\/li>\n<li>Paneles: contenedor base para soporte desplegable; tematizaci\u00f3n; BorderStyles mejorados.<\/li>\n<li>Cuadros de texto: Compatibilidad con m\u00e1scaras; compatibilidad con SideButtons; BorderStyles mejorados.<\/li>\n<\/ul>\t\t\t\t\t\t\t\t<\/div>\n\t\t\t\t<\/div>\n\t\t\t\t<\/div>\n\t\t<div id=\"e-n-tab-content-433072923\" role=\"tabpanel\" aria-labelledby=\"e-n-tab-title-433072923\" data-tab-index=\"3\" style=\"--n-tabs-title-order: 3;\" class=\"elementor-element elementor-element-e2ecc61 e-con-full e-flex e-con e-child\" data-id=\"e2ecc61\" data-element_type=\"container\" data-e-type=\"container\">\n\t\t\t\t<div class=\"elementor-element elementor-element-18252c0 elementor-widget elementor-widget-text-editor\" data-id=\"18252c0\" data-element_type=\"widget\" data-e-type=\"widget\" data-widget_type=\"text-editor.default\">\n\t\t\t\t<div class=\"elementor-widget-container\">\n\t\t\t\t\t\t\t\t\t<ul>\n<li>Calendario personalizado.<\/li>\n<li>Cuadro de texto opcional.<\/li>\n<li>Selector de opciones.<\/li>\n<li>Visor de im\u00e1genes.<\/li>\n<li>Cuadro de texto desplazable.<\/li>\n<li>Edici\u00f3n giratoria.<\/li>\n<li>WinComboBox desplegable personalizado.<\/li>\n<li>Barra de herramientas (disponible en su propia aplicaci\u00f3n de demostraci\u00f3n).<\/li>\n<li>Agenda extensible (disponible en su propia aplicaci\u00f3n de demostraci\u00f3n).<\/li>\n<\/ul>\n\t\t\t\t\t\t\t\t<\/div>\n\t\t\t\t<\/div>\n\t\t\t\t<\/div>\n\t\t<div id=\"e-n-tab-content-433072924\" role=\"tabpanel\" aria-labelledby=\"e-n-tab-title-433072924\" data-tab-index=\"4\" style=\"--n-tabs-title-order: 4;\" class=\"elementor-element elementor-element-9602e4d e-flex e-con-boxed e-con e-child\" data-id=\"9602e4d\" data-element_type=\"container\" data-e-type=\"container\">\n\t\t\t\t\t<div class=\"e-con-inner\">\n\t\t\t\t<div class=\"elementor-element elementor-element-ddde96a elementor-widget elementor-widget-text-editor\" data-id=\"ddde96a\" data-element_type=\"widget\" data-e-type=\"widget\" data-widget_type=\"text-editor.default\">\n\t\t\t\t<div class=\"elementor-widget-container\">\n\t\t\t\t\t\t\t\t\t<ul>\n<li>Escrito \u00edntegramente en c\u00f3digo C# gestionado (el c\u00f3digo fuente est\u00e1 disponible mediante una suscripci\u00f3n a Blueprint).<\/li>\n<li>Incluye ejemplos de VB.NET y C# para Visual Studio.<\/li>\n<li>Dise\u00f1o orientado a objetos creado exclusivamente para las versiones 2.0\/3.5 y todas las versiones 4.X de .NET Framework.<\/li>\n<li>Documentaci\u00f3n exhaustiva totalmente integrada en Visual Studio.<\/li>\n<li>Todo el manejo de errores funciona a trav\u00e9s de clases de excepci\u00f3n .NET.<\/li>\n<li>Compatible con CLS (Common Language Specification).<\/li>\n<li>No utiliza bloques inseguros para minimizar los riesgos de seguridad.<\/li>\n<li>Se integra bien en cuadros de mando y software de inteligencia empresarial.<\/li>\n<\/ul>\t\t\t\t\t\t\t\t<\/div>\n\t\t\t\t<\/div>\n\t\t\t\t\t<\/div>\n\t\t\t\t<\/div>\n\t\t\t\t\t<\/div>\n\t\t<\/div>\n\t\t\t\t\t\t<\/div>\n\t\t\t\t<\/div>\n\t\t\t\t<\/div>\n\t\t\t\t\t<\/div>\n\t\t\t\t<\/div>\n\t\t\t\t<\/div>","protected":false},"excerpt":{"rendered":"<p>Proporciona controles esenciales de editor\/entrada para aplicaciones Windows Forms. Los controles son modulares y se pueden combinar para obtener los resultados exactos requeridos para todas sus necesidades de interfaz de usuario.<\/p>","protected":false},"featured_media":1293,"template":"","meta":{"_acf_changed":false},"product_brand":[],"product_cat":[19],"product_tag":[],"class_list":{"0":"post-1292","1":"product","2":"type-product","3":"status-publish","4":"has-post-thumbnail","6":"product_cat-winforms-activex","8":"first","9":"outofstock","10":"taxable","11":"shipping-taxable","12":"product-type-variable"},"acf":[],"yoast_head":"<!-- This site is optimized with the Yoast SEO plugin v27.4 - https:\/\/yoast.com\/product\/yoast-seo-wordpress\/ -->\n<title>Editors for Winforms - Xceed<\/title>\n<meta name=\"robots\" content=\"index, follow, max-snippet:-1, max-image-preview:large, max-video-preview:-1\" \/>\n<link rel=\"canonical\" href=\"https:\/\/xceed.com\/es\/productos\/winforms-activex\/editores-para-winforms\/\" \/>\n<meta property=\"og:locale\" content=\"es_MX\" \/>\n<meta property=\"og:type\" content=\"article\" \/>\n<meta property=\"og:title\" content=\"Editors for Winforms - Xceed\" \/>\n<meta property=\"og:description\" content=\"Provides essential editor\/input controls for Windows Forms applications. The controls are modular and can be combined to get the exact results required for all your UI needs.\" \/>\n<meta property=\"og:url\" content=\"https:\/\/xceed.com\/es\/productos\/winforms-activex\/editores-para-winforms\/\" \/>\n<meta property=\"og:site_name\" content=\"Xceed\" \/>\n<meta property=\"article:modified_time\" content=\"2025-05-06T04:44:21+00:00\" \/>\n<meta property=\"og:image\" content=\"https:\/\/xceed.com\/wp-content\/uploads\/2024\/06\/Product-Editors-for-Winforms.png\" \/>\n\t<meta property=\"og:image:width\" content=\"1500\" \/>\n\t<meta property=\"og:image:height\" content=\"1500\" \/>\n\t<meta property=\"og:image:type\" content=\"image\/png\" \/>\n<meta name=\"twitter:card\" content=\"summary_large_image\" \/>\n<meta name=\"twitter:label1\" content=\"Est. reading time\" \/>\n\t<meta name=\"twitter:data1\" content=\"4 minutos\" \/>\n<script type=\"application\/ld+json\" class=\"yoast-schema-graph\">{\"@context\":\"https:\\\/\\\/schema.org\",\"@graph\":[{\"@type\":\"WebPage\",\"@id\":\"https:\\\/\\\/xceed.com\\\/products\\\/winforms-activex\\\/editors-for-winforms\\\/\",\"url\":\"https:\\\/\\\/xceed.com\\\/products\\\/winforms-activex\\\/editors-for-winforms\\\/\",\"name\":\"Editors for Winforms - Xceed\",\"isPartOf\":{\"@id\":\"https:\\\/\\\/xceed.com\\\/fr\\\/#website\"},\"primaryImageOfPage\":{\"@id\":\"https:\\\/\\\/xceed.com\\\/products\\\/winforms-activex\\\/editors-for-winforms\\\/#primaryimage\"},\"image\":{\"@id\":\"https:\\\/\\\/xceed.com\\\/products\\\/winforms-activex\\\/editors-for-winforms\\\/#primaryimage\"},\"thumbnailUrl\":\"https:\\\/\\\/xceed.com\\\/wp-content\\\/uploads\\\/2024\\\/06\\\/Product-Editors-for-Winforms.png\",\"datePublished\":\"2024-06-17T04:55:34+00:00\",\"dateModified\":\"2025-05-06T04:44:21+00:00\",\"breadcrumb\":{\"@id\":\"https:\\\/\\\/xceed.com\\\/products\\\/winforms-activex\\\/editors-for-winforms\\\/#breadcrumb\"},\"inLanguage\":\"es\",\"potentialAction\":[{\"@type\":\"ReadAction\",\"target\":[\"https:\\\/\\\/xceed.com\\\/products\\\/winforms-activex\\\/editors-for-winforms\\\/\"]}]},{\"@type\":\"ImageObject\",\"inLanguage\":\"es\",\"@id\":\"https:\\\/\\\/xceed.com\\\/products\\\/winforms-activex\\\/editors-for-winforms\\\/#primaryimage\",\"url\":\"https:\\\/\\\/xceed.com\\\/wp-content\\\/uploads\\\/2024\\\/06\\\/Product-Editors-for-Winforms.png\",\"contentUrl\":\"https:\\\/\\\/xceed.com\\\/wp-content\\\/uploads\\\/2024\\\/06\\\/Product-Editors-for-Winforms.png\",\"width\":1500,\"height\":1500},{\"@type\":\"BreadcrumbList\",\"@id\":\"https:\\\/\\\/xceed.com\\\/products\\\/winforms-activex\\\/editors-for-winforms\\\/#breadcrumb\",\"itemListElement\":[{\"@type\":\"ListItem\",\"position\":1,\"name\":\"Home\",\"item\":\"https:\\\/\\\/xceed.com\\\/\"},{\"@type\":\"ListItem\",\"position\":2,\"name\":\"Editors for Winforms\"}]},{\"@type\":\"WebSite\",\"@id\":\"https:\\\/\\\/xceed.com\\\/fr\\\/#website\",\"url\":\"https:\\\/\\\/xceed.com\\\/fr\\\/\",\"name\":\"Xceed\",\"description\":\"Provides tools for .NET, Windows Forms, WPF, Silverlight, and ASP.NET developers to create better applications.\",\"publisher\":{\"@id\":\"https:\\\/\\\/xceed.com\\\/fr\\\/#organization\"},\"potentialAction\":[{\"@type\":\"SearchAction\",\"target\":{\"@type\":\"EntryPoint\",\"urlTemplate\":\"https:\\\/\\\/xceed.com\\\/fr\\\/?s={search_term_string}\"},\"query-input\":{\"@type\":\"PropertyValueSpecification\",\"valueRequired\":true,\"valueName\":\"search_term_string\"}}],\"inLanguage\":\"es\"},{\"@type\":\"Organization\",\"@id\":\"https:\\\/\\\/xceed.com\\\/fr\\\/#organization\",\"name\":\"Xceed\",\"url\":\"https:\\\/\\\/xceed.com\\\/fr\\\/\",\"logo\":{\"@type\":\"ImageObject\",\"inLanguage\":\"es\",\"@id\":\"https:\\\/\\\/xceed.com\\\/fr\\\/#\\\/schema\\\/logo\\\/image\\\/\",\"url\":\"https:\\\/\\\/xceed.com\\\/wp-content\\\/uploads\\\/2024\\\/04\\\/cropped-xceed-logo.png\",\"contentUrl\":\"https:\\\/\\\/xceed.com\\\/wp-content\\\/uploads\\\/2024\\\/04\\\/cropped-xceed-logo.png\",\"width\":609,\"height\":150,\"caption\":\"Xceed\"},\"image\":{\"@id\":\"https:\\\/\\\/xceed.com\\\/fr\\\/#\\\/schema\\\/logo\\\/image\\\/\"}}]}<\/script>\n<!-- \/ Yoast SEO plugin. -->","yoast_head_json":{"title":"Editores para Winforms - Xceed","robots":{"index":"index","follow":"follow","max-snippet":"max-snippet:-1","max-image-preview":"max-image-preview:large","max-video-preview":"max-video-preview:-1"},"canonical":"https:\/\/xceed.com\/es\/productos\/winforms-activex\/editores-para-winforms\/","og_locale":"es_MX","og_type":"article","og_title":"Editors for Winforms - Xceed","og_description":"Provides essential editor\/input controls for Windows Forms applications. The controls are modular and can be combined to get the exact results required for all your UI needs.","og_url":"https:\/\/xceed.com\/es\/productos\/winforms-activex\/editores-para-winforms\/","og_site_name":"Xceed","article_modified_time":"2025-05-06T04:44:21+00:00","og_image":[{"width":1500,"height":1500,"url":"https:\/\/xceed.com\/wp-content\/uploads\/2024\/06\/Product-Editors-for-Winforms.png","type":"image\/png"}],"twitter_card":"summary_large_image","twitter_misc":{"Est. reading time":"4 minutos"},"schema":{"@context":"https:\/\/schema.org","@graph":[{"@type":"WebPage","@id":"https:\/\/xceed.com\/products\/winforms-activex\/editors-for-winforms\/","url":"https:\/\/xceed.com\/products\/winforms-activex\/editors-for-winforms\/","name":"Editores para Winforms - Xceed","isPartOf":{"@id":"https:\/\/xceed.com\/fr\/#website"},"primaryImageOfPage":{"@id":"https:\/\/xceed.com\/products\/winforms-activex\/editors-for-winforms\/#primaryimage"},"image":{"@id":"https:\/\/xceed.com\/products\/winforms-activex\/editors-for-winforms\/#primaryimage"},"thumbnailUrl":"https:\/\/xceed.com\/wp-content\/uploads\/2024\/06\/Product-Editors-for-Winforms.png","datePublished":"2024-06-17T04:55:34+00:00","dateModified":"2025-05-06T04:44:21+00:00","breadcrumb":{"@id":"https:\/\/xceed.com\/products\/winforms-activex\/editors-for-winforms\/#breadcrumb"},"inLanguage":"es","potentialAction":[{"@type":"ReadAction","target":["https:\/\/xceed.com\/products\/winforms-activex\/editors-for-winforms\/"]}]},{"@type":"ImageObject","inLanguage":"es","@id":"https:\/\/xceed.com\/products\/winforms-activex\/editors-for-winforms\/#primaryimage","url":"https:\/\/xceed.com\/wp-content\/uploads\/2024\/06\/Product-Editors-for-Winforms.png","contentUrl":"https:\/\/xceed.com\/wp-content\/uploads\/2024\/06\/Product-Editors-for-Winforms.png","width":1500,"height":1500},{"@type":"BreadcrumbList","@id":"https:\/\/xceed.com\/products\/winforms-activex\/editors-for-winforms\/#breadcrumb","itemListElement":[{"@type":"ListItem","position":1,"name":"Home","item":"https:\/\/xceed.com\/"},{"@type":"ListItem","position":2,"name":"Editors for Winforms"}]},{"@type":"WebSite","@id":"https:\/\/xceed.com\/fr\/#website","url":"https:\/\/xceed.com\/fr\/","name":"Xceed","description":"Proporciona herramientas para que los desarrolladores de .NET, Windows Forms, WPF, Silverlight y ASP.NET puedan crear mejores aplicaciones.","publisher":{"@id":"https:\/\/xceed.com\/fr\/#organization"},"potentialAction":[{"@type":"SearchAction","target":{"@type":"EntryPoint","urlTemplate":"https:\/\/xceed.com\/fr\/?s={search_term_string}"},"query-input":{"@type":"PropertyValueSpecification","valueRequired":true,"valueName":"search_term_string"}}],"inLanguage":"es"},{"@type":"Organization","@id":"https:\/\/xceed.com\/fr\/#organization","name":"Xceed","url":"https:\/\/xceed.com\/fr\/","logo":{"@type":"ImageObject","inLanguage":"es","@id":"https:\/\/xceed.com\/fr\/#\/schema\/logo\/image\/","url":"https:\/\/xceed.com\/wp-content\/uploads\/2024\/04\/cropped-xceed-logo.png","contentUrl":"https:\/\/xceed.com\/wp-content\/uploads\/2024\/04\/cropped-xceed-logo.png","width":609,"height":150,"caption":"Xceed"},"image":{"@id":"https:\/\/xceed.com\/fr\/#\/schema\/logo\/image\/"}}]}},"_links":{"self":[{"href":"https:\/\/xceed.com\/es\/wp-json\/wp\/v2\/product\/1292","targetHints":{"allow":["GET"]}}],"collection":[{"href":"https:\/\/xceed.com\/es\/wp-json\/wp\/v2\/product"}],"about":[{"href":"https:\/\/xceed.com\/es\/wp-json\/wp\/v2\/types\/product"}],"version-history":[{"count":0,"href":"https:\/\/xceed.com\/es\/wp-json\/wp\/v2\/product\/1292\/revisions"}],"wp:featuredmedia":[{"embeddable":true,"href":"https:\/\/xceed.com\/es\/wp-json\/wp\/v2\/media\/1293"}],"wp:attachment":[{"href":"https:\/\/xceed.com\/es\/wp-json\/wp\/v2\/media?parent=1292"}],"wp:term":[{"taxonomy":"product_brand","embeddable":true,"href":"https:\/\/xceed.com\/es\/wp-json\/wp\/v2\/product_brand?post=1292"},{"taxonomy":"product_cat","embeddable":true,"href":"https:\/\/xceed.com\/es\/wp-json\/wp\/v2\/product_cat?post=1292"},{"taxonomy":"product_tag","embeddable":true,"href":"https:\/\/xceed.com\/es\/wp-json\/wp\/v2\/product_tag?post=1292"}],"curies":[{"name":"wp","href":"https:\/\/api.w.org\/{rel}","templated":true}]}}