{"id":1268,"date":"2024-06-17T04:46:57","date_gmt":"2024-06-17T04:46:57","guid":{"rendered":"http:\/\/localhost:10003\/?post_type=product&#038;p=1268"},"modified":"2025-08-18T23:48:45","modified_gmt":"2025-08-18T23:48:45","slug":"ftp-para-activex","status":"publish","type":"product","link":"https:\/\/xceed.com\/es\/products\/winforms-activex\/ftp-for-activex\/","title":{"rendered":"FTP para ActiveX"},"content":{"rendered":"<div data-elementor-type=\"product-post\" data-elementor-id=\"1268\" class=\"elementor elementor-1268\" data-elementor-post-type=\"product\">\n\t\t\t\t<div class=\"elementor-element elementor-element-aab6019 e-flex e-con-boxed e-con e-parent\" data-id=\"aab6019\" data-element_type=\"container\" data-e-type=\"container\">\n\t\t\t\t\t<div class=\"e-con-inner\">\n\t\t<div class=\"elementor-element elementor-element-e9123d1 e-con-full e-flex e-con e-child\" data-id=\"e9123d1\" data-element_type=\"container\" data-e-type=\"container\">\n\t\t\t\t<div class=\"elementor-element elementor-element-3799950 elementor-widget elementor-widget-text-editor\" data-id=\"3799950\" data-element_type=\"widget\" data-e-type=\"widget\" data-widget_type=\"text-editor.default\">\n\t\t\t\t<div class=\"elementor-widget-container\">\n\t\t\t\t\t\t\t\t\t<ul><li>Funciona con todos los tipos de servidores FTP y admite las principales operaciones FTP<\/li><li>Aplicaci\u00f3n eficaz del protocolo FTP<\/li><li>C\u00f3digo de red eficiente que utiliza Winsock 2<\/li><\/ul>\t\t\t\t\t\t\t\t<\/div>\n\t\t\t\t<\/div>\n\t\t\t\t<div class=\"elementor-element elementor-element-bcad421 elementor-blockquote--skin-border elementor-widget elementor-widget-blockquote\" data-id=\"bcad421\" data-element_type=\"widget\" data-e-type=\"widget\" data-widget_type=\"blockquote.default\">\n\t\t\t\t<div class=\"elementor-widget-container\">\n\t\t\t\t\t\t\t<blockquote class=\"elementor-blockquote\">\n\t\t\t<p class=\"elementor-blockquote__content\">\n\t\t\t\tEnv\u00ede, reciba y manipule de forma fiable archivos y carpetas en servidores FTP remotos desde sus aplicaciones Windows.\t\t\t<\/p>\n\t\t\t\t\t<\/blockquote>\n\t\t\t\t\t\t<\/div>\n\t\t\t\t<\/div>\n\t\t<div class=\"elementor-element elementor-element-a703417 e-con-full e-flex e-con e-child\" data-id=\"a703417\" data-element_type=\"container\" data-e-type=\"container\">\n\t\t<div class=\"elementor-element elementor-element-3cc562a e-con-full e-flex e-con e-child\" data-id=\"3cc562a\" data-element_type=\"container\" data-e-type=\"container\">\n\t\t\t\t<div class=\"elementor-element elementor-element-71696bd elementor-widget elementor-widget-text-editor\" data-id=\"71696bd\" data-element_type=\"widget\" data-e-type=\"widget\" data-widget_type=\"text-editor.default\">\n\t\t\t\t<div class=\"elementor-widget-container\">\n\t\t\t\t\t\t\t\t\t<h3><b>Robustez y fiabilidad<\/b><\/h3><p>Funciona con todos los tipos de servidores FTP. Si el soporte incorporado para los tipos de servidores Unix, VMS, AS\/400, Windows y DOS es incompatible, puede conectar un analizador personalizado para obtener compatibilidad instant\u00e1nea.<\/p><p>Admite las principales operaciones FTP, no bloqueo as\u00edncrono, reanudaci\u00f3n de transferencias, modo pasivo para cortafuegos, SOCKS, comodines y filtrado, eventos de estado y control, y mucho m\u00e1s.<\/p><p>Proporciona dos API. Una para c\u00f3digo flexible y rico en funciones, la otra (QuickFTP) para transferir uno o m\u00e1s archivos con una sola l\u00ednea de c\u00f3digo.<\/p><p>.<\/p>\t\t\t\t\t\t\t\t<\/div>\n\t\t\t\t<\/div>\n\t\t\t\t<\/div>\n\t\t<div class=\"elementor-element elementor-element-01bf969 e-con-full e-flex e-con e-child\" data-id=\"01bf969\" data-element_type=\"container\" data-e-type=\"container\">\n\t\t\t\t<div class=\"elementor-element elementor-element-201682a elementor-widget elementor-widget-text-editor\" data-id=\"201682a\" data-element_type=\"widget\" data-e-type=\"widget\" data-widget_type=\"text-editor.default\">\n\t\t\t\t<div class=\"elementor-widget-container\">\n\t\t\t\t\t\t\t\t\t<h3><b>Dise\u00f1o de m\u00e1xima calidad<\/b><\/h3><p>Un objeto totalmente autocontenido, escrito con ATL 3.0 para no tener dependencias externas, utiliza Winsock 2 y no Winsock 1, modelos de departamentos multihilo STA y MTA, y utiliza llamadas Unicode en NT, 2000, XP, Vista.<\/p>\t\t\t\t\t\t\t\t<\/div>\n\t\t\t\t<\/div>\n\t\t\t\t<\/div>\n\t\t<div class=\"elementor-element elementor-element-8d30935 e-con-full e-flex e-con e-child\" data-id=\"8d30935\" data-element_type=\"container\" data-e-type=\"container\">\n\t\t\t\t<div class=\"elementor-element elementor-element-3aac972 elementor-widget elementor-widget-text-editor\" data-id=\"3aac972\" data-element_type=\"widget\" data-e-type=\"widget\" data-widget_type=\"text-editor.default\">\n\t\t\t\t<div class=\"elementor-widget-container\">\n\t\t\t\t\t\t\t\t\t<h3><b>De confianza<\/b><\/h3><p>Xceed FTP para ActiveX se utiliza comercialmente desde hace 15 a\u00f1os.<\/p>\t\t\t\t\t\t\t\t<\/div>\n\t\t\t\t<\/div>\n\t\t\t\t<\/div>\n\t\t\t\t<\/div>\n\t\t\t\t<\/div>\n\t\t\t\t\t<\/div>\n\t\t\t\t<\/div>\n\t\t\t\t<\/div>","protected":false},"excerpt":{"rendered":"<p>A\u00f1ada una transferencia de archivos FTP flexible y de alto rendimiento a sus aplicaciones de Windows. Compatible con cortafuegos y puede trabajar en segundo plano. 15 a\u00f1os de disponibilidad y uso comercial lo hacen ultra fiable. Respaldado por un equipo de soporte y desarrollo receptivo.<\/p>","protected":false},"featured_media":1269,"template":"","meta":{"_acf_changed":false},"product_brand":[],"product_cat":[19],"product_tag":[],"class_list":{"0":"post-1268","1":"product","2":"type-product","3":"status-publish","4":"has-post-thumbnail","6":"product_cat-winforms-activex","8":"first","9":"outofstock","10":"taxable","11":"shipping-taxable","12":"product-type-variable"},"acf":[],"yoast_head":"<!-- This site is optimized with the Yoast SEO plugin v27.4 - https:\/\/yoast.com\/product\/yoast-seo-wordpress\/ -->\n<title>FTP for ActiveX | Xceed<\/title>\n<meta name=\"description\" content=\"Discover high-performance file transfer to FTP servers from your Windows applications. Receive and manipulate files and folders. Works with all FTP server types.\" \/>\n<meta name=\"robots\" content=\"index, follow, max-snippet:-1, max-image-preview:large, max-video-preview:-1\" \/>\n<link rel=\"canonical\" href=\"https:\/\/xceed.com\/es\/productos\/winforms-activex\/ftp-para-activex\/\" \/>\n<meta property=\"og:locale\" content=\"es_MX\" \/>\n<meta property=\"og:type\" content=\"article\" \/>\n<meta property=\"og:title\" content=\"FTP for ActiveX | Xceed\" \/>\n<meta property=\"og:description\" content=\"Discover high-performance file transfer to FTP servers from your Windows applications. Receive and manipulate files and folders. Works with all FTP server types.\" \/>\n<meta property=\"og:url\" content=\"https:\/\/xceed.com\/es\/productos\/winforms-activex\/ftp-para-activex\/\" \/>\n<meta property=\"og:site_name\" content=\"Xceed\" \/>\n<meta property=\"article:modified_time\" content=\"2025-08-18T23:48:45+00:00\" \/>\n<meta property=\"og:image\" content=\"https:\/\/xceed.com\/wp-content\/uploads\/2024\/06\/Product-FTP-for-ActiveX.png\" \/>\n\t<meta property=\"og:image:width\" content=\"1500\" \/>\n\t<meta property=\"og:image:height\" content=\"1500\" \/>\n\t<meta property=\"og:image:type\" content=\"image\/png\" \/>\n<meta name=\"twitter:card\" content=\"summary_large_image\" \/>\n<script type=\"application\/ld+json\" class=\"yoast-schema-graph\">{\"@context\":\"https:\\\/\\\/schema.org\",\"@graph\":[{\"@type\":\"WebPage\",\"@id\":\"https:\\\/\\\/xceed.com\\\/products\\\/winforms-activex\\\/ftp-for-activex\\\/\",\"url\":\"https:\\\/\\\/xceed.com\\\/products\\\/winforms-activex\\\/ftp-for-activex\\\/\",\"name\":\"FTP for ActiveX | Xceed\",\"isPartOf\":{\"@id\":\"https:\\\/\\\/xceed.com\\\/fr\\\/#website\"},\"primaryImageOfPage\":{\"@id\":\"https:\\\/\\\/xceed.com\\\/products\\\/winforms-activex\\\/ftp-for-activex\\\/#primaryimage\"},\"image\":{\"@id\":\"https:\\\/\\\/xceed.com\\\/products\\\/winforms-activex\\\/ftp-for-activex\\\/#primaryimage\"},\"thumbnailUrl\":\"https:\\\/\\\/xceed.com\\\/wp-content\\\/uploads\\\/2024\\\/06\\\/Product-FTP-for-ActiveX.png\",\"datePublished\":\"2024-06-17T04:46:57+00:00\",\"dateModified\":\"2025-08-18T23:48:45+00:00\",\"description\":\"Discover high-performance file transfer to FTP servers from your Windows applications. Receive and manipulate files and folders. Works with all FTP server types.\",\"breadcrumb\":{\"@id\":\"https:\\\/\\\/xceed.com\\\/products\\\/winforms-activex\\\/ftp-for-activex\\\/#breadcrumb\"},\"inLanguage\":\"es\",\"potentialAction\":[{\"@type\":\"ReadAction\",\"target\":[\"https:\\\/\\\/xceed.com\\\/products\\\/winforms-activex\\\/ftp-for-activex\\\/\"]}]},{\"@type\":\"ImageObject\",\"inLanguage\":\"es\",\"@id\":\"https:\\\/\\\/xceed.com\\\/products\\\/winforms-activex\\\/ftp-for-activex\\\/#primaryimage\",\"url\":\"https:\\\/\\\/xceed.com\\\/wp-content\\\/uploads\\\/2024\\\/06\\\/Product-FTP-for-ActiveX.png\",\"contentUrl\":\"https:\\\/\\\/xceed.com\\\/wp-content\\\/uploads\\\/2024\\\/06\\\/Product-FTP-for-ActiveX.png\",\"width\":1500,\"height\":1500},{\"@type\":\"BreadcrumbList\",\"@id\":\"https:\\\/\\\/xceed.com\\\/products\\\/winforms-activex\\\/ftp-for-activex\\\/#breadcrumb\",\"itemListElement\":[{\"@type\":\"ListItem\",\"position\":1,\"name\":\"Home\",\"item\":\"https:\\\/\\\/xceed.com\\\/\"},{\"@type\":\"ListItem\",\"position\":2,\"name\":\"FTP for ActiveX\"}]},{\"@type\":\"WebSite\",\"@id\":\"https:\\\/\\\/xceed.com\\\/fr\\\/#website\",\"url\":\"https:\\\/\\\/xceed.com\\\/fr\\\/\",\"name\":\"Xceed\",\"description\":\"Provides tools for .NET, Windows Forms, WPF, Silverlight, and ASP.NET developers to create better applications.\",\"publisher\":{\"@id\":\"https:\\\/\\\/xceed.com\\\/fr\\\/#organization\"},\"potentialAction\":[{\"@type\":\"SearchAction\",\"target\":{\"@type\":\"EntryPoint\",\"urlTemplate\":\"https:\\\/\\\/xceed.com\\\/fr\\\/?s={search_term_string}\"},\"query-input\":{\"@type\":\"PropertyValueSpecification\",\"valueRequired\":true,\"valueName\":\"search_term_string\"}}],\"inLanguage\":\"es\"},{\"@type\":\"Organization\",\"@id\":\"https:\\\/\\\/xceed.com\\\/fr\\\/#organization\",\"name\":\"Xceed\",\"url\":\"https:\\\/\\\/xceed.com\\\/fr\\\/\",\"logo\":{\"@type\":\"ImageObject\",\"inLanguage\":\"es\",\"@id\":\"https:\\\/\\\/xceed.com\\\/fr\\\/#\\\/schema\\\/logo\\\/image\\\/\",\"url\":\"https:\\\/\\\/xceed.com\\\/wp-content\\\/uploads\\\/2024\\\/04\\\/cropped-xceed-logo.png\",\"contentUrl\":\"https:\\\/\\\/xceed.com\\\/wp-content\\\/uploads\\\/2024\\\/04\\\/cropped-xceed-logo.png\",\"width\":609,\"height\":150,\"caption\":\"Xceed\"},\"image\":{\"@id\":\"https:\\\/\\\/xceed.com\\\/fr\\\/#\\\/schema\\\/logo\\\/image\\\/\"}}]}<\/script>\n<!-- \/ Yoast SEO plugin. -->","yoast_head_json":{"title":"FTP para ActiveX | Xceed","description":"Descubra la transferencia de archivos de alto rendimiento a servidores FTP desde sus aplicaciones Windows. Reciba y manipule archivos y carpetas. Funciona con todos los tipos de servidores FTP.","robots":{"index":"index","follow":"follow","max-snippet":"max-snippet:-1","max-image-preview":"max-image-preview:large","max-video-preview":"max-video-preview:-1"},"canonical":"https:\/\/xceed.com\/es\/productos\/winforms-activex\/ftp-para-activex\/","og_locale":"es_MX","og_type":"article","og_title":"FTP for ActiveX | Xceed","og_description":"Discover high-performance file transfer to FTP servers from your Windows applications. Receive and manipulate files and folders. Works with all FTP server types.","og_url":"https:\/\/xceed.com\/es\/productos\/winforms-activex\/ftp-para-activex\/","og_site_name":"Xceed","article_modified_time":"2025-08-18T23:48:45+00:00","og_image":[{"width":1500,"height":1500,"url":"https:\/\/xceed.com\/wp-content\/uploads\/2024\/06\/Product-FTP-for-ActiveX.png","type":"image\/png"}],"twitter_card":"summary_large_image","schema":{"@context":"https:\/\/schema.org","@graph":[{"@type":"WebPage","@id":"https:\/\/xceed.com\/products\/winforms-activex\/ftp-for-activex\/","url":"https:\/\/xceed.com\/products\/winforms-activex\/ftp-for-activex\/","name":"FTP para ActiveX | Xceed","isPartOf":{"@id":"https:\/\/xceed.com\/fr\/#website"},"primaryImageOfPage":{"@id":"https:\/\/xceed.com\/products\/winforms-activex\/ftp-for-activex\/#primaryimage"},"image":{"@id":"https:\/\/xceed.com\/products\/winforms-activex\/ftp-for-activex\/#primaryimage"},"thumbnailUrl":"https:\/\/xceed.com\/wp-content\/uploads\/2024\/06\/Product-FTP-for-ActiveX.png","datePublished":"2024-06-17T04:46:57+00:00","dateModified":"2025-08-18T23:48:45+00:00","description":"Descubra la transferencia de archivos de alto rendimiento a servidores FTP desde sus aplicaciones Windows. Reciba y manipule archivos y carpetas. Funciona con todos los tipos de servidores FTP.","breadcrumb":{"@id":"https:\/\/xceed.com\/products\/winforms-activex\/ftp-for-activex\/#breadcrumb"},"inLanguage":"es","potentialAction":[{"@type":"ReadAction","target":["https:\/\/xceed.com\/products\/winforms-activex\/ftp-for-activex\/"]}]},{"@type":"ImageObject","inLanguage":"es","@id":"https:\/\/xceed.com\/products\/winforms-activex\/ftp-for-activex\/#primaryimage","url":"https:\/\/xceed.com\/wp-content\/uploads\/2024\/06\/Product-FTP-for-ActiveX.png","contentUrl":"https:\/\/xceed.com\/wp-content\/uploads\/2024\/06\/Product-FTP-for-ActiveX.png","width":1500,"height":1500},{"@type":"BreadcrumbList","@id":"https:\/\/xceed.com\/products\/winforms-activex\/ftp-for-activex\/#breadcrumb","itemListElement":[{"@type":"ListItem","position":1,"name":"Home","item":"https:\/\/xceed.com\/"},{"@type":"ListItem","position":2,"name":"FTP for ActiveX"}]},{"@type":"WebSite","@id":"https:\/\/xceed.com\/fr\/#website","url":"https:\/\/xceed.com\/fr\/","name":"Xceed","description":"Proporciona herramientas para que los desarrolladores de .NET, Windows Forms, WPF, Silverlight y ASP.NET puedan crear mejores aplicaciones.","publisher":{"@id":"https:\/\/xceed.com\/fr\/#organization"},"potentialAction":[{"@type":"SearchAction","target":{"@type":"EntryPoint","urlTemplate":"https:\/\/xceed.com\/fr\/?s={search_term_string}"},"query-input":{"@type":"PropertyValueSpecification","valueRequired":true,"valueName":"search_term_string"}}],"inLanguage":"es"},{"@type":"Organization","@id":"https:\/\/xceed.com\/fr\/#organization","name":"Xceed","url":"https:\/\/xceed.com\/fr\/","logo":{"@type":"ImageObject","inLanguage":"es","@id":"https:\/\/xceed.com\/fr\/#\/schema\/logo\/image\/","url":"https:\/\/xceed.com\/wp-content\/uploads\/2024\/04\/cropped-xceed-logo.png","contentUrl":"https:\/\/xceed.com\/wp-content\/uploads\/2024\/04\/cropped-xceed-logo.png","width":609,"height":150,"caption":"Xceed"},"image":{"@id":"https:\/\/xceed.com\/fr\/#\/schema\/logo\/image\/"}}]}},"_links":{"self":[{"href":"https:\/\/xceed.com\/es\/wp-json\/wp\/v2\/product\/1268","targetHints":{"allow":["GET"]}}],"collection":[{"href":"https:\/\/xceed.com\/es\/wp-json\/wp\/v2\/product"}],"about":[{"href":"https:\/\/xceed.com\/es\/wp-json\/wp\/v2\/types\/product"}],"version-history":[{"count":0,"href":"https:\/\/xceed.com\/es\/wp-json\/wp\/v2\/product\/1268\/revisions"}],"wp:featuredmedia":[{"embeddable":true,"href":"https:\/\/xceed.com\/es\/wp-json\/wp\/v2\/media\/1269"}],"wp:attachment":[{"href":"https:\/\/xceed.com\/es\/wp-json\/wp\/v2\/media?parent=1268"}],"wp:term":[{"taxonomy":"product_brand","embeddable":true,"href":"https:\/\/xceed.com\/es\/wp-json\/wp\/v2\/product_brand?post=1268"},{"taxonomy":"product_cat","embeddable":true,"href":"https:\/\/xceed.com\/es\/wp-json\/wp\/v2\/product_cat?post=1268"},{"taxonomy":"product_tag","embeddable":true,"href":"https:\/\/xceed.com\/es\/wp-json\/wp\/v2\/product_tag?post=1268"}],"curies":[{"name":"wp","href":"https:\/\/api.w.org\/{rel}","templated":true}]}}