{"id":866,"date":"2024-05-22T01:11:37","date_gmt":"2024-05-22T01:11:37","guid":{"rendered":"http:\/\/localhost:10003\/?page_id=866"},"modified":"2024-10-09T12:53:16","modified_gmt":"2024-10-09T12:53:16","slug":"terminos-de-uso","status":"publish","type":"page","link":"https:\/\/xceed.com\/es\/terms-and-conditions\/","title":{"rendered":"Condiciones generales"},"content":{"rendered":"<div data-elementor-type=\"wp-page\" data-elementor-id=\"866\" class=\"elementor elementor-866\" data-elementor-post-type=\"page\">\n\t\t\t\t<div class=\"elementor-element elementor-element-cf1b8d7 e-flex e-con-boxed e-con e-parent\" data-id=\"cf1b8d7\" data-element_type=\"container\" data-e-type=\"container\">\n\t\t\t\t\t<div class=\"e-con-inner\">\n\t\t\t\t<div class=\"elementor-element elementor-element-4d042cf elementor-widget elementor-widget-heading\" data-id=\"4d042cf\" data-element_type=\"widget\" data-e-type=\"widget\" data-widget_type=\"heading.default\">\n\t\t\t\t<div class=\"elementor-widget-container\">\n\t\t\t\t\t<h2 class=\"elementor-heading-title elementor-size-default\">T\u00e9rminos de uso de Xceed<\/h2>\t\t\t\t<\/div>\n\t\t\t\t<\/div>\n\t\t\t\t<div class=\"elementor-element elementor-element-2218229 elementor-widget elementor-widget-heading\" data-id=\"2218229\" data-element_type=\"widget\" data-e-type=\"widget\" data-widget_type=\"heading.default\">\n\t\t\t\t<div class=\"elementor-widget-container\">\n\t\t\t\t\t<h3 class=\"elementor-heading-title elementor-size-default\">Revisado el 12 de enero de 2016<\/h3>\t\t\t\t<\/div>\n\t\t\t\t<\/div>\n\t\t\t\t<div class=\"elementor-element elementor-element-754b8a7 elementor-widget elementor-widget-text-editor\" data-id=\"754b8a7\" data-element_type=\"widget\" data-e-type=\"widget\" data-widget_type=\"text-editor.default\">\n\t\t\t\t<div class=\"elementor-widget-container\">\n\t\t\t\t\t\t\t\t\t<p>Bienvenido! Al utilizar el sitio web de Xceed u otros servicios de Xceed, usted comprende y acepta los siguientes t\u00e9rminos y condiciones:<\/p><p>\u00a0<\/p><p>Los productos de software de Xceed se licencian de acuerdo con los t\u00e9rminos y condiciones del Acuerdo de Licencia de Software de Xceed, el cual debe leer y aceptar para tener derecho a descargar y\/o utilizar un producto de software de Xceed.<\/p><p>\u00a0<\/p><p>Cualquier software o contenido que pueda descargar o visualizar desde este sitio y que se identifique como proporcionado por un tercero debe ser descargado, visualizado o utilizado bajo su propio riesgo.<\/p><p>\u00a0<\/p><p>Xceed recopila informaci\u00f3n sobre su visita y puede solicitar y almacenar informaci\u00f3n personal sobre usted en nuestros servidores. Consulte la Declaraci\u00f3n de Privacidad de Xceed para obtener m\u00e1s informaci\u00f3n. Usted acepta que Xceed puede utilizar esta informaci\u00f3n de acuerdo con dicha declaraci\u00f3n de privacidad.<\/p><p>\u00a0<\/p><p>No puede utilizar el sitio web de Xceed u otros servicios de Xceed para vender un producto o servicio, o para aumentar el tr\u00e1fico a su sitio web, sin obtener primero el permiso expreso de Xceed.<\/p><p>\u00a0<\/p><p>No puede enviar consultas automatizadas de ning\u00fan tipo al sitio web o a los sistemas de Xceed sin obtener previamente el permiso expreso de Xceed. Se permite a los lectores de RSS acceder a los feeds RSS que Xceed ha puesto a disposici\u00f3n del p\u00fablico, con un intervalo m\u00ednimo de 60 minutos entre accesos. Los principales motores de b\u00fasqueda pueden indexar el sitio web, pero deben cumplir con los par\u00e1metros especificados en el archivo robots.txt.<\/p><p>\u00a0<\/p><p>Xceed rechaza toda responsabilidad por la exactitud, el contenido, la integridad, la legalidad, la fiabilidad, la operatividad o la disponibilidad de la informaci\u00f3n o material en este sitio web. Xceed tambi\u00e9n se exime de cualquier responsabilidad por cualquier da\u00f1o resultante de la descarga o el acceso a cualquier informaci\u00f3n o material en este sitio web.<\/p><p>\u00a0<\/p><p>Xceed proporciona todos los materiales, informaci\u00f3n, productos y servicios \"TAL CUAL\", sin ninguna garant\u00eda de ning\u00fan tipo. Xceed y sus licenciantes rechazan expresamente, en la m\u00e1xima medida permitida por la ley, todas las garant\u00edas expresas, impl\u00edcitas y legales, incluidas, entre otras, las garant\u00edas de comerciabilidad, idoneidad para un prop\u00f3sito particular y no infracci\u00f3n de derechos de propiedad. Xceed y sus licenciantes tambi\u00e9n rechazan cualquier garant\u00eda relacionada con la seguridad, fiabilidad, puntualidad y rendimiento de cualquier material, informaci\u00f3n, producto o servicio proporcionado.<\/p><p>\u00a0<\/p><p>Bajo ninguna circunstancia Xceed o sus licenciantes ser\u00e1n responsables ante ning\u00fan usuario por el uso o mal uso de, o por la confianza en, cualquier material, informaci\u00f3n, producto o servicio obtenido de este sitio web. Esta limitaci\u00f3n de responsabilidad se aplicar\u00e1 para evitar la recuperaci\u00f3n de da\u00f1os directos, indirectos, incidentales, consecuentes, especiales, ejemplares y punitivos, ya sea que dicha reclamaci\u00f3n se base en garant\u00eda, contrato, agravio (incluida la negligencia) o de otro tipo, incluso si Xceed o sus licenciantes han sido advertidos de la posibilidad de tales da\u00f1os.<\/p><p>\u00a0<\/p><p>Estos T\u00e9rminos de Uso se regir\u00e1n e interpretar\u00e1n de acuerdo con las leyes de la provincia de Quebec, Canad\u00e1. Si por alguna raz\u00f3n un tribunal de jurisdicci\u00f3n competente considera que alguna disposici\u00f3n o parte de estos T\u00e9rminos de Servicio no es ejecutable, el resto de los T\u00e9rminos de Uso continuar\u00e1 en pleno vigor y efecto.<\/p><p>\u00a0<\/p><p>Cualquier renuncia a alguna disposici\u00f3n de estos T\u00e9rminos de Uso ser\u00e1 efectiva solo si est\u00e1 por escrito y firmada por Xceed.<\/p><p>\u00a0<\/p><p>Comunicaciones con terceros a trav\u00e9s del sitio web de Xceed o otros servicios. Sus tratos o comunicaciones a trav\u00e9s del sitio web de Xceed, o de otros servicios, con cualquier parte que no sea Xceed son exclusivamente entre usted y ese tercero. Por ejemplo, ciertas \u00e1reas del sitio web de Xceed pueden permitirle realizar transacciones o comprar bienes o servicios, siendo estas transacciones gestionadas por nuestros socios terceros. Bajo ninguna circunstancia Xceed ser\u00e1 responsable por bienes, servicios, recursos o contenido disponible a trav\u00e9s de dichos tratos o comunicaciones con terceros, o por cualquier da\u00f1o relacionado con los mismos.<\/p><p>\u00a0<\/p><p>Por favor, revise cuidadosamente las pol\u00edticas y pr\u00e1cticas de ese tercero y aseg\u00farese de estar conforme con ellas antes de realizar cualquier transacci\u00f3n. Cualquier queja, preocupaci\u00f3n o pregunta que pueda tener relacionada con materiales proporcionados por terceros debe ser dirigida directamente al tercero.<\/p><p>\u00a0<\/p><p>Ciertas \u00e1reas del sitio web de Xceed pueden requerir registro. Si se convierte en miembro o se une, acepta asumir la responsabilidad de todas las actividades que ocurran bajo su cuenta o contrase\u00f1a, y acepta que no vender\u00e1, transferir\u00e1 ni ceder\u00e1 su membres\u00eda ni ning\u00fan derecho de membres\u00eda. Usted es responsable de mantener la confidencialidad de su contrase\u00f1a y de restringir el acceso a su computadora para que otras personas no puedan acceder al sitio web de Xceed utilizando su nombre, total o parcialmente. Xceed se reserva el derecho de terminar la membres\u00eda y denegar el acceso al sitio a cualquier persona que viole alguno de estos T\u00e9rminos de Uso.<\/p><p>\u00a0<\/p><p>Al colocar material en, o comunicarse con Xceed, incluyendo, por ejemplo, la comunicaci\u00f3n durante el registro, la comunicaci\u00f3n en cualquier tabl\u00f3n de anuncios, foro, \u00e1rea de mensajes o chat de Xceed, publicar im\u00e1genes, participar en sorteos, etc., usted declara y garantiza que posee o controla de otro modo todos los derechos sobre el contenido que proporciona, que el contenido es preciso, que no viola estos T\u00e9rminos de Uso y que no causar\u00e1 da\u00f1o a ninguna persona o entidad. Usted otorga a Xceed, sus afiliados y entidades relacionadas, un derecho y licencia perpetuos, irrevocables, no exclusivos y libres de regal\u00edas para usar, copiar, modificar, mostrar, archivar, almacenar, distribuir, reproducir y crear trabajos derivados de toda la informaci\u00f3n que nos proporcione, en cualquier forma, medio, software o tecnolog\u00eda de cualquier tipo. Tambi\u00e9n otorga a Xceed el derecho de asociar su nombre con este material, y el derecho de usar el material, la informaci\u00f3n, las ideas, los conceptos, el conocimiento o las t\u00e9cnicas para cualquier prop\u00f3sito, incluyendo, pero no limitado a, el desarrollo y comercializaci\u00f3n de productos utilizando dicha informaci\u00f3n. Todos los derechos en este p\u00e1rrafo se otorgan sin necesidad de compensaci\u00f3n adicional alguna para usted.<\/p><p>\u00a0<\/p><p>Se proporcionan \u00e1reas interactivas como tablones de mensajes, foros y \u00e1reas de chat para ofrecer a los usuarios de Xceed un foro interesante para comunicarse con otros usuarios de Xceed y compartir ideas e informaci\u00f3n sobre los productos o servicios de Xceed. Xceed no puede ni podr\u00e1 monitorear todo el material publicado o transmitido por los usuarios de manera oportuna. Para proteger su seguridad, utilice su mejor juicio al utilizar estos foros. Desaconsejamos especialmente divulgar n\u00fameros de tel\u00e9fono personales, direcciones u otra informaci\u00f3n que pueda ser utilizada para identificarlo o localizarlo.<\/p><p>\u00a0<\/p><p>Xceed se reserva el derecho de eliminar, mover o editar cualquier comunicaci\u00f3n en \u00e1reas interactivas en cualquier momento, por cualquier motivo o a su discreci\u00f3n, pero no tiene la obligaci\u00f3n de revisar o eliminar dicho contenido.<\/p><p>\u00a0<\/p><p>No publique material en \u00e1reas interactivas que contenga lenguaje vulgar, profano, abusivo o de odio, ep\u00edtetos o insultos, texto o ilustraciones de mal gusto, ataques inflamatorios de naturaleza personal, racial o religiosa, o expresiones de intolerancia, racismo, discriminaci\u00f3n o odio. No publique material difamatorio, amenazante, despectivo, enga\u00f1oso o fraudulento. No publique material que viole los derechos de privacidad de terceros, sea perjudicial u ofensivo para cualquier individuo o comunidad, contenga declaraciones que puedan ser objeto de acci\u00f3n legal, o que tiendan a enga\u00f1ar o reflejar injustamente a cualquier otra persona, negocio o entidad.<\/p><p>\u00a0<\/p><p>No publique material en \u00e1reas interactivas que viole cualquier derecho de Xceed o de terceros, ni material que viole cualquier ley municipal, provincial, estatal o federal, norma, regulaci\u00f3n u ordenanza, o que intente fomentar tal evasi\u00f3n o violaci\u00f3n.<\/p><p>\u00a0<\/p><p>No publique material que discrimine por motivos de raza, religi\u00f3n, origen nacional, g\u00e9nero, edad, estado civil, orientaci\u00f3n sexual o discapacidad, o que haga referencia a tales asuntos de manera prohibida por la ley.<\/p><p>\u00a0<\/p><p>No publique material que publique anuncios, promocione o ofrezca intercambiar bienes o servicios, excepto en las \u00e1reas espec\u00edficamente designadas para tal fin.<\/p><p>\u00a0<\/p><p>No env\u00ede archivos da\u00f1inos, disruptivos o destructivos.<\/p><p>\u00a0<\/p><p>No publique material que \"ataque\" a cualquier individuo o entidad (por ejemplo, env\u00ede mensajes repetidos relacionados con otro usuario y\/o haga comentarios despectivos u ofensivos sobre otro individuo), o repita publicaciones previas del mismo mensaje bajo m\u00faltiples hilos o temas.<\/p>\t\t\t\t\t\t\t\t<\/div>\n\t\t\t\t<\/div>\n\t\t\t\t<div class=\"elementor-element elementor-element-eb26c89 elementor-widget elementor-widget-heading\" data-id=\"eb26c89\" data-element_type=\"widget\" data-e-type=\"widget\" data-widget_type=\"heading.default\">\n\t\t\t\t<div class=\"elementor-widget-container\">\n\t\t\t\t\t<h3 class=\"elementor-heading-title elementor-size-default\">Cambios a estos T\u00e9rminos de Uso<\/h3>\t\t\t\t<\/div>\n\t\t\t\t<\/div>\n\t\t\t\t<div class=\"elementor-element elementor-element-c6b68c2 elementor-widget elementor-widget-text-editor\" data-id=\"c6b68c2\" data-element_type=\"widget\" data-e-type=\"widget\" data-widget_type=\"text-editor.default\">\n\t\t\t\t<div class=\"elementor-widget-container\">\n\t\t\t\t\t\t\t\t\t<p>Estos T\u00e9rminos de Uso pueden ser modificados de vez en cuando, por cualquier motivo y sin previo aviso.<\/p><p>\u00a0<\/p><p>Los nuevos cambios a los T\u00e9rminos de Uso se resumir\u00e1n en la secci\u00f3n a continuaci\u00f3n y se mantendr\u00e1n all\u00ed durante al menos un a\u00f1o.<\/p><p>\u00a0<\/p><p>La versi\u00f3n de estos T\u00e9rminos de Uso ser\u00e1 identificada en la parte superior de esta p\u00e1gina por la fecha de revisi\u00f3n.<\/p>\t\t\t\t\t\t\t\t<\/div>\n\t\t\t\t<\/div>\n\t\t\t\t<div class=\"elementor-element elementor-element-361fa3f elementor-widget elementor-widget-heading\" data-id=\"361fa3f\" data-element_type=\"widget\" data-e-type=\"widget\" data-widget_type=\"heading.default\">\n\t\t\t\t<div class=\"elementor-widget-container\">\n\t\t\t\t\t<h3 class=\"elementor-heading-title elementor-size-default\">Cambios a los T\u00e9rminos de Uso anteriores<\/h3>\t\t\t\t<\/div>\n\t\t\t\t<\/div>\n\t\t\t\t<div class=\"elementor-element elementor-element-ed96dc2 elementor-widget elementor-widget-text-editor\" data-id=\"ed96dc2\" data-element_type=\"widget\" data-e-type=\"widget\" data-widget_type=\"text-editor.default\">\n\t\t\t\t<div class=\"elementor-widget-container\">\n\t\t\t\t\t\t\t\t\t<p>Cambios de la revisi\u00f3n del 18 de diciembre de 2006: solo la fecha de revisi\u00f3n.<\/p><p>\u00a0<\/p><p>Cambios de la revisi\u00f3n del 1 de marzo de 2012: la fecha de revisi\u00f3n y el cambio de nombre de \"T\u00e9rminos de Servicio\" a \"T\u00e9rminos de Uso\".<\/p>\t\t\t\t\t\t\t\t<\/div>\n\t\t\t\t<\/div>\n\t\t\t\t\t<\/div>\n\t\t\t\t<\/div>\n\t\t\t\t<\/div>","protected":false},"excerpt":{"rendered":"<p>Xceed Terms of Use Revised January 12, 2016 Welcome! By using Xceed&#8217;s web site or other Xceed services, you understand and agree to the following terms and conditions: \u00a0 Xceed software products are licensed according to the terms and conditions of the Xceed Software License Agreement, which you must read and agree to in order [&hellip;]<\/p>\n","protected":false},"author":1,"featured_media":0,"parent":0,"menu_order":0,"comment_status":"closed","ping_status":"closed","template":"","meta":{"_acf_changed":false,"footnotes":""},"class_list":["post-866","page","type-page","status-publish","hentry"],"acf":[],"yoast_head":"<!-- This site is optimized with the Yoast SEO plugin v27.4 - https:\/\/yoast.com\/product\/yoast-seo-wordpress\/ -->\n<title>Terms and Conditions - Xceed<\/title>\n<meta name=\"robots\" content=\"index, follow, max-snippet:-1, max-image-preview:large, max-video-preview:-1\" \/>\n<link rel=\"canonical\" href=\"https:\/\/xceed.com\/es\/terminos-de-uso\/\" \/>\n<meta property=\"og:locale\" content=\"es_MX\" \/>\n<meta property=\"og:type\" content=\"article\" \/>\n<meta property=\"og:title\" content=\"Terms and Conditions - Xceed\" \/>\n<meta property=\"og:description\" content=\"Xceed Terms of Use Revised January 12, 2016 Welcome! By using Xceed&#8217;s web site or other Xceed services, you understand and agree to the following terms and conditions: \u00a0 Xceed software products are licensed according to the terms and conditions of the Xceed Software License Agreement, which you must read and agree to in order [&hellip;]\" \/>\n<meta property=\"og:url\" content=\"https:\/\/xceed.com\/es\/terminos-de-uso\/\" \/>\n<meta property=\"og:site_name\" content=\"Xceed\" \/>\n<meta property=\"article:modified_time\" content=\"2024-10-09T12:53:16+00:00\" \/>\n<meta name=\"twitter:card\" content=\"summary_large_image\" \/>\n<meta name=\"twitter:label1\" content=\"Est. reading time\" \/>\n\t<meta name=\"twitter:data1\" content=\"7 minutos\" \/>\n<script type=\"application\/ld+json\" class=\"yoast-schema-graph\">{\"@context\":\"https:\\\/\\\/schema.org\",\"@graph\":[{\"@type\":\"WebPage\",\"@id\":\"https:\\\/\\\/xceed.com\\\/es\\\/terminos-de-uso\\\/\",\"url\":\"https:\\\/\\\/xceed.com\\\/es\\\/terminos-de-uso\\\/\",\"name\":\"Terms and Conditions - Xceed\",\"isPartOf\":{\"@id\":\"https:\\\/\\\/xceed.com\\\/fr\\\/#website\"},\"datePublished\":\"2024-05-22T01:11:37+00:00\",\"dateModified\":\"2024-10-09T12:53:16+00:00\",\"breadcrumb\":{\"@id\":\"https:\\\/\\\/xceed.com\\\/es\\\/terminos-de-uso\\\/#breadcrumb\"},\"inLanguage\":\"es\",\"potentialAction\":[{\"@type\":\"ReadAction\",\"target\":[\"https:\\\/\\\/xceed.com\\\/es\\\/terminos-de-uso\\\/\"]}]},{\"@type\":\"BreadcrumbList\",\"@id\":\"https:\\\/\\\/xceed.com\\\/es\\\/terminos-de-uso\\\/#breadcrumb\",\"itemListElement\":[{\"@type\":\"ListItem\",\"position\":1,\"name\":\"Home\",\"item\":\"https:\\\/\\\/xceed.com\\\/\"},{\"@type\":\"ListItem\",\"position\":2,\"name\":\"Terms and Conditions\"}]},{\"@type\":\"WebSite\",\"@id\":\"https:\\\/\\\/xceed.com\\\/fr\\\/#website\",\"url\":\"https:\\\/\\\/xceed.com\\\/fr\\\/\",\"name\":\"Xceed\",\"description\":\"Provides tools for .NET, Windows Forms, WPF, Silverlight, and ASP.NET developers to create better applications.\",\"publisher\":{\"@id\":\"https:\\\/\\\/xceed.com\\\/fr\\\/#organization\"},\"potentialAction\":[{\"@type\":\"SearchAction\",\"target\":{\"@type\":\"EntryPoint\",\"urlTemplate\":\"https:\\\/\\\/xceed.com\\\/fr\\\/?s={search_term_string}\"},\"query-input\":{\"@type\":\"PropertyValueSpecification\",\"valueRequired\":true,\"valueName\":\"search_term_string\"}}],\"inLanguage\":\"es\"},{\"@type\":\"Organization\",\"@id\":\"https:\\\/\\\/xceed.com\\\/fr\\\/#organization\",\"name\":\"Xceed\",\"url\":\"https:\\\/\\\/xceed.com\\\/fr\\\/\",\"logo\":{\"@type\":\"ImageObject\",\"inLanguage\":\"es\",\"@id\":\"https:\\\/\\\/xceed.com\\\/fr\\\/#\\\/schema\\\/logo\\\/image\\\/\",\"url\":\"https:\\\/\\\/xceed.com\\\/wp-content\\\/uploads\\\/2024\\\/04\\\/cropped-xceed-logo.png\",\"contentUrl\":\"https:\\\/\\\/xceed.com\\\/wp-content\\\/uploads\\\/2024\\\/04\\\/cropped-xceed-logo.png\",\"width\":609,\"height\":150,\"caption\":\"Xceed\"},\"image\":{\"@id\":\"https:\\\/\\\/xceed.com\\\/fr\\\/#\\\/schema\\\/logo\\\/image\\\/\"}}]}<\/script>\n<!-- \/ Yoast SEO plugin. -->","yoast_head_json":{"title":"T\u00e9rminos y condiciones - Xceed","robots":{"index":"index","follow":"follow","max-snippet":"max-snippet:-1","max-image-preview":"max-image-preview:large","max-video-preview":"max-video-preview:-1"},"canonical":"https:\/\/xceed.com\/es\/terminos-de-uso\/","og_locale":"es_MX","og_type":"article","og_title":"Terms and Conditions - Xceed","og_description":"Xceed Terms of Use Revised January 12, 2016 Welcome! By using Xceed&#8217;s web site or other Xceed services, you understand and agree to the following terms and conditions: \u00a0 Xceed software products are licensed according to the terms and conditions of the Xceed Software License Agreement, which you must read and agree to in order [&hellip;]","og_url":"https:\/\/xceed.com\/es\/terminos-de-uso\/","og_site_name":"Xceed","article_modified_time":"2024-10-09T12:53:16+00:00","twitter_card":"summary_large_image","twitter_misc":{"Est. reading time":"7 minutos"},"schema":{"@context":"https:\/\/schema.org","@graph":[{"@type":"WebPage","@id":"https:\/\/xceed.com\/es\/terminos-de-uso\/","url":"https:\/\/xceed.com\/es\/terminos-de-uso\/","name":"T\u00e9rminos y condiciones - Xceed","isPartOf":{"@id":"https:\/\/xceed.com\/fr\/#website"},"datePublished":"2024-05-22T01:11:37+00:00","dateModified":"2024-10-09T12:53:16+00:00","breadcrumb":{"@id":"https:\/\/xceed.com\/es\/terminos-de-uso\/#breadcrumb"},"inLanguage":"es","potentialAction":[{"@type":"ReadAction","target":["https:\/\/xceed.com\/es\/terminos-de-uso\/"]}]},{"@type":"BreadcrumbList","@id":"https:\/\/xceed.com\/es\/terminos-de-uso\/#breadcrumb","itemListElement":[{"@type":"ListItem","position":1,"name":"Home","item":"https:\/\/xceed.com\/"},{"@type":"ListItem","position":2,"name":"Terms and Conditions"}]},{"@type":"WebSite","@id":"https:\/\/xceed.com\/fr\/#website","url":"https:\/\/xceed.com\/fr\/","name":"Xceed","description":"Proporciona herramientas para que los desarrolladores de .NET, Windows Forms, WPF, Silverlight y ASP.NET puedan crear mejores aplicaciones.","publisher":{"@id":"https:\/\/xceed.com\/fr\/#organization"},"potentialAction":[{"@type":"SearchAction","target":{"@type":"EntryPoint","urlTemplate":"https:\/\/xceed.com\/fr\/?s={search_term_string}"},"query-input":{"@type":"PropertyValueSpecification","valueRequired":true,"valueName":"search_term_string"}}],"inLanguage":"es"},{"@type":"Organization","@id":"https:\/\/xceed.com\/fr\/#organization","name":"Xceed","url":"https:\/\/xceed.com\/fr\/","logo":{"@type":"ImageObject","inLanguage":"es","@id":"https:\/\/xceed.com\/fr\/#\/schema\/logo\/image\/","url":"https:\/\/xceed.com\/wp-content\/uploads\/2024\/04\/cropped-xceed-logo.png","contentUrl":"https:\/\/xceed.com\/wp-content\/uploads\/2024\/04\/cropped-xceed-logo.png","width":609,"height":150,"caption":"Xceed"},"image":{"@id":"https:\/\/xceed.com\/fr\/#\/schema\/logo\/image\/"}}]}},"_links":{"self":[{"href":"https:\/\/xceed.com\/es\/wp-json\/wp\/v2\/pages\/866","targetHints":{"allow":["GET"]}}],"collection":[{"href":"https:\/\/xceed.com\/es\/wp-json\/wp\/v2\/pages"}],"about":[{"href":"https:\/\/xceed.com\/es\/wp-json\/wp\/v2\/types\/page"}],"author":[{"embeddable":true,"href":"https:\/\/xceed.com\/es\/wp-json\/wp\/v2\/users\/1"}],"replies":[{"embeddable":true,"href":"https:\/\/xceed.com\/es\/wp-json\/wp\/v2\/comments?post=866"}],"version-history":[{"count":0,"href":"https:\/\/xceed.com\/es\/wp-json\/wp\/v2\/pages\/866\/revisions"}],"wp:attachment":[{"href":"https:\/\/xceed.com\/es\/wp-json\/wp\/v2\/media?parent=866"}],"curies":[{"name":"wp","href":"https:\/\/api.w.org\/{rel}","templated":true}]}}