{"id":2556,"date":"2025-01-02T15:39:04","date_gmt":"2025-01-02T15:39:04","guid":{"rendered":"https:\/\/xceed.com\/?page_id=2556"},"modified":"2025-02-06T14:45:15","modified_gmt":"2025-02-06T14:45:15","slug":"aserciones-fluidas-faq","status":"publish","type":"page","link":"https:\/\/xceed.com\/es\/fluent-assertions-faq\/","title":{"rendered":"Preguntas m\u00e1s frecuentes sobre Fluent Assertions"},"content":{"rendered":"<h2 class=\"wp-block-heading has-text-align-center\">Preguntas m\u00e1s frecuentes sobre Fluent Assertions<\/h2>\n\n\n\n<p><\/p>\n\n\n\n<figure class=\"wp-block-image aligncenter size-large\"><img fetchpriority=\"high\" decoding=\"async\" width=\"1024\" height=\"237\" src=\"https:\/\/xceed.com\/wp-content\/uploads\/2025\/01\/Now-An-Xceed-partner-1024x237.png\" alt=\"\" class=\"wp-image-2586\" srcset=\"https:\/\/xceed.com\/wp-content\/uploads\/2025\/01\/Now-An-Xceed-partner-1024x237.png 1024w, https:\/\/xceed.com\/wp-content\/uploads\/2025\/01\/Now-An-Xceed-partner-300x70.png 300w, https:\/\/xceed.com\/wp-content\/uploads\/2025\/01\/Now-An-Xceed-partner-768x178.png 768w, https:\/\/xceed.com\/wp-content\/uploads\/2025\/01\/Now-An-Xceed-partner-18x4.png 18w, https:\/\/xceed.com\/wp-content\/uploads\/2025\/01\/Now-An-Xceed-partner-600x139.png 600w, https:\/\/xceed.com\/wp-content\/uploads\/2025\/01\/Now-An-Xceed-partner.png 1320w\" sizes=\"(max-width: 1024px) 100vw, 1024px\" \/><\/figure>\n\n\n\n<p class=\"has-text-align-center\"><br><\/p>\n\n\n\n<h5 class=\"wp-block-heading has-text-align-center\"><strong><mark style=\"background-color:rgba(0, 0, 0, 0)\" class=\"has-inline-color has-primary-color\">A continuaci\u00f3n encontrar\u00e1 respuestas a las preguntas m\u00e1s frecuentes que le ayudar\u00e1n a maximizar su experiencia con Fluent Assertions.<\/mark><\/strong><\/h5>\n\n\n\n<div style=\"height:43px\" aria-hidden=\"true\" class=\"wp-block-spacer\"><\/div>\n\n\n\n<div class=\"wp-block-group is-layout-constrained wp-block-group-is-layout-constrained\">\n<p class=\"has-text-align-left\"><strong>1. \u00bfCu\u00e1l es la naturaleza de la asociaci\u00f3n de Xceed con los creadores de Fluent Assertions?<\/strong><\/p>\n\n\n\n<p class=\"has-text-align-left\">Xceed Software ha establecido una asociaci\u00f3n estrat\u00e9gica con los creadores de la biblioteca .NET de c\u00f3digo abierto \"Fluent Assertions\". Esta asociaci\u00f3n implica el desarrollo continuado de la biblioteca, con el objetivo de ofrecer tanto una versi\u00f3n gratuita para uso no comercial como una versi\u00f3n comercial para clientes empresariales. Los creadores originales de Fluent Assertions seguir\u00e1n participando activamente en el proceso de desarrollo, garantizando que la biblioteca siga creciendo de acuerdo con su visi\u00f3n original.<\/p>\n\n\n\n<div style=\"height:30px\" aria-hidden=\"true\" class=\"wp-block-spacer\"><\/div>\n\n\n\n<p><strong>2. \u00bfPor qu\u00e9 se comercializa Fluent Assertions?<\/strong><\/p>\n\n\n\n<p>La decisi\u00f3n de introducir una versi\u00f3n comercial de Fluent Assertions permite a Xceed ofrecer funciones mejoradas y soporte de nivel empresarial, esenciales para las empresas que operan en entornos complejos. Este modelo comercial garantiza la sostenibilidad del desarrollo de la biblioteca, permiti\u00e9ndole evolucionar y satisfacer las demandas tanto de los usuarios de c\u00f3digo abierto como de los clientes comerciales.<\/p>\n\n\n\n<div style=\"height:30px\" aria-hidden=\"true\" class=\"wp-block-spacer\"><\/div>\n\n\n\n<p><strong>3. \u00bfSeguir\u00e1 disponible la versi\u00f3n gratuita de Fluent Assertions?<\/strong><\/p>\n\n\n\n<p>S\u00ed, la versi\u00f3n gratuita de Fluent Assertions V8 y las siguientes seguir\u00e1n estando disponibles para uso no comercial.  La versi\u00f3n 7 seguir\u00e1 siendo totalmente de c\u00f3digo abierto indefinidamente y recibir\u00e1 correcciones de errores y otras correcciones importantes y seguir\u00e1 rigi\u00e9ndose por la licencia Apache 2.0 existente. Xceed y los creadores originales se comprometen a mantener la naturaleza de c\u00f3digo abierto de la biblioteca para la comunidad que la ha apoyado a lo largo de los a\u00f1os.<\/p>\n\n\n\n<div style=\"height:30px\" aria-hidden=\"true\" class=\"wp-block-spacer\"><\/div>\n\n\n\n<p><strong>4. \u00bfEn qu\u00e9 se diferenciar\u00e1 la versi\u00f3n gratuita de la comercial?<\/strong><\/p>\n\n\n\n<p>Fluent Assertions V8 y posteriores ser\u00e1n iguales para los clientes gratuitos y de pago, con las ventajas a\u00f1adidas para los usuarios de pago: acceso a soporte prioritario, consideraci\u00f3n prioritaria de funciones y correcciones y derecho de uso para fines comerciales, as\u00ed como soporte personalizado para necesidades empresariales. La V7 seguir\u00e1 siendo gratuita y de c\u00f3digo abierto sin nuevas restricciones y se regir\u00e1 por la licencia Apache 2.0.<\/p>\n\n\n\n<div style=\"height:30px\" aria-hidden=\"true\" class=\"wp-block-spacer\"><\/div>\n\n\n\n<p><strong>5. \u00bfQu\u00e9 significa esta asociaci\u00f3n para los usuarios actuales de Fluent Assertions?<\/strong><\/p>\n\n\n\n<p>Los usuarios existentes pueden seguir utilizando la versi\u00f3n gratuita de Fluent Assertions sin ning\u00fan cambio en su disponibilidad actual. Aquellos que necesiten funciones m\u00e1s avanzadas o un soporte dedicado pueden optar por pasar a la versi\u00f3n comercial. La participaci\u00f3n de Xceed tambi\u00e9n significa que todos los usuarios pueden esperar actualizaciones m\u00e1s s\u00f3lidas y regulares, documentaci\u00f3n mejorada y un mejor soporte general.<\/p>\n\n\n\n<div style=\"height:30px\" aria-hidden=\"true\" class=\"wp-block-spacer\"><\/div>\n\n\n\n<p><strong>6. \u00bfC\u00f3mo repercutir\u00e1 la asociaci\u00f3n en la comunidad del c\u00f3digo abierto?<\/strong><\/p>\n\n\n\n<p>Xceed y los creadores originales de Fluent Assertions se dedican a apoyar a la comunidad de c\u00f3digo abierto. La biblioteca seguir\u00e1 siendo de c\u00f3digo abierto para uso no comercial, y Xceed tiene previsto seguir colaborando con la comunidad proporcionando recursos, documentaci\u00f3n y oportunidades de colaboraci\u00f3n. La asociaci\u00f3n est\u00e1 dise\u00f1ada para mejorar, no disminuir, el valor que Fluent Assertions aporta al ecosistema de c\u00f3digo abierto.<\/p>\n\n\n\n<div style=\"height:30px\" aria-hidden=\"true\" class=\"wp-block-spacer\"><\/div>\n\n\n\n<p><strong>7. \u00bfPor qu\u00e9 Xceed decidi\u00f3 asociarse con los creadores de Fluent Assertions?<\/strong><\/p>\n\n\n\n<p>Xceed tiene un largo historial de asociaciones y colaboraciones exitosas en la industria del software. La asociaci\u00f3n con los creadores de Fluent Assertions se alinea con la misi\u00f3n de Xceed de ofrecer herramientas y componentes de alta calidad que ayuden a los desarrolladores a ahorrar tiempo y a las empresas a alcanzar sus objetivos. Al unir fuerzas con los creadores originales, Xceed se asegura de que la biblioteca se mantiene fiel a sus ra\u00edces al tiempo que ampl\u00eda sus capacidades para un p\u00fablico m\u00e1s amplio.<\/p>\n\n\n\n<div style=\"height:30px\" aria-hidden=\"true\" class=\"wp-block-spacer\"><\/div>\n\n\n\n<p><strong>8. \u00bfC\u00f3mo beneficiar\u00e1 esta asociaci\u00f3n a los clientes de la empresa?<\/strong><\/p>\n\n\n\n<p>Los clientes empresariales se beneficiar\u00e1n de la versi\u00f3n comercial de Fluent Assertions con acceso a soporte prioritario, consideraci\u00f3n prioritaria de nuevas caracter\u00edsticas y correcciones y acceso al equipo de soporte t\u00e9cnico de Xceed. La versi\u00f3n comercial tiene como objetivo proporcionar a las empresas las herramientas que necesitan para integrar Fluent Assertions en sus aplicaciones de misi\u00f3n cr\u00edtica de forma eficaz.<\/p>\n\n\n\n<div style=\"height:30px\" aria-hidden=\"true\" class=\"wp-block-spacer\"><\/div>\n\n\n\n<p><strong>9. \u00bfHabr\u00e1 cambios en la concesi\u00f3n de licencias de la biblioteca?<\/strong><\/p>\n\n\n\n<p>Fluent Assertions seguir\u00e1 estando disponible bajo una licencia de c\u00f3digo abierto para uso no comercial. Esta licencia de c\u00f3digo abierto es ahora la Xceed Community License for Fluent Assertions. Los usuarios comerciales deber\u00e1n adquirir una suscripci\u00f3n a trav\u00e9s de <a href=\"http:\/\/Xceed.com\"><strong><mark style=\"background-color:rgba(0, 0, 0, 0)\" class=\"has-inline-color has-primary-color\">Xceed.com<\/mark><\/strong><\/a> para utilizar Fluent Assertions con fines comerciales.<\/p>\n\n\n\n<div style=\"height:30px\" aria-hidden=\"true\" class=\"wp-block-spacer\"><\/div>\n\n\n\n<p><strong>10. \u00bfC\u00f3mo puedo contribuir al desarrollo de Fluent Assertions?<\/strong><\/p>\n\n\n\n<p>Xceed agradece las continuas contribuciones de la comunidad de c\u00f3digo abierto. Los colaboradores pueden seguir colaborando con la versi\u00f3n gratuita de Fluent Assertions a trav\u00e9s de los canales habituales, como el env\u00edo de solicitudes de extracci\u00f3n, la notificaci\u00f3n de problemas y la participaci\u00f3n en debates. Xceed planea fomentar un entorno de colaboraci\u00f3n en el que tanto los miembros de la comunidad como los clientes empresariales puedan contribuir al \u00e9xito continuo de la biblioteca.<\/p>\n\n\n\n<div style=\"height:30px\" aria-hidden=\"true\" class=\"wp-block-spacer\"><\/div>\n\n\n\n<p><strong>11. \u00bfD\u00f3nde puedo encontrar m\u00e1s informaci\u00f3n sobre esta asociaci\u00f3n?<\/strong><\/p>\n\n\n\n<p>Para obtener m\u00e1s informaci\u00f3n sobre la asociaci\u00f3n y el futuro de Fluent Assertions, visite la p\u00e1gina <a href=\"https:\/\/xceed.com\/es\/blog\/noticias\/xceed-software-se-asocia-con-aserciones-fluidas-para-elevar-las-herramientas-de-desarrollo-y-el-apoyo-a-la-comunidad\/\"><mark style=\"background-color:rgba(0, 0, 0, 0)\" class=\"has-inline-color has-primary-color\"><strong>https:\/\/xceed.com\/blog\/news\/xceed-software-partners-with-fluent-assertions-to-elevate-developer-tools-and-community-support\/<\/strong><\/mark><\/a> \u00a0o p\u00f3ngase en contacto con nosotros directamente a trav\u00e9s de nuestros canales de asistencia.<\/p>\n\n\n\n<div style=\"height:30px\" aria-hidden=\"true\" class=\"wp-block-spacer\"><\/div>\n\n\n\n<p><strong>12. \u00bfD\u00f3nde puedo encontrar m\u00e1s informaci\u00f3n sobre las licencias Xceed?<\/strong><\/p>\n\n\n\n<p>Para obtener m\u00e1s informaci\u00f3n sobre el acuerdo de licencia, visite el sitio web de Xceed Software en<\/p>\n\n\n\n<p><a href=\"https:\/\/xceed.com\/es\/acuerdo-de-licencia\/\"><mark style=\"background-color:rgba(0, 0, 0, 0)\" class=\"has-inline-color has-primary-color\"><strong>www.xceed.com\/license-agreement\/<\/strong><\/mark><\/a><\/p>\n\n\n\n<div style=\"height:30px\" aria-hidden=\"true\" class=\"wp-block-spacer\"><\/div>\n\n\n\n<p><strong>13. \u00bfCu\u00e1l es la definici\u00f3n de uso comercial y no comercial?<\/strong><\/p>\n\n\n\n<p>Para m\u00e1s detalles sobre lo que se considera uso comercial y lo que se considera uso no comercial, consulte el acuerdo de licencia de Xceed en el sitio web de Xceed Software en<a href=\"https:\/\/xceed.com\/es\/\"><\/a><a href=\"https:\/\/xceed.com\/es\/acuerdo-de-licencia\/\"><strong><mark style=\"background-color:rgba(0, 0, 0, 0)\" class=\"has-inline-color has-primary-color\">https:\/\/xceed.com\/license-agreement\/<\/mark><\/strong><\/a><\/p>\n\n\n\n<div style=\"height:30px\" aria-hidden=\"true\" class=\"wp-block-spacer\"><\/div>\n\n\n\n<p><strong>14. Por qu\u00e9 ya no es gratuito<\/strong>?<\/p>\n\n\n\n<p>Fluent Assertions sigue ofreci\u00e9ndose gratuitamente bajo la licencia comunitaria siempre que el uso previsto no tenga fines comerciales. Para asegurarse de que respeta el acuerdo de licencia de la comunidad, consulte el acuerdo de licencia aqu\u00ed.<\/p>\n\n\n\n<div style=\"height:30px\" aria-hidden=\"true\" class=\"wp-block-spacer\"><\/div>\n\n\n\n<p><strong>15. \u00bfPor qu\u00e9 debo pagar?<\/strong><\/p>\n\n\n\n<p>Pagar por una licencia comercial de Fluent Assertions no s\u00f3lo le garantiza el cumplimiento de la licencia, sino que tambi\u00e9n le asegura un soporte continuado a la gran comunidad de usuarios, ayuda a que Fluent Assertions se beneficie de un mayor desarrollo de funciones, soporta una cadencia constante de lanzamientos de funciones y tambi\u00e9n impulsa la estandarizaci\u00f3n en el proceso y la documentaci\u00f3n. Todo esto, por lo que consideramos un precio muy nominal para todos los beneficios que proporciona a su organizaci\u00f3n.<\/p>\n\n\n\n<div style=\"height:30px\" aria-hidden=\"true\" class=\"wp-block-spacer\"><\/div>\n\n\n\n<p><strong>17. \u00bfCu\u00e1ntas licencias necesito?<\/strong><\/p>\n\n\n\n<p>Las licencias se atribuyen por puesto. Se consideran puestos aquellos que utilizan la biblioteca para realizar tareas de control de calidad del c\u00f3digo. Existen precios preferentes para m\u00e1s de 8 licencias, p\u00f3ngase en contacto con nosotros si necesita m\u00e1s informaci\u00f3n.<\/p>\n\n\n\n<div style=\"height:30px\" aria-hidden=\"true\" class=\"wp-block-spacer\"><\/div>\n\n\n\n<p><strong>18. \u00bfY si s\u00f3lo necesito 1 mes o 2 para mi proyecto?<\/strong><\/p>\n\n\n\n<p>La licencia se concede por un periodo de 12 meses, si decide utilizarla durante toda su duraci\u00f3n o no, eso queda a discreci\u00f3n del usuario, pero Xceed no reembolsar\u00e1 el uso parcial de las licencias.<\/p>\n<\/div>\n\n\n\n<div style=\"height:30px\" aria-hidden=\"true\" class=\"wp-block-spacer\"><\/div>\n\n\n\n<p class=\"has-text-align-center\"><br><strong>\u00bfA\u00fan tiene preguntas?<\/strong> P\u00f3ngase en contacto con nuestro equipo de asistencia <a href=\"mailto:support@xceed.com\"><mark style=\"background-color:rgba(0, 0, 0, 0)\" class=\"has-inline-color has-primary-color\">support@xceed.com<\/mark><\/a><\/p>\n\n\n\n<p><\/p>","protected":false},"excerpt":{"rendered":"<p>Fluent Assertions FAQ Below are answers to frequently asked questions to help you maximize your experience with Fluent Assertions. 1. What is the nature of Xceed\u2019s partnership with the creators of Fluent Assertions? Xceed Software has entered into a strategic partnership with the creators of the open-source .NET library \u201cFluent Assertions.\u201d This partnership involves the [&hellip;]<\/p>\n","protected":false},"author":3,"featured_media":0,"parent":0,"menu_order":0,"comment_status":"closed","ping_status":"closed","template":"","meta":{"_acf_changed":false,"footnotes":""},"class_list":["post-2556","page","type-page","status-publish","hentry"],"acf":[],"yoast_head":"<!-- This site is optimized with the Yoast SEO plugin v27.5 - https:\/\/yoast.com\/product\/yoast-seo-wordpress\/ -->\n<title>Frequently Asked Questions About Fluent Assertions | Xceed<\/title>\n<meta name=\"description\" content=\"Read up on some frequently asked questions about fluent assertions. Learn about licensing, features, usage, and more. Discover more about this .NET testing library.\" \/>\n<meta name=\"robots\" content=\"index, follow, max-snippet:-1, max-image-preview:large, max-video-preview:-1\" \/>\n<link rel=\"canonical\" href=\"https:\/\/xceed.com\/es\/aserciones-fluidas-faq\/\" \/>\n<meta property=\"og:locale\" content=\"es_MX\" \/>\n<meta property=\"og:type\" content=\"article\" \/>\n<meta property=\"og:title\" content=\"Frequently Asked Questions About Fluent Assertions | Xceed\" \/>\n<meta property=\"og:description\" content=\"Read up on some frequently asked questions about fluent assertions. Learn about licensing, features, usage, and more. Discover more about this .NET testing library.\" \/>\n<meta property=\"og:url\" content=\"https:\/\/xceed.com\/es\/aserciones-fluidas-faq\/\" \/>\n<meta property=\"og:site_name\" content=\"Xceed\" \/>\n<meta property=\"article:modified_time\" content=\"2025-02-06T14:45:15+00:00\" \/>\n<meta property=\"og:image\" content=\"https:\/\/xceed.com\/wp-content\/uploads\/2025\/01\/Now-An-Xceed-partner-1024x237.png\" \/>\n<meta name=\"twitter:card\" content=\"summary_large_image\" \/>\n<meta name=\"twitter:label1\" content=\"Est. reading time\" \/>\n\t<meta name=\"twitter:data1\" content=\"5 minutos\" \/>\n<script type=\"application\/ld+json\" class=\"yoast-schema-graph\">{\"@context\":\"https:\\\/\\\/schema.org\",\"@graph\":[{\"@type\":\"WebPage\",\"@id\":\"https:\\\/\\\/xceed.com\\\/fluent-assertions-faq\\\/\",\"url\":\"https:\\\/\\\/xceed.com\\\/fluent-assertions-faq\\\/\",\"name\":\"Frequently Asked Questions About Fluent Assertions | Xceed\",\"isPartOf\":{\"@id\":\"https:\\\/\\\/xceed.com\\\/fr\\\/#website\"},\"primaryImageOfPage\":{\"@id\":\"https:\\\/\\\/xceed.com\\\/fluent-assertions-faq\\\/#primaryimage\"},\"image\":{\"@id\":\"https:\\\/\\\/xceed.com\\\/fluent-assertions-faq\\\/#primaryimage\"},\"thumbnailUrl\":\"https:\\\/\\\/xceed.com\\\/wp-content\\\/uploads\\\/2025\\\/01\\\/Now-An-Xceed-partner-1024x237.png\",\"datePublished\":\"2025-01-02T15:39:04+00:00\",\"dateModified\":\"2025-02-06T14:45:15+00:00\",\"description\":\"Read up on some frequently asked questions about fluent assertions. Learn about licensing, features, usage, and more. Discover more about this .NET testing library.\",\"breadcrumb\":{\"@id\":\"https:\\\/\\\/xceed.com\\\/fluent-assertions-faq\\\/#breadcrumb\"},\"inLanguage\":\"es\",\"potentialAction\":[{\"@type\":\"ReadAction\",\"target\":[\"https:\\\/\\\/xceed.com\\\/fluent-assertions-faq\\\/\"]}]},{\"@type\":\"ImageObject\",\"inLanguage\":\"es\",\"@id\":\"https:\\\/\\\/xceed.com\\\/fluent-assertions-faq\\\/#primaryimage\",\"url\":\"https:\\\/\\\/xceed.com\\\/wp-content\\\/uploads\\\/2025\\\/01\\\/Now-An-Xceed-partner-1024x237.png\",\"contentUrl\":\"https:\\\/\\\/xceed.com\\\/wp-content\\\/uploads\\\/2025\\\/01\\\/Now-An-Xceed-partner-1024x237.png\"},{\"@type\":\"BreadcrumbList\",\"@id\":\"https:\\\/\\\/xceed.com\\\/fluent-assertions-faq\\\/#breadcrumb\",\"itemListElement\":[{\"@type\":\"ListItem\",\"position\":1,\"name\":\"Home\",\"item\":\"https:\\\/\\\/xceed.com\\\/\"},{\"@type\":\"ListItem\",\"position\":2,\"name\":\"Fluent Assertions FAQ\"}]},{\"@type\":\"WebSite\",\"@id\":\"https:\\\/\\\/xceed.com\\\/fr\\\/#website\",\"url\":\"https:\\\/\\\/xceed.com\\\/fr\\\/\",\"name\":\"Xceed\",\"description\":\"Provides tools for .NET, Windows Forms, WPF, Silverlight, and ASP.NET developers to create better applications.\",\"publisher\":{\"@id\":\"https:\\\/\\\/xceed.com\\\/fr\\\/#organization\"},\"potentialAction\":[{\"@type\":\"SearchAction\",\"target\":{\"@type\":\"EntryPoint\",\"urlTemplate\":\"https:\\\/\\\/xceed.com\\\/fr\\\/?s={search_term_string}\"},\"query-input\":{\"@type\":\"PropertyValueSpecification\",\"valueRequired\":true,\"valueName\":\"search_term_string\"}}],\"inLanguage\":\"es\"},{\"@type\":\"Organization\",\"@id\":\"https:\\\/\\\/xceed.com\\\/fr\\\/#organization\",\"name\":\"Xceed\",\"url\":\"https:\\\/\\\/xceed.com\\\/fr\\\/\",\"logo\":{\"@type\":\"ImageObject\",\"inLanguage\":\"es\",\"@id\":\"https:\\\/\\\/xceed.com\\\/fr\\\/#\\\/schema\\\/logo\\\/image\\\/\",\"url\":\"https:\\\/\\\/xceed.com\\\/wp-content\\\/uploads\\\/2024\\\/04\\\/cropped-xceed-logo.png\",\"contentUrl\":\"https:\\\/\\\/xceed.com\\\/wp-content\\\/uploads\\\/2024\\\/04\\\/cropped-xceed-logo.png\",\"width\":609,\"height\":150,\"caption\":\"Xceed\"},\"image\":{\"@id\":\"https:\\\/\\\/xceed.com\\\/fr\\\/#\\\/schema\\\/logo\\\/image\\\/\"}}]}<\/script>\n<!-- \/ Yoast SEO plugin. -->","yoast_head_json":{"title":"Preguntas frecuentes sobre Fluent Assertions | Xceed","description":"Lea algunas de las preguntas m\u00e1s frecuentes sobre las aserciones fluidas. Obtenga informaci\u00f3n sobre licencias, caracter\u00edsticas, uso y mucho m\u00e1s. Descubra m\u00e1s sobre esta biblioteca de pruebas .NET.","robots":{"index":"index","follow":"follow","max-snippet":"max-snippet:-1","max-image-preview":"max-image-preview:large","max-video-preview":"max-video-preview:-1"},"canonical":"https:\/\/xceed.com\/es\/aserciones-fluidas-faq\/","og_locale":"es_MX","og_type":"article","og_title":"Frequently Asked Questions About Fluent Assertions | Xceed","og_description":"Read up on some frequently asked questions about fluent assertions. Learn about licensing, features, usage, and more. Discover more about this .NET testing library.","og_url":"https:\/\/xceed.com\/es\/aserciones-fluidas-faq\/","og_site_name":"Xceed","article_modified_time":"2025-02-06T14:45:15+00:00","og_image":[{"url":"https:\/\/xceed.com\/wp-content\/uploads\/2025\/01\/Now-An-Xceed-partner-1024x237.png","type":"","width":"","height":""}],"twitter_card":"summary_large_image","twitter_misc":{"Est. reading time":"5 minutos"},"schema":{"@context":"https:\/\/schema.org","@graph":[{"@type":"WebPage","@id":"https:\/\/xceed.com\/fluent-assertions-faq\/","url":"https:\/\/xceed.com\/fluent-assertions-faq\/","name":"Preguntas frecuentes sobre Fluent Assertions | Xceed","isPartOf":{"@id":"https:\/\/xceed.com\/fr\/#website"},"primaryImageOfPage":{"@id":"https:\/\/xceed.com\/fluent-assertions-faq\/#primaryimage"},"image":{"@id":"https:\/\/xceed.com\/fluent-assertions-faq\/#primaryimage"},"thumbnailUrl":"https:\/\/xceed.com\/wp-content\/uploads\/2025\/01\/Now-An-Xceed-partner-1024x237.png","datePublished":"2025-01-02T15:39:04+00:00","dateModified":"2025-02-06T14:45:15+00:00","description":"Lea algunas de las preguntas m\u00e1s frecuentes sobre las aserciones fluidas. Obtenga informaci\u00f3n sobre licencias, caracter\u00edsticas, uso y mucho m\u00e1s. Descubra m\u00e1s sobre esta biblioteca de pruebas .NET.","breadcrumb":{"@id":"https:\/\/xceed.com\/fluent-assertions-faq\/#breadcrumb"},"inLanguage":"es","potentialAction":[{"@type":"ReadAction","target":["https:\/\/xceed.com\/fluent-assertions-faq\/"]}]},{"@type":"ImageObject","inLanguage":"es","@id":"https:\/\/xceed.com\/fluent-assertions-faq\/#primaryimage","url":"https:\/\/xceed.com\/wp-content\/uploads\/2025\/01\/Now-An-Xceed-partner-1024x237.png","contentUrl":"https:\/\/xceed.com\/wp-content\/uploads\/2025\/01\/Now-An-Xceed-partner-1024x237.png"},{"@type":"BreadcrumbList","@id":"https:\/\/xceed.com\/fluent-assertions-faq\/#breadcrumb","itemListElement":[{"@type":"ListItem","position":1,"name":"Home","item":"https:\/\/xceed.com\/"},{"@type":"ListItem","position":2,"name":"Fluent Assertions FAQ"}]},{"@type":"WebSite","@id":"https:\/\/xceed.com\/fr\/#website","url":"https:\/\/xceed.com\/fr\/","name":"Xceed","description":"Proporciona herramientas para que los desarrolladores de .NET, Windows Forms, WPF, Silverlight y ASP.NET puedan crear mejores aplicaciones.","publisher":{"@id":"https:\/\/xceed.com\/fr\/#organization"},"potentialAction":[{"@type":"SearchAction","target":{"@type":"EntryPoint","urlTemplate":"https:\/\/xceed.com\/fr\/?s={search_term_string}"},"query-input":{"@type":"PropertyValueSpecification","valueRequired":true,"valueName":"search_term_string"}}],"inLanguage":"es"},{"@type":"Organization","@id":"https:\/\/xceed.com\/fr\/#organization","name":"Xceed","url":"https:\/\/xceed.com\/fr\/","logo":{"@type":"ImageObject","inLanguage":"es","@id":"https:\/\/xceed.com\/fr\/#\/schema\/logo\/image\/","url":"https:\/\/xceed.com\/wp-content\/uploads\/2024\/04\/cropped-xceed-logo.png","contentUrl":"https:\/\/xceed.com\/wp-content\/uploads\/2024\/04\/cropped-xceed-logo.png","width":609,"height":150,"caption":"Xceed"},"image":{"@id":"https:\/\/xceed.com\/fr\/#\/schema\/logo\/image\/"}}]}},"_links":{"self":[{"href":"https:\/\/xceed.com\/es\/wp-json\/wp\/v2\/pages\/2556","targetHints":{"allow":["GET"]}}],"collection":[{"href":"https:\/\/xceed.com\/es\/wp-json\/wp\/v2\/pages"}],"about":[{"href":"https:\/\/xceed.com\/es\/wp-json\/wp\/v2\/types\/page"}],"author":[{"embeddable":true,"href":"https:\/\/xceed.com\/es\/wp-json\/wp\/v2\/users\/3"}],"replies":[{"embeddable":true,"href":"https:\/\/xceed.com\/es\/wp-json\/wp\/v2\/comments?post=2556"}],"version-history":[{"count":0,"href":"https:\/\/xceed.com\/es\/wp-json\/wp\/v2\/pages\/2556\/revisions"}],"wp:attachment":[{"href":"https:\/\/xceed.com\/es\/wp-json\/wp\/v2\/media?parent=2556"}],"curies":[{"name":"wp","href":"https:\/\/api.w.org\/{rel}","templated":true}]}}