{"id":938,"date":"2024-05-22T10:36:36","date_gmt":"2024-05-22T10:36:36","guid":{"rendered":"http:\/\/localhost:10003\/?post_type=product&#038;p=938"},"modified":"2026-03-20T18:17:00","modified_gmt":"2026-03-20T18:17:00","slug":"sftp-para-red","status":"publish","type":"product","link":"https:\/\/xceed.com\/es\/products\/net\/sftp-for-net\/","title":{"rendered":"SFTP para .NET"},"content":{"rendered":"<div data-elementor-type=\"product-post\" data-elementor-id=\"938\" class=\"elementor elementor-938\" data-elementor-post-type=\"product\">\n\t\t\t\t<div class=\"elementor-element elementor-element-7be3e5e2 e-flex e-con-boxed e-con e-parent\" data-id=\"7be3e5e2\" data-element_type=\"container\" data-e-type=\"container\">\n\t\t\t\t\t<div class=\"e-con-inner\">\n\t\t\t\t<div class=\"elementor-element elementor-element-10a7544 elementor-widget elementor-widget-text-editor\" data-id=\"10a7544\" data-element_type=\"widget\" data-e-type=\"widget\" data-widget_type=\"text-editor.default\">\n\t\t\t\t<div class=\"elementor-widget-container\">\n\t\t\t\t\t\t\t\t\t<p>Proporciona funciones de transferencia de archivos SFTP (FTP sobre SSH) de alto rendimiento. Construido para ser eficiente, interoperable y seguro. Proporciona una API f\u00e1cil de usar y flexible. Respaldado por un equipo de soporte y desarrollo receptivo cuya \u00fanica ambici\u00f3n es su completa satisfacci\u00f3n.<\/p><ul><li>Funciona con la mayor\u00eda de los tipos de servidores SFTP y admite las principales operaciones SFTP<\/li><li>Implementaci\u00f3n eficaz y conforme a RFC del protocolo SFTP<\/li><li>Compatible con .NET 4.5, 5, 6 y 7 (incluidos .NET core y .NET Standard)\u00a0<\/li><\/ul>\t\t\t\t\t\t\t\t<\/div>\n\t\t\t\t<\/div>\n\t\t\t\t<div class=\"elementor-element elementor-element-0ae8fbb elementor-blockquote--skin-boxed elementor-widget elementor-widget-blockquote\" data-id=\"0ae8fbb\" data-element_type=\"widget\" data-e-type=\"widget\" data-widget_type=\"blockquote.default\">\n\t\t\t\t<div class=\"elementor-widget-container\">\n\t\t\t\t\t\t\t<blockquote class=\"elementor-blockquote\">\n\t\t\t<p class=\"elementor-blockquote__content\">\n\t\t\t\tUna implementaci\u00f3n fiable y eficaz del protocolo de transferencia de archivos SSH (SFTP). Ofrece el nivel de seguridad que requieren las aplicaciones en la actualidad.\t\t\t<\/p>\n\t\t\t\t\t<\/blockquote>\n\t\t\t\t\t\t<\/div>\n\t\t\t\t<\/div>\n\t\t\t\t<div class=\"elementor-element elementor-element-276cc75 elementor-widget elementor-widget-heading\" data-id=\"276cc75\" data-element_type=\"widget\" data-e-type=\"widget\" data-widget_type=\"heading.default\">\n\t\t\t\t<div class=\"elementor-widget-container\">\n\t\t\t\t\t<h2 class=\"elementor-heading-title elementor-size-default\">Interoperable<\/h2>\t\t\t\t<\/div>\n\t\t\t\t<\/div>\n\t\t\t\t<div class=\"elementor-element elementor-element-ce13f6b elementor-widget elementor-widget-text-editor\" data-id=\"ce13f6b\" data-element_type=\"widget\" data-e-type=\"widget\" data-widget_type=\"text-editor.default\">\n\t\t\t\t<div class=\"elementor-widget-container\">\n\t\t\t\t\t\t\t\t\t<div class=\"fusion-one-half fusion-layout-column fusion-spacing-yes\"><div class=\"fusion-column-wrapper\"><p>Funciona con la mayor\u00eda de servidores SFTP implementando las versiones 3 y 6 del protocolo SFTP, SSH-2, y una variedad de modos de protocolo como el cifrado en modo contador. Funciona con la mayor\u00eda de servidores proxy a trav\u00e9s de HTTP, SOCKS4\/4A y SOCKS5.<\/p><\/div><\/div>\t\t\t\t\t\t\t\t<\/div>\n\t\t\t\t<\/div>\n\t\t\t\t<div class=\"elementor-element elementor-element-7ec354a elementor-widget elementor-widget-heading\" data-id=\"7ec354a\" data-element_type=\"widget\" data-e-type=\"widget\" data-widget_type=\"heading.default\">\n\t\t\t\t<div class=\"elementor-widget-container\">\n\t\t\t\t\t<h2 class=\"elementor-heading-title elementor-size-default\">API flexible<\/h2>\t\t\t\t<\/div>\n\t\t\t\t<\/div>\n\t\t\t\t<div class=\"elementor-element elementor-element-0890eef elementor-widget elementor-widget-text-editor\" data-id=\"0890eef\" data-element_type=\"widget\" data-e-type=\"widget\" data-widget_type=\"text-editor.default\">\n\t\t\t\t<div class=\"elementor-widget-container\">\n\t\t\t\t\t\t\t\t\t<div class=\"fusion-one-half fusion-layout-column fusion-spacing-yes\"><div class=\"fusion-column-wrapper\"><p>Potenciado por el intuitivo modelo de objetos FileSystem Core de Xceed basado en archivos y carpetas, que encaja perfectamente con el dise\u00f1o del protocolo SFTP, le permite a\u00f1adir f\u00e1cilmente operaciones seguras de archivos remotos a sus aplicaciones .NET.  Tambi\u00e9n le permite integrar r\u00e1pida y f\u00e1cilmente el uso de Xceed Zip para .NET para la compresi\u00f3n o descompresi\u00f3n eficiente de datos antes de enviar o recibir archivos.<\/p><\/div><\/div>\t\t\t\t\t\t\t\t<\/div>\n\t\t\t\t<\/div>\n\t\t\t\t<div class=\"elementor-element elementor-element-d5d87b7 elementor-widget elementor-widget-heading\" data-id=\"d5d87b7\" data-element_type=\"widget\" data-e-type=\"widget\" data-widget_type=\"heading.default\">\n\t\t\t\t<div class=\"elementor-widget-container\">\n\t\t\t\t\t<h2 class=\"elementor-heading-title elementor-size-default\">De confianza<\/h2>\t\t\t\t<\/div>\n\t\t\t\t<\/div>\n\t\t\t\t<div class=\"elementor-element elementor-element-7b28554 elementor-widget elementor-widget-text-editor\" data-id=\"7b28554\" data-element_type=\"widget\" data-e-type=\"widget\" data-widget_type=\"text-editor.default\">\n\t\t\t\t<div class=\"elementor-widget-container\">\n\t\t\t\t\t\t\t\t\t<div class=\"fusion-one-half fusion-layout-column fusion-spacing-yes\"><div class=\"fusion-column-wrapper\"><p>Xceed SFTP para .NET ha estado en uso comercial durante 3 a\u00f1os, y est\u00e1 resueltamente soportado y actualizado. Es utilizado por Microsoft en una importante aplicaci\u00f3n, y est\u00e1 hecho por un equipo con 15 a\u00f1os de experiencia construyendo y soportando librer\u00edas .NET para desarrolladores.<\/p><\/div><\/div>\t\t\t\t\t\t\t\t<\/div>\n\t\t\t\t<\/div>\n\t\t\t\t<div class=\"elementor-element elementor-element-3736880 e-n-tabs-mobile elementor-widget elementor-widget-n-tabs\" data-id=\"3736880\" data-element_type=\"widget\" data-e-type=\"widget\" data-widget_type=\"nested-tabs.default\">\n\t\t\t\t<div class=\"elementor-widget-container\">\n\t\t\t\t\t\t\t<div class=\"e-n-tabs\" data-widget-number=\"57895040\" aria-label=\"Pesta\u00f1as. Abre elementos con Intro o Espacio, ci\u00e9rralos con Escape y navega con las Flechas.\">\n\t\t\t<div class=\"e-n-tabs-heading\" role=\"tablist\">\n\t\t\t\t\t<button id=\"e-n-tab-title-578950401\" data-tab-title-id=\"e-n-tab-title-578950401\" class=\"e-n-tab-title\" aria-selected=\"true\" data-tab-index=\"1\" role=\"tab\" tabindex=\"0\" aria-controls=\"e-n-tab-content-578950401\" style=\"--n-tabs-title-order: 1;\">\n\t\t\t\t\t\t<span class=\"e-n-tab-title-text\">\n\t\t\t\tTecnolog\u00eda .NET\t\t\t<\/span>\n\t\t<\/button>\n\t\t\t\t<button id=\"e-n-tab-title-578950402\" data-tab-title-id=\"e-n-tab-title-578950402\" class=\"e-n-tab-title\" aria-selected=\"false\" data-tab-index=\"2\" role=\"tab\" tabindex=\"-1\" aria-controls=\"e-n-tab-content-578950402\" style=\"--n-tabs-title-order: 2;\">\n\t\t\t\t\t\t<span class=\"e-n-tab-title-text\">\n\t\t\t\tCaracter\u00edsticas del protocolo SFTP\t\t\t<\/span>\n\t\t<\/button>\n\t\t\t\t<button id=\"e-n-tab-title-578950403\" data-tab-title-id=\"e-n-tab-title-578950403\" class=\"e-n-tab-title\" aria-selected=\"false\" data-tab-index=\"3\" role=\"tab\" tabindex=\"-1\" aria-controls=\"e-n-tab-content-578950403\" style=\"--n-tabs-title-order: 3;\">\n\t\t\t\t\t\t<span class=\"e-n-tab-title-text\">\n\t\t\t\tCaracter\u00edsticas principales\t\t\t<\/span>\n\t\t<\/button>\n\t\t\t\t\t<\/div>\n\t\t\t<div class=\"e-n-tabs-content\">\n\t\t\t\t<div id=\"e-n-tab-content-578950401\" role=\"tabpanel\" aria-labelledby=\"e-n-tab-title-578950401\" data-tab-index=\"1\" style=\"--n-tabs-title-order: 1;\" class=\"e-active elementor-element elementor-element-b8cfe23 e-con-full e-flex e-con e-child\" data-id=\"b8cfe23\" data-element_type=\"container\" data-e-type=\"container\">\n\t\t\t\t<div class=\"elementor-element elementor-element-e6efe30 elementor-widget elementor-widget-text-editor\" data-id=\"e6efe30\" data-element_type=\"widget\" data-e-type=\"widget\" data-widget_type=\"text-editor.default\">\n\t\t\t\t<div class=\"elementor-widget-container\">\n\t\t\t\t\t\t\t\t\t<ul>\n<li>Env\u00eda y recibe archivos, carpetas o estructuras de directorios completas de forma segura, r\u00e1pida y sencilla.<\/li>\n<li>Env\u00eda y recibe archivos de forma segura desde o hacia el disco o flujos de memoria.<\/li>\n<li>Obtener un listado detallado de archivos y carpetas. Crear, renombrar y eliminar archivos y carpetas en el servidor SFTP utilizando las propiedades y m\u00e9todos de SFtpFile y SFtpFolder. Todo ello sin necesidad de mantener y supervisar un \"directorio de trabajo actual\".<\/li>\n<li>Sincronizaci\u00f3n flexible de cualquier n\u00famero de carpetas y archivos de cualquier tipo (FileSystemItem y objetos derivados de FileSystemItem, como los objetos AbstractFile o AbstractFolder y sus derivados), dondequiera que se encuentren.<\/li>\n<li>Puede utilizar los filtros establecidos (nombre, fecha, atributos, tama\u00f1o) para seleccionar los archivos que desea listar, enviar o recibir. O crear los suyos propios para ajustarse a un criterio espec\u00edfico.<\/li>\n<li>Permite que un archivo o carpeta de destino tenga un nombre distinto del de origen al transferir archivos.<\/li>\n<li>La actividad SFTP puede ser registrada en disco, consola o cualquier objeto System.IO.TextWriter.<\/li>\n<li>Puede establecer un l\u00edmite de tiempo de espera en todas las operaciones y hacer que se active una excepci\u00f3n si se supera.<\/li>\n<li>Activa un evento si se pierde la conexi\u00f3n con el servidor SFTP.<\/li>\n<li>Acepta servidor SFTP por direcci\u00f3n IP o nombre de host.<\/li>\n<li>Admite comodines en los archivos a enviar o recibir.<\/li>\n<li>Cuando se env\u00edan varios archivos y se produce un error, permite reintentar el archivo, omitirlo y continuar, o abortar toda la operaci\u00f3n.<\/li>\n<\/ul>\t\t\t\t\t\t\t\t<\/div>\n\t\t\t\t<\/div>\n\t\t\t\t<\/div>\n\t\t<div id=\"e-n-tab-content-578950402\" role=\"tabpanel\" aria-labelledby=\"e-n-tab-title-578950402\" data-tab-index=\"2\" style=\"--n-tabs-title-order: 2;\" class=\"elementor-element elementor-element-60f33fc e-con-full e-flex e-con e-child\" data-id=\"60f33fc\" data-element_type=\"container\" data-e-type=\"container\">\n\t\t\t\t<div class=\"elementor-element elementor-element-78c37b2 elementor-widget elementor-widget-text-editor\" data-id=\"78c37b2\" data-element_type=\"widget\" data-e-type=\"widget\" data-widget_type=\"text-editor.default\">\n\t\t\t\t<div class=\"elementor-widget-container\">\n\t\t\t\t\t\t\t\t\t<ul>\n<li>Cumple las normas RFC 4253, 4252 y 4254.<\/li>\n<li>Implementa los protocolos SSH-2. Esto significa que los intercambios de datos con el servidor utilizan un cifrado fuerte y comprobaciones de la integridad de los datos. Las claves de cifrado se intercambian de forma segura y se cambian autom\u00e1ticamente de forma peri\u00f3dica durante una sesi\u00f3n.<\/li>\n<li>Implementa las versiones 3 y 6 del protocolo SFTP. Las versiones 4 y 5 no son compatibles, pero el retorno autom\u00e1tico a la versi\u00f3n 3 funciona con la mayor\u00eda de los servidores.<\/li>\n<li>Los elementos del servidor SFTP se representan mediante objetos SFtpFile y SFtpFolder, lo que permite manipularlos como archivos y carpetas normales. Estas clases se integran con el componente FileSystem de Xceed.<\/li>\n<li>A diferencia de FTP, SFTP aplica un formato preciso de fecha y hora (hasta el segundo en los servidores de la versi\u00f3n 3 y hasta el nanosegundo en los de la versi\u00f3n 6). Esto hace que sea f\u00e1cil y coherente determinar el archivo m\u00e1s reciente entre las m\u00e1quinas cliente y servidor.<\/li>\n<li>Admite servidores proxy HTTP, SOCKS4\/4A y SOCKS 5.<\/li>\n<li>Control de flujo eficiente.<\/li>\n<li>Admite m\u00e9todos de cifrado basados en el modo de funcionamiento del contador (aes256-ctr, etc.) para aumentar la interoperabilidad.<\/li>\n<li>Tambi\u00e9n admite algoritmos de cifrado arcfour.<\/li>\n<li>Especifique desde qu\u00e9 adaptador de red debe conectarse si el sistema utiliza varios adaptadores de red.100% c\u00f3digo gestionado escrito en C#. C\u00f3digo fuente disponible a trav\u00e9s de una suscripci\u00f3n Blueprint.<\/li>\n<\/ul>\t\t\t\t\t\t\t\t<\/div>\n\t\t\t\t<\/div>\n\t\t\t\t<\/div>\n\t\t<div id=\"e-n-tab-content-578950403\" role=\"tabpanel\" aria-labelledby=\"e-n-tab-title-578950403\" data-tab-index=\"3\" style=\"--n-tabs-title-order: 3;\" class=\"elementor-element elementor-element-47b1f85 e-con-full e-flex e-con e-child\" data-id=\"47b1f85\" data-element_type=\"container\" data-e-type=\"container\">\n\t\t\t\t<div class=\"elementor-element elementor-element-0ea01e4 elementor-widget elementor-widget-text-editor\" data-id=\"0ea01e4\" data-element_type=\"widget\" data-e-type=\"widget\" data-widget_type=\"text-editor.default\">\n\t\t\t\t<div class=\"elementor-widget-container\">\n\t\t\t\t\t\t\t\t\t<ul>\n<li>Env\u00eda y recibe archivos, carpetas o estructuras de directorios completas de forma segura, r\u00e1pida y sencilla.<\/li>\n<li>Env\u00eda y recibe archivos de forma segura desde o hacia el disco o flujos de memoria.<\/li>\n<li>Obtener un listado detallado de archivos y carpetas. Crear, renombrar y eliminar archivos y carpetas en el servidor SFTP utilizando las propiedades y m\u00e9todos de SFtpFile y SFtpFolder. Todo ello sin necesidad de mantener y supervisar un \"directorio de trabajo actual\".<\/li>\n<li>Sincronizaci\u00f3n flexible de cualquier n\u00famero de carpetas y archivos de cualquier tipo (FileSystemItem y objetos derivados de FileSystemItem, como los objetos AbstractFile o AbstractFolder y sus derivados), dondequiera que se encuentren.<\/li>\n<li>Puede utilizar los filtros establecidos (nombre, fecha, atributos, tama\u00f1o) para seleccionar los archivos que desea listar, enviar o recibir. O crear los suyos propios para ajustarse a un criterio espec\u00edfico.<\/li>\n<li>Permite que un archivo o carpeta de destino tenga un nombre distinto del de origen al transferir archivos.<\/li>\n<li>La actividad SFTP puede ser registrada en disco, consola o cualquier objeto System.IO.TextWriter.<\/li>\n<li>Puede establecer un l\u00edmite de tiempo de espera en todas las operaciones y hacer que se active una excepci\u00f3n si se supera.<\/li>\n<li>Activa un evento si se pierde la conexi\u00f3n con el servidor SFTP.<\/li>\n<li>Acepta servidor SFTP por direcci\u00f3n IP o nombre de host.<\/li>\n<li>Admite comodines en los archivos a enviar o recibir.<\/li>\n<li>Cuando se env\u00edan varios archivos y se produce un error, permite reintentar el archivo, omitirlo y continuar, o abortar toda la operaci\u00f3n.<\/li>\n<\/ul>\t\t\t\t\t\t\t\t<\/div>\n\t\t\t\t<\/div>\n\t\t\t\t<\/div>\n\t\t\t\t\t<\/div>\n\t\t<\/div>\n\t\t\t\t\t\t<\/div>\n\t\t\t\t<\/div>\n\t\t\t\t\t<\/div>\n\t\t\t\t<\/div>\n\t\t\t\t<\/div>","protected":false},"excerpt":{"rendered":"<p>Ofrece funcionalidad de transferencia de archivos SFTP (FTP sobre SSH) de alto rendimiento. Dise\u00f1ado para ser eficiente, interoperable y seguro. Proporciona una API f\u00e1cil de usar y flexible.<\/p>","protected":false},"featured_media":939,"template":"","meta":{"_acf_changed":false},"product_brand":[],"product_cat":[18],"product_tag":[],"class_list":{"0":"post-938","1":"product","2":"type-product","3":"status-publish","4":"has-post-thumbnail","6":"product_cat-net","8":"first","9":"instock","10":"taxable","11":"shipping-taxable","12":"purchasable","13":"product-type-variable"},"acf":[],"yoast_head":"<!-- This site is optimized with the Yoast SEO plugin v27.5 - https:\/\/yoast.com\/product\/yoast-seo-wordpress\/ -->\n<title>SFTP for .NET | Xceed<\/title>\n<meta name=\"description\" content=\"Discover SFTP for .NET, providing high-performance FTP over SSH file transfer functionality. Works with most FTP server types. Supports .NET 4.5, 5, 6 and 7.\" \/>\n<meta name=\"robots\" content=\"index, follow, max-snippet:-1, max-image-preview:large, max-video-preview:-1\" \/>\n<link rel=\"canonical\" href=\"https:\/\/xceed.com\/es\/productos\/net\/sftp-para-red\/\" \/>\n<meta property=\"og:locale\" content=\"es_MX\" \/>\n<meta property=\"og:type\" content=\"article\" \/>\n<meta property=\"og:title\" content=\"SFTP for .NET | Xceed\" \/>\n<meta property=\"og:description\" content=\"Discover SFTP for .NET, providing high-performance FTP over SSH file transfer functionality. Works with most FTP server types. Supports .NET 4.5, 5, 6 and 7.\" \/>\n<meta property=\"og:url\" content=\"https:\/\/xceed.com\/es\/productos\/net\/sftp-para-red\/\" \/>\n<meta property=\"og:site_name\" content=\"Xceed\" \/>\n<meta property=\"article:modified_time\" content=\"2026-03-20T18:17:00+00:00\" \/>\n<meta property=\"og:image\" content=\"https:\/\/xceed.com\/wp-content\/uploads\/2024\/05\/Product-SFTP-for-.NET_.png\" \/>\n\t<meta property=\"og:image:width\" content=\"300\" \/>\n\t<meta property=\"og:image:height\" content=\"300\" \/>\n\t<meta property=\"og:image:type\" content=\"image\/png\" \/>\n<meta name=\"twitter:card\" content=\"summary_large_image\" \/>\n<meta name=\"twitter:label1\" content=\"Est. reading time\" \/>\n\t<meta name=\"twitter:data1\" content=\"7 minutos\" \/>\n<script type=\"application\/ld+json\" class=\"yoast-schema-graph\">{\"@context\":\"https:\\\/\\\/schema.org\",\"@graph\":[{\"@type\":\"WebPage\",\"@id\":\"https:\\\/\\\/xceed.com\\\/products\\\/net\\\/sftp-for-net\\\/\",\"url\":\"https:\\\/\\\/xceed.com\\\/products\\\/net\\\/sftp-for-net\\\/\",\"name\":\"SFTP for .NET | Xceed\",\"isPartOf\":{\"@id\":\"https:\\\/\\\/xceed.com\\\/fr\\\/#website\"},\"primaryImageOfPage\":{\"@id\":\"https:\\\/\\\/xceed.com\\\/products\\\/net\\\/sftp-for-net\\\/#primaryimage\"},\"image\":{\"@id\":\"https:\\\/\\\/xceed.com\\\/products\\\/net\\\/sftp-for-net\\\/#primaryimage\"},\"thumbnailUrl\":\"https:\\\/\\\/xceed.com\\\/wp-content\\\/uploads\\\/2024\\\/05\\\/Product-SFTP-for-.NET_.png\",\"datePublished\":\"2024-05-22T10:36:36+00:00\",\"dateModified\":\"2026-03-20T18:17:00+00:00\",\"description\":\"Discover SFTP for .NET, providing high-performance FTP over SSH file transfer functionality. Works with most FTP server types. Supports .NET 4.5, 5, 6 and 7.\",\"breadcrumb\":{\"@id\":\"https:\\\/\\\/xceed.com\\\/products\\\/net\\\/sftp-for-net\\\/#breadcrumb\"},\"inLanguage\":\"es\",\"potentialAction\":[{\"@type\":\"ReadAction\",\"target\":[\"https:\\\/\\\/xceed.com\\\/products\\\/net\\\/sftp-for-net\\\/\"]}]},{\"@type\":\"ImageObject\",\"inLanguage\":\"es\",\"@id\":\"https:\\\/\\\/xceed.com\\\/products\\\/net\\\/sftp-for-net\\\/#primaryimage\",\"url\":\"https:\\\/\\\/xceed.com\\\/wp-content\\\/uploads\\\/2024\\\/05\\\/Product-SFTP-for-.NET_.png\",\"contentUrl\":\"https:\\\/\\\/xceed.com\\\/wp-content\\\/uploads\\\/2024\\\/05\\\/Product-SFTP-for-.NET_.png\",\"width\":300,\"height\":300},{\"@type\":\"BreadcrumbList\",\"@id\":\"https:\\\/\\\/xceed.com\\\/products\\\/net\\\/sftp-for-net\\\/#breadcrumb\",\"itemListElement\":[{\"@type\":\"ListItem\",\"position\":1,\"name\":\"Home\",\"item\":\"https:\\\/\\\/xceed.com\\\/\"},{\"@type\":\"ListItem\",\"position\":2,\"name\":\"SFTP for .NET\"}]},{\"@type\":\"WebSite\",\"@id\":\"https:\\\/\\\/xceed.com\\\/fr\\\/#website\",\"url\":\"https:\\\/\\\/xceed.com\\\/fr\\\/\",\"name\":\"Xceed\",\"description\":\"Provides tools for .NET, Windows Forms, WPF, Silverlight, and ASP.NET developers to create better applications.\",\"publisher\":{\"@id\":\"https:\\\/\\\/xceed.com\\\/fr\\\/#organization\"},\"potentialAction\":[{\"@type\":\"SearchAction\",\"target\":{\"@type\":\"EntryPoint\",\"urlTemplate\":\"https:\\\/\\\/xceed.com\\\/fr\\\/?s={search_term_string}\"},\"query-input\":{\"@type\":\"PropertyValueSpecification\",\"valueRequired\":true,\"valueName\":\"search_term_string\"}}],\"inLanguage\":\"es\"},{\"@type\":\"Organization\",\"@id\":\"https:\\\/\\\/xceed.com\\\/fr\\\/#organization\",\"name\":\"Xceed\",\"url\":\"https:\\\/\\\/xceed.com\\\/fr\\\/\",\"logo\":{\"@type\":\"ImageObject\",\"inLanguage\":\"es\",\"@id\":\"https:\\\/\\\/xceed.com\\\/fr\\\/#\\\/schema\\\/logo\\\/image\\\/\",\"url\":\"https:\\\/\\\/xceed.com\\\/wp-content\\\/uploads\\\/2024\\\/04\\\/cropped-xceed-logo.png\",\"contentUrl\":\"https:\\\/\\\/xceed.com\\\/wp-content\\\/uploads\\\/2024\\\/04\\\/cropped-xceed-logo.png\",\"width\":609,\"height\":150,\"caption\":\"Xceed\"},\"image\":{\"@id\":\"https:\\\/\\\/xceed.com\\\/fr\\\/#\\\/schema\\\/logo\\\/image\\\/\"}}]}<\/script>\n<!-- \/ Yoast SEO plugin. -->","yoast_head_json":{"title":"SFTP para .NET | Xceed","description":"Descubra SFTP para .NET, que proporciona funcionalidad de transferencia de archivos FTP sobre SSH de alto rendimiento. Funciona con la mayor\u00eda de los tipos de servidores FTP. Compatible con .NET 4.5, 5, 6 y 7.","robots":{"index":"index","follow":"follow","max-snippet":"max-snippet:-1","max-image-preview":"max-image-preview:large","max-video-preview":"max-video-preview:-1"},"canonical":"https:\/\/xceed.com\/es\/productos\/net\/sftp-para-red\/","og_locale":"es_MX","og_type":"article","og_title":"SFTP for .NET | Xceed","og_description":"Discover SFTP for .NET, providing high-performance FTP over SSH file transfer functionality. Works with most FTP server types. Supports .NET 4.5, 5, 6 and 7.","og_url":"https:\/\/xceed.com\/es\/productos\/net\/sftp-para-red\/","og_site_name":"Xceed","article_modified_time":"2026-03-20T18:17:00+00:00","og_image":[{"width":300,"height":300,"url":"https:\/\/xceed.com\/wp-content\/uploads\/2024\/05\/Product-SFTP-for-.NET_.png","type":"image\/png"}],"twitter_card":"summary_large_image","twitter_misc":{"Est. reading time":"7 minutos"},"schema":{"@context":"https:\/\/schema.org","@graph":[{"@type":"WebPage","@id":"https:\/\/xceed.com\/products\/net\/sftp-for-net\/","url":"https:\/\/xceed.com\/products\/net\/sftp-for-net\/","name":"SFTP para .NET | Xceed","isPartOf":{"@id":"https:\/\/xceed.com\/fr\/#website"},"primaryImageOfPage":{"@id":"https:\/\/xceed.com\/products\/net\/sftp-for-net\/#primaryimage"},"image":{"@id":"https:\/\/xceed.com\/products\/net\/sftp-for-net\/#primaryimage"},"thumbnailUrl":"https:\/\/xceed.com\/wp-content\/uploads\/2024\/05\/Product-SFTP-for-.NET_.png","datePublished":"2024-05-22T10:36:36+00:00","dateModified":"2026-03-20T18:17:00+00:00","description":"Descubra SFTP para .NET, que proporciona funcionalidad de transferencia de archivos FTP sobre SSH de alto rendimiento. Funciona con la mayor\u00eda de los tipos de servidores FTP. Compatible con .NET 4.5, 5, 6 y 7.","breadcrumb":{"@id":"https:\/\/xceed.com\/products\/net\/sftp-for-net\/#breadcrumb"},"inLanguage":"es","potentialAction":[{"@type":"ReadAction","target":["https:\/\/xceed.com\/products\/net\/sftp-for-net\/"]}]},{"@type":"ImageObject","inLanguage":"es","@id":"https:\/\/xceed.com\/products\/net\/sftp-for-net\/#primaryimage","url":"https:\/\/xceed.com\/wp-content\/uploads\/2024\/05\/Product-SFTP-for-.NET_.png","contentUrl":"https:\/\/xceed.com\/wp-content\/uploads\/2024\/05\/Product-SFTP-for-.NET_.png","width":300,"height":300},{"@type":"BreadcrumbList","@id":"https:\/\/xceed.com\/products\/net\/sftp-for-net\/#breadcrumb","itemListElement":[{"@type":"ListItem","position":1,"name":"Home","item":"https:\/\/xceed.com\/"},{"@type":"ListItem","position":2,"name":"SFTP for .NET"}]},{"@type":"WebSite","@id":"https:\/\/xceed.com\/fr\/#website","url":"https:\/\/xceed.com\/fr\/","name":"Xceed","description":"Proporciona herramientas para que los desarrolladores de .NET, Windows Forms, WPF, Silverlight y ASP.NET puedan crear mejores aplicaciones.","publisher":{"@id":"https:\/\/xceed.com\/fr\/#organization"},"potentialAction":[{"@type":"SearchAction","target":{"@type":"EntryPoint","urlTemplate":"https:\/\/xceed.com\/fr\/?s={search_term_string}"},"query-input":{"@type":"PropertyValueSpecification","valueRequired":true,"valueName":"search_term_string"}}],"inLanguage":"es"},{"@type":"Organization","@id":"https:\/\/xceed.com\/fr\/#organization","name":"Xceed","url":"https:\/\/xceed.com\/fr\/","logo":{"@type":"ImageObject","inLanguage":"es","@id":"https:\/\/xceed.com\/fr\/#\/schema\/logo\/image\/","url":"https:\/\/xceed.com\/wp-content\/uploads\/2024\/04\/cropped-xceed-logo.png","contentUrl":"https:\/\/xceed.com\/wp-content\/uploads\/2024\/04\/cropped-xceed-logo.png","width":609,"height":150,"caption":"Xceed"},"image":{"@id":"https:\/\/xceed.com\/fr\/#\/schema\/logo\/image\/"}}]}},"_links":{"self":[{"href":"https:\/\/xceed.com\/es\/wp-json\/wp\/v2\/product\/938","targetHints":{"allow":["GET"]}}],"collection":[{"href":"https:\/\/xceed.com\/es\/wp-json\/wp\/v2\/product"}],"about":[{"href":"https:\/\/xceed.com\/es\/wp-json\/wp\/v2\/types\/product"}],"version-history":[{"count":0,"href":"https:\/\/xceed.com\/es\/wp-json\/wp\/v2\/product\/938\/revisions"}],"wp:featuredmedia":[{"embeddable":true,"href":"https:\/\/xceed.com\/es\/wp-json\/wp\/v2\/media\/939"}],"wp:attachment":[{"href":"https:\/\/xceed.com\/es\/wp-json\/wp\/v2\/media?parent=938"}],"wp:term":[{"taxonomy":"product_brand","embeddable":true,"href":"https:\/\/xceed.com\/es\/wp-json\/wp\/v2\/product_brand?post=938"},{"taxonomy":"product_cat","embeddable":true,"href":"https:\/\/xceed.com\/es\/wp-json\/wp\/v2\/product_cat?post=938"},{"taxonomy":"product_tag","embeddable":true,"href":"https:\/\/xceed.com\/es\/wp-json\/wp\/v2\/product_tag?post=938"}],"curies":[{"name":"wp","href":"https:\/\/api.w.org\/{rel}","templated":true}]}}