{"id":1286,"date":"2024-06-17T04:53:34","date_gmt":"2024-06-17T04:53:34","guid":{"rendered":"http:\/\/localhost:10003\/?post_type=product&#038;p=1286"},"modified":"2025-05-06T04:45:38","modified_gmt":"2025-05-06T04:45:38","slug":"ventanas-acoplables-para-winforms","status":"publish","type":"product","link":"https:\/\/xceed.com\/es\/products\/winforms-activex\/docking-windows-for-winforms\/","title":{"rendered":"Docking Windows para WinForms"},"content":{"rendered":"<div data-elementor-type=\"product-post\" data-elementor-id=\"1286\" class=\"elementor elementor-1286\" data-elementor-post-type=\"product\">\n\t\t\t\t<div class=\"elementor-element elementor-element-1deb9c00 e-flex e-con-boxed e-con e-parent\" data-id=\"1deb9c00\" data-element_type=\"container\" data-e-type=\"container\">\n\t\t\t\t\t<div class=\"e-con-inner\">\n\t\t\t\t<div class=\"elementor-element elementor-element-5371b6e6 elementor-widget elementor-widget-text-editor\" data-id=\"5371b6e6\" data-element_type=\"widget\" data-e-type=\"widget\" data-widget_type=\"text-editor.default\">\n\t\t\t\t<div class=\"elementor-widget-container\">\n\t\t\t\t\t\t\t\t\t<p data-fontsize=\"18\" data-lineheight=\"27\">Proporcione a sus aplicaciones Windows Forms la capacidad de acoplar y flotar ventanas, crear paneles que se ocultan autom\u00e1ticamente, agrupar ventanas en pesta\u00f1as y mucho m\u00e1s. Rico en funciones y f\u00e1cil de usar. Respaldado por un equipo de soporte receptivo.<\/p>\r\n\r\n<ul>\r\n \t<li>F\u00e1cil instalaci\u00f3n<\/li>\r\n \t<li>Guarda y carga dise\u00f1os de ventanas<\/li>\r\n \t<li>F\u00e1cil vinculaci\u00f3n de datos<\/li>\r\n<\/ul>\r\nParte de\u00a0<a href=\"https:\/\/xceed.com\/en\/our-products\/product\/ultimate-suite\" target=\"_blank\" rel=\"noopener noreferrer\">Xceed Ultimate Suite<\/a>\r\n\r\n&nbsp;\r\n<p data-fontsize=\"18\" data-lineheight=\"27\">Acopla y haz flotar ventanas, haz que las ventanas se oculten autom\u00e1ticamente y agrupa ventanas en pesta\u00f1as. Recrea la funcionalidad y el aspecto de la interfaz de ventanas acoplables de Visual Studio.  Los contenedores nos permiten utilizar cualquier control .NET con ellos.<\/p>\r\nProporciona un modelo de objetos l\u00f3gico e intuitivo y un control program\u00e1tico completo de todas las funciones de la interfaz de usuario final.\t\t\t\t\t\t\t\t<\/div>\n\t\t\t\t<\/div>\n\t\t<div class=\"elementor-element elementor-element-b0854a5 e-con-full e-flex e-con e-child\" data-id=\"b0854a5\" data-element_type=\"container\" data-e-type=\"container\">\n\t\t\t\t<div class=\"elementor-element elementor-element-2974230 e-n-tabs-mobile elementor-widget elementor-widget-n-tabs\" data-id=\"2974230\" data-element_type=\"widget\" data-e-type=\"widget\" data-widget_type=\"nested-tabs.default\">\n\t\t\t\t<div class=\"elementor-widget-container\">\n\t\t\t\t\t\t\t<div class=\"e-n-tabs\" data-widget-number=\"43467312\" aria-label=\"Pesta\u00f1as. Abre elementos con Intro o Espacio, ci\u00e9rralos con Escape y navega con las Flechas.\">\n\t\t\t<div class=\"e-n-tabs-heading\" role=\"tablist\">\n\t\t\t\t\t<button id=\"e-n-tab-title-434673121\" data-tab-title-id=\"e-n-tab-title-434673121\" class=\"e-n-tab-title\" aria-selected=\"true\" data-tab-index=\"1\" role=\"tab\" tabindex=\"0\" aria-controls=\"e-n-tab-content-434673121\" style=\"--n-tabs-title-order: 1;\">\n\t\t\t\t\t\t<span class=\"e-n-tab-title-text\">\n\t\t\t\tTecnolog\u00eda .NET\t\t\t<\/span>\n\t\t<\/button>\n\t\t\t\t<button id=\"e-n-tab-title-434673122\" data-tab-title-id=\"e-n-tab-title-434673122\" class=\"e-n-tab-title\" aria-selected=\"false\" data-tab-index=\"2\" role=\"tab\" tabindex=\"-1\" aria-controls=\"e-n-tab-content-434673122\" style=\"--n-tabs-title-order: 2;\">\n\t\t\t\t\t\t<span class=\"e-n-tab-title-text\">\n\t\t\t\tCaracter\u00edsticas principales\t\t\t<\/span>\n\t\t<\/button>\n\t\t\t\t<button id=\"e-n-tab-title-434673123\" data-tab-title-id=\"e-n-tab-title-434673123\" class=\"e-n-tab-title\" aria-selected=\"false\" data-tab-index=\"3\" role=\"tab\" tabindex=\"-1\" aria-controls=\"e-n-tab-content-434673123\" style=\"--n-tabs-title-order: 3;\">\n\t\t\t\t\t\t<span class=\"e-n-tab-title-text\">\n\t\t\t\tCaracter\u00edsticas adicionales\t\t\t<\/span>\n\t\t<\/button>\n\t\t\t\t\t<\/div>\n\t\t\t<div class=\"e-n-tabs-content\">\n\t\t\t\t<div id=\"e-n-tab-content-434673121\" role=\"tabpanel\" aria-labelledby=\"e-n-tab-title-434673121\" data-tab-index=\"1\" style=\"--n-tabs-title-order: 1;\" class=\"e-active elementor-element elementor-element-9159be1 e-con-full e-flex e-con e-child\" data-id=\"9159be1\" data-element_type=\"container\" data-e-type=\"container\">\n\t\t\t\t<div class=\"elementor-element elementor-element-c2d4c8f elementor-widget elementor-widget-text-editor\" data-id=\"c2d4c8f\" data-element_type=\"widget\" data-e-type=\"widget\" data-widget_type=\"text-editor.default\">\n\t\t\t\t<div class=\"elementor-widget-container\">\n\t\t\t\t\t\t\t\t\t<ul>\n<li>Escrito \u00edntegramente en c\u00f3digo C# gestionado. El c\u00f3digo fuente se proporciona con la suscripci\u00f3n a Blueprint.<\/li>\n<li>Incluye ejemplos de VB.NET y C# para Visual Studio.<\/li>\n<li>Dise\u00f1o orientado a objetos creado exclusivamente para el desarrollo .NET Windows Forms.<\/li>\n<li>Documentaci\u00f3n exhaustiva totalmente integrada en Visual Studio.<\/li>\n<li>Todo el manejo de errores funciona a trav\u00e9s de clases de excepci\u00f3n .NET.<\/li>\n<li>Compatible con CLS (Common Language Specification).<\/li>\n<li>No utiliza bloques inseguros para minimizar los riesgos de seguridad.<\/li>\n<li>Se integra bien en cuadros de mando y software de inteligencia empresarial.<\/li>\n<\/ul>\t\t\t\t\t\t\t\t<\/div>\n\t\t\t\t<\/div>\n\t\t\t\t<\/div>\n\t\t<div id=\"e-n-tab-content-434673122\" role=\"tabpanel\" aria-labelledby=\"e-n-tab-title-434673122\" data-tab-index=\"2\" style=\"--n-tabs-title-order: 2;\" class=\"elementor-element elementor-element-6ebfa4e e-flex e-con-boxed e-con e-child\" data-id=\"6ebfa4e\" data-element_type=\"container\" data-e-type=\"container\">\n\t\t\t\t\t<div class=\"e-con-inner\">\n\t\t\t\t<div class=\"elementor-element elementor-element-c0e7e15 elementor-widget elementor-widget-text-editor\" data-id=\"c0e7e15\" data-element_type=\"widget\" data-e-type=\"widget\" data-widget_type=\"text-editor.default\">\n\t\t\t\t<div class=\"elementor-widget-container\">\n\t\t\t\t\t\t\t\t\t<ul>\n<li>Cree ventanas que puedan acoplarse, flotar o agruparse por pesta\u00f1as, seg\u00fan sea necesario.<\/li>\n<li>La suave funci\u00f3n de ocultaci\u00f3n autom\u00e1tica le permite mantener las ventanas convenientemente apartadas.<\/li>\n<li>Aspecto y comportamiento exactos de la interfaz de ventanas acoplables de Visual Studio.<\/li>\n<li>Control program\u00e1tico total de todas las funciones de la interfaz de usuario final.<\/li>\n<li>Admite aplicaciones MDI.<\/li>\n<li>Admite MDI con pesta\u00f1as. Al hacer clic con el bot\u00f3n derecho en una pesta\u00f1a aparecen todas las opciones esperadas (flotar, acoplar, ocultar autom\u00e1ticamente, ocultar). Control-tab muestra la ventana emergente esperada con la lista de destinos de control-tab.<\/li>\n<\/ul>\t\t\t\t\t\t\t\t<\/div>\n\t\t\t\t<\/div>\n\t\t\t\t\t<\/div>\n\t\t\t\t<\/div>\n\t\t<div id=\"e-n-tab-content-434673123\" role=\"tabpanel\" aria-labelledby=\"e-n-tab-title-434673123\" data-tab-index=\"3\" style=\"--n-tabs-title-order: 3;\" class=\"elementor-element elementor-element-a8be190 e-flex e-con-boxed e-con e-child\" data-id=\"a8be190\" data-element_type=\"container\" data-e-type=\"container\">\n\t\t\t\t\t<div class=\"e-con-inner\">\n\t\t\t\t<div class=\"elementor-element elementor-element-3d6b934 elementor-widget elementor-widget-text-editor\" data-id=\"3d6b934\" data-element_type=\"widget\" data-e-type=\"widget\" data-widget_type=\"text-editor.default\">\n\t\t\t\t<div class=\"elementor-widget-container\">\n\t\t\t\t\t\t\t\t\t<ul>\n<li>Desacopla todo un grupo de ventanas a la vez en un grupo flotante de pesta\u00f1as.<\/li>\n<li>Acoplar una ventana a una ventana flotante, no s\u00f3lo a la ventana principal.<\/li>\n<li>Pesta\u00f1as verticales u horizontales para las ventanas ocultas autom\u00e1ticamente, seg\u00fan la ubicaci\u00f3n.<\/li>\n<li>Anclar y desanclar ventanas para activar o desactivar la ocultaci\u00f3n autom\u00e1tica.<\/li>\n<li>Arrastre una pesta\u00f1a para desacoplar una ventana agrupada por pesta\u00f1as.<\/li>\n<li>Las ventanas acopladas se redimensionan proporcionalmente con el formulario principal.<\/li>\n<li>Data-binding friendly: el DataContext de la aplicaci\u00f3n se propaga a cada ventana.<\/li>\n<li>Guardar y cargar dise\u00f1os de ventanas.<\/li>\n<li>Asignar iconos a las pesta\u00f1as.<\/li>\n<li>Establezca la velocidad con la que se muestran o visualizan las ToolWindows de ocultaci\u00f3n autom\u00e1tica.<\/li>\n<li>Establece el retardo antes de que se muestren u oculten autom\u00e1ticamente las ToolWindows.<\/li>\n<li>Cree cualquier n\u00famero de grupos de ventanas, con pesta\u00f1as horizontales o verticales.<\/li>\n<li>Establezca la anchura y la altura de las pesta\u00f1as de ocultaci\u00f3n autom\u00e1tica, as\u00ed como la altura de las pesta\u00f1as de grupo.<\/li>\n<li>Cambiar la apariencia de la pesta\u00f1a seleccionada.<\/li>\n<li>Las ventanas recuerdan con fiabilidad su \u00faltima posici\u00f3n al ser restauradas.<\/li>\n<li>Haga doble clic en la barra de t\u00edtulo para alternar entre el estado acoplado y flotante.<\/li>\n<li>Cambie el aspecto de las pesta\u00f1as de grupo, los marcos de ocultaci\u00f3n autom\u00e1tica, los pies de ilustraci\u00f3n y las barras de t\u00edtulo.<\/li>\n<li>Dise\u00f1a el contenido de las ventanas como si fueran un UserControl.<\/li>\n<li>Las ventanas pueden crearse f\u00e1cilmente directamente desde UserControls.<\/li>\n<li>Windows puede contener cualquier control .NET.<\/li>\n<li>Evitar que el usuario final cambie el estado de la ventana, como pasar de flotante a acoplada, etc.<\/li>\n<li>Especifique un \u00e1rea de trabajo alrededor de la cual las ventanas pueden acoplarse o agruparse.<\/li>\n<\/ul>\t\t\t\t\t\t\t\t<\/div>\n\t\t\t\t<\/div>\n\t\t\t\t\t<\/div>\n\t\t\t\t<\/div>\n\t\t\t\t\t<\/div>\n\t\t<\/div>\n\t\t\t\t\t\t<\/div>\n\t\t\t\t<\/div>\n\t\t\t\t<\/div>\n\t\t\t\t\t<\/div>\n\t\t\t\t<\/div>\n\t\t\t\t<\/div>","protected":false},"excerpt":{"rendered":"<p>Proporcione a sus aplicaciones Windows Forms la capacidad de acoplar y flotar ventanas, crear paneles que se ocultan autom\u00e1ticamente, agrupar ventanas en pesta\u00f1as y mucho m\u00e1s. Rico en funciones y f\u00e1cil de usar. Respaldado por un equipo de soporte receptivo.<\/p>","protected":false},"featured_media":1287,"template":"","meta":{"_acf_changed":false},"product_brand":[],"product_cat":[19],"product_tag":[],"class_list":{"0":"post-1286","1":"product","2":"type-product","3":"status-publish","4":"has-post-thumbnail","6":"product_cat-winforms-activex","8":"first","9":"outofstock","10":"taxable","11":"shipping-taxable","12":"product-type-variable"},"acf":[],"yoast_head":"<!-- This site is optimized with the Yoast SEO plugin v27.4 - https:\/\/yoast.com\/product\/yoast-seo-wordpress\/ -->\n<title>Docking Windows for WinForms - Xceed<\/title>\n<meta name=\"robots\" content=\"index, follow, max-snippet:-1, max-image-preview:large, max-video-preview:-1\" \/>\n<link rel=\"canonical\" href=\"https:\/\/xceed.com\/es\/productos\/winforms-activex\/ventanas-acoplables-para-winforms\/\" \/>\n<meta property=\"og:locale\" content=\"es_MX\" \/>\n<meta property=\"og:type\" content=\"article\" \/>\n<meta property=\"og:title\" content=\"Docking Windows for WinForms - Xceed\" \/>\n<meta property=\"og:description\" content=\"Give your Windows Forms apps the ability to dock and float windows, make panels that auto-hide, group windows into tabs, and more. Feature rich, and easy to use. Backed by a responsive support team.\" \/>\n<meta property=\"og:url\" content=\"https:\/\/xceed.com\/es\/productos\/winforms-activex\/ventanas-acoplables-para-winforms\/\" \/>\n<meta property=\"og:site_name\" content=\"Xceed\" \/>\n<meta property=\"article:modified_time\" content=\"2025-05-06T04:45:38+00:00\" \/>\n<meta property=\"og:image\" content=\"https:\/\/xceed.com\/wp-content\/uploads\/2024\/06\/Product-Docking-Windows-for-WinForms.png\" \/>\n\t<meta property=\"og:image:width\" content=\"1500\" \/>\n\t<meta property=\"og:image:height\" content=\"1500\" \/>\n\t<meta property=\"og:image:type\" content=\"image\/png\" \/>\n<meta name=\"twitter:card\" content=\"summary_large_image\" \/>\n<meta name=\"twitter:label1\" content=\"Est. reading time\" \/>\n\t<meta name=\"twitter:data1\" content=\"4 minutos\" \/>\n<script type=\"application\/ld+json\" class=\"yoast-schema-graph\">{\"@context\":\"https:\\\/\\\/schema.org\",\"@graph\":[{\"@type\":\"WebPage\",\"@id\":\"https:\\\/\\\/xceed.com\\\/products\\\/winforms-activex\\\/docking-windows-for-winforms\\\/\",\"url\":\"https:\\\/\\\/xceed.com\\\/products\\\/winforms-activex\\\/docking-windows-for-winforms\\\/\",\"name\":\"Docking Windows for WinForms - Xceed\",\"isPartOf\":{\"@id\":\"https:\\\/\\\/xceed.com\\\/fr\\\/#website\"},\"primaryImageOfPage\":{\"@id\":\"https:\\\/\\\/xceed.com\\\/products\\\/winforms-activex\\\/docking-windows-for-winforms\\\/#primaryimage\"},\"image\":{\"@id\":\"https:\\\/\\\/xceed.com\\\/products\\\/winforms-activex\\\/docking-windows-for-winforms\\\/#primaryimage\"},\"thumbnailUrl\":\"https:\\\/\\\/xceed.com\\\/wp-content\\\/uploads\\\/2024\\\/06\\\/Product-Docking-Windows-for-WinForms.png\",\"datePublished\":\"2024-06-17T04:53:34+00:00\",\"dateModified\":\"2025-05-06T04:45:38+00:00\",\"breadcrumb\":{\"@id\":\"https:\\\/\\\/xceed.com\\\/products\\\/winforms-activex\\\/docking-windows-for-winforms\\\/#breadcrumb\"},\"inLanguage\":\"es\",\"potentialAction\":[{\"@type\":\"ReadAction\",\"target\":[\"https:\\\/\\\/xceed.com\\\/products\\\/winforms-activex\\\/docking-windows-for-winforms\\\/\"]}]},{\"@type\":\"ImageObject\",\"inLanguage\":\"es\",\"@id\":\"https:\\\/\\\/xceed.com\\\/products\\\/winforms-activex\\\/docking-windows-for-winforms\\\/#primaryimage\",\"url\":\"https:\\\/\\\/xceed.com\\\/wp-content\\\/uploads\\\/2024\\\/06\\\/Product-Docking-Windows-for-WinForms.png\",\"contentUrl\":\"https:\\\/\\\/xceed.com\\\/wp-content\\\/uploads\\\/2024\\\/06\\\/Product-Docking-Windows-for-WinForms.png\",\"width\":1500,\"height\":1500},{\"@type\":\"BreadcrumbList\",\"@id\":\"https:\\\/\\\/xceed.com\\\/products\\\/winforms-activex\\\/docking-windows-for-winforms\\\/#breadcrumb\",\"itemListElement\":[{\"@type\":\"ListItem\",\"position\":1,\"name\":\"Home\",\"item\":\"https:\\\/\\\/xceed.com\\\/\"},{\"@type\":\"ListItem\",\"position\":2,\"name\":\"Docking Windows for WinForms\"}]},{\"@type\":\"WebSite\",\"@id\":\"https:\\\/\\\/xceed.com\\\/fr\\\/#website\",\"url\":\"https:\\\/\\\/xceed.com\\\/fr\\\/\",\"name\":\"Xceed\",\"description\":\"Provides tools for .NET, Windows Forms, WPF, Silverlight, and ASP.NET developers to create better applications.\",\"publisher\":{\"@id\":\"https:\\\/\\\/xceed.com\\\/fr\\\/#organization\"},\"potentialAction\":[{\"@type\":\"SearchAction\",\"target\":{\"@type\":\"EntryPoint\",\"urlTemplate\":\"https:\\\/\\\/xceed.com\\\/fr\\\/?s={search_term_string}\"},\"query-input\":{\"@type\":\"PropertyValueSpecification\",\"valueRequired\":true,\"valueName\":\"search_term_string\"}}],\"inLanguage\":\"es\"},{\"@type\":\"Organization\",\"@id\":\"https:\\\/\\\/xceed.com\\\/fr\\\/#organization\",\"name\":\"Xceed\",\"url\":\"https:\\\/\\\/xceed.com\\\/fr\\\/\",\"logo\":{\"@type\":\"ImageObject\",\"inLanguage\":\"es\",\"@id\":\"https:\\\/\\\/xceed.com\\\/fr\\\/#\\\/schema\\\/logo\\\/image\\\/\",\"url\":\"https:\\\/\\\/xceed.com\\\/wp-content\\\/uploads\\\/2024\\\/04\\\/cropped-xceed-logo.png\",\"contentUrl\":\"https:\\\/\\\/xceed.com\\\/wp-content\\\/uploads\\\/2024\\\/04\\\/cropped-xceed-logo.png\",\"width\":609,\"height\":150,\"caption\":\"Xceed\"},\"image\":{\"@id\":\"https:\\\/\\\/xceed.com\\\/fr\\\/#\\\/schema\\\/logo\\\/image\\\/\"}}]}<\/script>\n<!-- \/ Yoast SEO plugin. -->","yoast_head_json":{"title":"Ventanas acoplables para WinForms - Xceed","robots":{"index":"index","follow":"follow","max-snippet":"max-snippet:-1","max-image-preview":"max-image-preview:large","max-video-preview":"max-video-preview:-1"},"canonical":"https:\/\/xceed.com\/es\/productos\/winforms-activex\/ventanas-acoplables-para-winforms\/","og_locale":"es_MX","og_type":"article","og_title":"Docking Windows for WinForms - Xceed","og_description":"Give your Windows Forms apps the ability to dock and float windows, make panels that auto-hide, group windows into tabs, and more. Feature rich, and easy to use. Backed by a responsive support team.","og_url":"https:\/\/xceed.com\/es\/productos\/winforms-activex\/ventanas-acoplables-para-winforms\/","og_site_name":"Xceed","article_modified_time":"2025-05-06T04:45:38+00:00","og_image":[{"width":1500,"height":1500,"url":"https:\/\/xceed.com\/wp-content\/uploads\/2024\/06\/Product-Docking-Windows-for-WinForms.png","type":"image\/png"}],"twitter_card":"summary_large_image","twitter_misc":{"Est. reading time":"4 minutos"},"schema":{"@context":"https:\/\/schema.org","@graph":[{"@type":"WebPage","@id":"https:\/\/xceed.com\/products\/winforms-activex\/docking-windows-for-winforms\/","url":"https:\/\/xceed.com\/products\/winforms-activex\/docking-windows-for-winforms\/","name":"Ventanas acoplables para WinForms - Xceed","isPartOf":{"@id":"https:\/\/xceed.com\/fr\/#website"},"primaryImageOfPage":{"@id":"https:\/\/xceed.com\/products\/winforms-activex\/docking-windows-for-winforms\/#primaryimage"},"image":{"@id":"https:\/\/xceed.com\/products\/winforms-activex\/docking-windows-for-winforms\/#primaryimage"},"thumbnailUrl":"https:\/\/xceed.com\/wp-content\/uploads\/2024\/06\/Product-Docking-Windows-for-WinForms.png","datePublished":"2024-06-17T04:53:34+00:00","dateModified":"2025-05-06T04:45:38+00:00","breadcrumb":{"@id":"https:\/\/xceed.com\/products\/winforms-activex\/docking-windows-for-winforms\/#breadcrumb"},"inLanguage":"es","potentialAction":[{"@type":"ReadAction","target":["https:\/\/xceed.com\/products\/winforms-activex\/docking-windows-for-winforms\/"]}]},{"@type":"ImageObject","inLanguage":"es","@id":"https:\/\/xceed.com\/products\/winforms-activex\/docking-windows-for-winforms\/#primaryimage","url":"https:\/\/xceed.com\/wp-content\/uploads\/2024\/06\/Product-Docking-Windows-for-WinForms.png","contentUrl":"https:\/\/xceed.com\/wp-content\/uploads\/2024\/06\/Product-Docking-Windows-for-WinForms.png","width":1500,"height":1500},{"@type":"BreadcrumbList","@id":"https:\/\/xceed.com\/products\/winforms-activex\/docking-windows-for-winforms\/#breadcrumb","itemListElement":[{"@type":"ListItem","position":1,"name":"Home","item":"https:\/\/xceed.com\/"},{"@type":"ListItem","position":2,"name":"Docking Windows for WinForms"}]},{"@type":"WebSite","@id":"https:\/\/xceed.com\/fr\/#website","url":"https:\/\/xceed.com\/fr\/","name":"Xceed","description":"Proporciona herramientas para que los desarrolladores de .NET, Windows Forms, WPF, Silverlight y ASP.NET puedan crear mejores aplicaciones.","publisher":{"@id":"https:\/\/xceed.com\/fr\/#organization"},"potentialAction":[{"@type":"SearchAction","target":{"@type":"EntryPoint","urlTemplate":"https:\/\/xceed.com\/fr\/?s={search_term_string}"},"query-input":{"@type":"PropertyValueSpecification","valueRequired":true,"valueName":"search_term_string"}}],"inLanguage":"es"},{"@type":"Organization","@id":"https:\/\/xceed.com\/fr\/#organization","name":"Xceed","url":"https:\/\/xceed.com\/fr\/","logo":{"@type":"ImageObject","inLanguage":"es","@id":"https:\/\/xceed.com\/fr\/#\/schema\/logo\/image\/","url":"https:\/\/xceed.com\/wp-content\/uploads\/2024\/04\/cropped-xceed-logo.png","contentUrl":"https:\/\/xceed.com\/wp-content\/uploads\/2024\/04\/cropped-xceed-logo.png","width":609,"height":150,"caption":"Xceed"},"image":{"@id":"https:\/\/xceed.com\/fr\/#\/schema\/logo\/image\/"}}]}},"_links":{"self":[{"href":"https:\/\/xceed.com\/es\/wp-json\/wp\/v2\/product\/1286","targetHints":{"allow":["GET"]}}],"collection":[{"href":"https:\/\/xceed.com\/es\/wp-json\/wp\/v2\/product"}],"about":[{"href":"https:\/\/xceed.com\/es\/wp-json\/wp\/v2\/types\/product"}],"version-history":[{"count":0,"href":"https:\/\/xceed.com\/es\/wp-json\/wp\/v2\/product\/1286\/revisions"}],"wp:featuredmedia":[{"embeddable":true,"href":"https:\/\/xceed.com\/es\/wp-json\/wp\/v2\/media\/1287"}],"wp:attachment":[{"href":"https:\/\/xceed.com\/es\/wp-json\/wp\/v2\/media?parent=1286"}],"wp:term":[{"taxonomy":"product_brand","embeddable":true,"href":"https:\/\/xceed.com\/es\/wp-json\/wp\/v2\/product_brand?post=1286"},{"taxonomy":"product_cat","embeddable":true,"href":"https:\/\/xceed.com\/es\/wp-json\/wp\/v2\/product_cat?post=1286"},{"taxonomy":"product_tag","embeddable":true,"href":"https:\/\/xceed.com\/es\/wp-json\/wp\/v2\/product_tag?post=1286"}],"curies":[{"name":"wp","href":"https:\/\/api.w.org\/{rel}","templated":true}]}}