{"id":3,"date":"2024-03-25T18:33:45","date_gmt":"2024-03-25T18:33:45","guid":{"rendered":"http:\/\/localhost:10003\/?page_id=3"},"modified":"2024-10-09T17:07:44","modified_gmt":"2024-10-09T17:07:44","slug":"declaracion-de-privacidad","status":"publish","type":"page","link":"https:\/\/xceed.com\/es\/privacy-policy\/","title":{"rendered":"Pol\u00edtica de privacidad"},"content":{"rendered":"<div data-elementor-type=\"wp-page\" data-elementor-id=\"3\" class=\"elementor elementor-3\" data-elementor-post-type=\"page\">\n\t\t\t\t<div class=\"elementor-element elementor-element-a148741 e-flex e-con-boxed e-con e-parent\" data-id=\"a148741\" data-element_type=\"container\" data-e-type=\"container\" data-settings=\"{&quot;background_background&quot;:&quot;gradient&quot;}\">\n\t\t\t\t\t<div class=\"e-con-inner\">\n\t\t<div class=\"elementor-element elementor-element-6b2c630 e-flex e-con-boxed e-con e-child\" data-id=\"6b2c630\" data-element_type=\"container\" data-e-type=\"container\">\n\t\t\t\t\t<div class=\"e-con-inner\">\n\t\t\t\t<div class=\"elementor-element elementor-element-bb79c6e elementor-widget elementor-widget-heading\" data-id=\"bb79c6e\" data-element_type=\"widget\" data-e-type=\"widget\" data-widget_type=\"heading.default\">\n\t\t\t\t<div class=\"elementor-widget-container\">\n\t\t\t\t\t<h2 class=\"elementor-heading-title elementor-size-default\">Pol\u00edtica de privacidad de Xceed  <\/h2>\t\t\t\t<\/div>\n\t\t\t\t<\/div>\n\t\t\t\t\t<\/div>\n\t\t\t\t<\/div>\n\t\t\t\t\t<\/div>\n\t\t\t\t<\/div>\n\t\t<div class=\"elementor-element elementor-element-33e070ed e-flex e-con-boxed e-con e-parent\" data-id=\"33e070ed\" data-element_type=\"container\" data-e-type=\"container\">\n\t\t\t\t\t<div class=\"e-con-inner\">\n\t\t\t\t<div class=\"elementor-element elementor-element-4780b036 elementor-widget elementor-widget-text-editor\" data-id=\"4780b036\" data-element_type=\"widget\" data-e-type=\"widget\" data-widget_type=\"text-editor.default\">\n\t\t\t\t<div class=\"elementor-widget-container\">\n\t\t\t\t\t\t\t\t\t<p>Revisado el 21 de mayo de 2018.<\/p><p>\u00a0<\/p><h3>Introducci\u00f3n<\/h3><p>La privacidad es importante, y Xceed Software Inc. (Xceed) se compromete a la transparencia, la protecci\u00f3n de sus datos y a mantenerse actualizado con las mejores pr\u00e1cticas de la industria para mantener la integridad de nuestra infraestructura de datos. Esperamos que la siguiente informaci\u00f3n le ayude a tomar una decisi\u00f3n informada sobre c\u00f3mo visita este sitio web y si decide o no compartir informaci\u00f3n personal con nosotros.<\/p><p>\u00a0<\/p><p>Xceed est\u00e1 comprometido con pr\u00e1cticas s\u00f3lidas de gesti\u00f3n de datos y cree en la transparencia. Nuestra declaraci\u00f3n de privacidad revisada explica:<\/p><p>\u00a0<\/p><p>Qu\u00e9 datos personales recopilamos y por qu\u00e9 los recopilamos.<\/p><p>\u00a0<\/p><p>C\u00f3mo utilizamos los datos personales.<\/p><p>\u00a0<\/p><p>Con qui\u00e9n compartimos los datos personales.<\/p><p>\u00a0<\/p><p>Las opciones y derechos que tiene, incluyendo c\u00f3mo acceder, actualizar y eliminar los datos personales.<\/p><p>\u00a0<\/p><p>Por favor, lea esta declaraci\u00f3n de privacidad cuidadosamente. Al utilizar o acceder a nuestros productos y servicios, usted reconoce que ha le\u00eddo, comprendido y acepta estar sujeto a todos los t\u00e9rminos y condiciones de esta declaraci\u00f3n de privacidad, y a los \"T\u00e9rminos de Uso\" u otro acuerdo con el cliente entre usted y Xceed que sea aplicable al producto o servicio espec\u00edfico que est\u00e1 utilizando o accediendo (colectivamente, los \"Acuerdos del Usuario\").<\/p><p>\u00a0<\/p><p>Si no est\u00e1 de acuerdo con esta declaraci\u00f3n de privacidad y el acuerdo de usuario aplicable, por favor salga y no acceda ni utilice el servicio.<\/p><h3>\u00a0<\/h3><h3>Su informaci\u00f3n<\/h3><p><strong>Informaci\u00f3n que recopilamos<\/strong><\/p><p>(a) Informaci\u00f3n que usted nos proporciona voluntariamente: Cuando se registra, descarga, compra y utiliza el software de Xceed, consulta con nuestro equipo de servicio al cliente, nos env\u00eda un correo electr\u00f3nico, publica en nuestro blog, descarga software de prueba gratuito o se comunica con nosotros de cualquier forma, usted nos est\u00e1 proporcionando voluntariamente informaci\u00f3n que recopilamos. Esa informaci\u00f3n puede incluir su nombre, direcci\u00f3n f\u00edsica, direcci\u00f3n de correo electr\u00f3nico, direcci\u00f3n IP, n\u00famero de tel\u00e9fono, informaci\u00f3n de tarjeta de cr\u00e9dito, as\u00ed como otra informaci\u00f3n demogr\u00e1fica.<\/p><p>\u00a0<\/p><p>Al proporcionarnos esta informaci\u00f3n, usted consiente que sea recopilada, utilizada, divulgada, transferida a Canad\u00e1 y almacenada por nosotros.<\/p><p>\u00a0<\/p><p>(b) Informaci\u00f3n que recopilamos autom\u00e1ticamente: Cuando utiliza nuestros productos o navega por nuestros sitios web, podemos recopilar informaci\u00f3n sobre su visita, su uso de los servicios y su actividad de navegaci\u00f3n web. Esto puede incluir su direcci\u00f3n IP, sistema operativo, ID del navegador y actividad de navegaci\u00f3n. Podemos recopilar esta informaci\u00f3n como parte de archivos de registro o mediante cookies u otras tecnolog\u00edas de seguimiento.<\/p><p>\u00a0<\/p><p>(c) Cookies y seguimiento: Nosotros y nuestros proveedores de servicios podemos utilizar cookies y tecnolog\u00edas de seguimiento similares en nuestro sitio web para analizar tendencias, administrar el sitio web, rastrear los movimientos de los usuarios y recopilar informaci\u00f3n demogr\u00e1fica. Usted puede controlar el uso de cookies a nivel de navegador individual. Para obtener m\u00e1s informaci\u00f3n sobre las cookies y c\u00f3mo desactivarlas, consulte nuestra Pol\u00edtica de Cookies.<\/p><h5>\u00a0<\/h5><h5><strong>Base legal para el procesamiento de datos personales y uso de la informaci\u00f3n personal.<\/strong><\/h5><p>Xceed tiene sede en Canad\u00e1 y cumple con las leyes locales de protecci\u00f3n de datos y el RGPD con respecto a las personas de la UE.<\/p><p>\u00a0<\/p><p>(i) Contrato: El procesamiento es necesario para la ejecuci\u00f3n de un contrato en las siguientes situaciones:<\/p><p>Para proporcionar cotizaciones, facturar y cobrar el dinero adeudado.<\/p><p>Para enviar alertas del sistema y comunicar cambios en productos y servicios.<\/p><p>Para proporcionar soporte al cliente y comunicarse con respecto a las cuentas.<\/p><p>Para mejorar nuestros servicios y analizar datos.<\/p><p>\u00a0<\/p><p>(ii) Consentimiento: Procesamiento basado en el consentimiento en las siguientes situaciones:<\/p><p>Para enviar contenido promocional y seguir las preferencias de marketing.<\/p><p>\u00a0<\/p><p>(iii) Podemos utilizar y divulgar informaci\u00f3n personal para fines como:<\/p><p>Promover el uso de nuestros servicios y publicidad basada en intereses.<\/p><p>Proporcionar sugerencias y publicidad basada en actividades de navegaci\u00f3n.<\/p><h5>\u00a0<\/h5><h5><strong>Datos recopilados para y por nuestros socios.<\/strong><\/h5><p>Los revendedores son responsables de asegurarse de que tienen permiso para procesar los datos de los usuarios finales. Xceed puede transferir informaci\u00f3n personal a terceros que ayuden a promover, proporcionar o apoyar los servicios. Retendremos la informaci\u00f3n personal para proporcionar servicios o cumplir con obligaciones legales.<\/p><h4>\u00a0<\/h4><h3>Terceros<\/h3><p>Podemos divulgar informaci\u00f3n personal a proveedores de servicios de terceros y socios publicitarios para fines de soporte o publicidad dirigida.<\/p><h5>\u00a0<\/h5><h5><strong>Seguridad<\/strong><\/h5><p>Si una violaci\u00f3n de seguridad afecta a un usuario, Xceed notificar\u00e1 al usuario lo antes posible e informar\u00e1 sobre las acciones tomadas en respuesta.<\/p><p>\u00a0<\/p><p>Xceed utiliza medidas de seguridad adecuadas, incluyendo SSL, para proteger los datos y limita el acceso a la informaci\u00f3n personal a empleados o contratistas que lo necesiten.<\/p><h4>\u00a0<\/h4><h3>Cumplimiento<\/h3><h5><strong>Operamos en Canad\u00e1<\/strong><\/h5><p>Su informaci\u00f3n puede ser transferida, almacenada o procesada en Canad\u00e1. Al utilizar nuestros sitios web, usted consiente la transferencia de sus datos a nuestras instalaciones en Canad\u00e1 y a terceros seg\u00fan se describe en esta pol\u00edtica.<\/p><h5>\u00a0<\/h5><h5><strong>Precisi\u00f3n y retenci\u00f3n de datos<\/strong><\/h5><p>Retenemos los datos mientras su cuenta est\u00e9 activa o mientras sea necesario para proporcionar servicios, resolver disputas, prevenir abusos y hacer cumplir los acuerdos.<\/p><h5>Acceso y Derecho de Supresi\u00f3n<\/h5><p>Proporcionamos acceso a la informaci\u00f3n personal dentro de los 30 d\u00edas posteriores a la solicitud. Puede solicitar acceso, correcci\u00f3n o eliminaci\u00f3n de su informaci\u00f3n personal en cualquier momento.<\/p><h3>\u00a0<\/h3><h3>Pol\u00edtica de Cookies<\/h3><p><strong>Qu\u00e9 son las cookies<\/strong><\/p><p>Las cookies son peque\u00f1os archivos de datos utilizados por los sitios web para ofrecer servicios o mejorar la funcionalidad. Las cookies de primera parte son establecidas por el propietario del sitio web, mientras que las cookies de tercera parte permiten funciones de terceros, como la publicidad y el an\u00e1lisis.<\/p><h5>\u00a0<\/h5><h5><strong>Por qu\u00e9 usamos cookies<\/strong><\/h5><p>Usamos cookies para la funcionalidad esencial del sitio web y para realizar un seguimiento de los intereses con el fin de ofrecer contenido y publicidad personalizada.<\/p><h5>\u00a0<\/h5><h5><strong>Controlando tus Cookies<\/strong><\/h5><p>Puedes gestionar las cookies a trav\u00e9s de la configuraci\u00f3n de tu navegador. Para la publicidad basada en intereses, visita http:\/\/www.aboutads.info\/choices\/ o http:\/\/www.youronlinechoices.com.<\/p>\t\t\t\t\t\t\t\t<\/div>\n\t\t\t\t<\/div>\n\t\t\t\t\t<\/div>\n\t\t\t\t<\/div>\n\t\t\t\t<\/div>","protected":false},"excerpt":{"rendered":"<p>Xceed Privacy Policy Revised May 21, 2018 \u00a0 Introduction Privacy is important, and Xceed Software Inc. (Xceed) is committed to transparency, protection of your data, and keeping up to date with the best practices of the industry to maintain the integrity of our data infrastructure. We hope the following information will help you make an [&hellip;]<\/p>\n","protected":false},"author":1,"featured_media":0,"parent":0,"menu_order":0,"comment_status":"closed","ping_status":"open","template":"page.php","meta":{"_acf_changed":false,"footnotes":""},"class_list":["post-3","page","type-page","status-publish","hentry"],"acf":[],"yoast_head":"<!-- This site is optimized with the Yoast SEO plugin v27.4 - https:\/\/yoast.com\/product\/yoast-seo-wordpress\/ -->\n<title>Privacy Policy - Xceed<\/title>\n<meta name=\"robots\" content=\"index, follow, max-snippet:-1, max-image-preview:large, max-video-preview:-1\" \/>\n<link rel=\"canonical\" href=\"https:\/\/xceed.com\/es\/declaracion-de-privacidad\/\" \/>\n<meta property=\"og:locale\" content=\"es_MX\" \/>\n<meta property=\"og:type\" content=\"article\" \/>\n<meta property=\"og:title\" content=\"Privacy Policy - Xceed\" \/>\n<meta property=\"og:description\" content=\"Xceed Privacy Policy Revised May 21, 2018 \u00a0 Introduction Privacy is important, and Xceed Software Inc. (Xceed) is committed to transparency, protection of your data, and keeping up to date with the best practices of the industry to maintain the integrity of our data infrastructure. We hope the following information will help you make an [&hellip;]\" \/>\n<meta property=\"og:url\" content=\"https:\/\/xceed.com\/es\/declaracion-de-privacidad\/\" \/>\n<meta property=\"og:site_name\" content=\"Xceed\" \/>\n<meta property=\"article:modified_time\" content=\"2024-10-09T17:07:44+00:00\" \/>\n<meta name=\"twitter:card\" content=\"summary_large_image\" \/>\n<meta name=\"twitter:label1\" content=\"Est. reading time\" \/>\n\t<meta name=\"twitter:data1\" content=\"4 minutos\" \/>\n<script type=\"application\/ld+json\" class=\"yoast-schema-graph\">{\"@context\":\"https:\\\/\\\/schema.org\",\"@graph\":[{\"@type\":\"WebPage\",\"@id\":\"https:\\\/\\\/xceed.com\\\/es\\\/declaracion-de-privacidad\\\/\",\"url\":\"https:\\\/\\\/xceed.com\\\/es\\\/declaracion-de-privacidad\\\/\",\"name\":\"Privacy Policy - Xceed\",\"isPartOf\":{\"@id\":\"https:\\\/\\\/xceed.com\\\/fr\\\/#website\"},\"datePublished\":\"2024-03-25T18:33:45+00:00\",\"dateModified\":\"2024-10-09T17:07:44+00:00\",\"breadcrumb\":{\"@id\":\"https:\\\/\\\/xceed.com\\\/es\\\/declaracion-de-privacidad\\\/#breadcrumb\"},\"inLanguage\":\"es\",\"potentialAction\":[{\"@type\":\"ReadAction\",\"target\":[\"https:\\\/\\\/xceed.com\\\/es\\\/declaracion-de-privacidad\\\/\"]}]},{\"@type\":\"BreadcrumbList\",\"@id\":\"https:\\\/\\\/xceed.com\\\/es\\\/declaracion-de-privacidad\\\/#breadcrumb\",\"itemListElement\":[{\"@type\":\"ListItem\",\"position\":1,\"name\":\"Home\",\"item\":\"https:\\\/\\\/xceed.com\\\/\"},{\"@type\":\"ListItem\",\"position\":2,\"name\":\"Privacy Policy\"}]},{\"@type\":\"WebSite\",\"@id\":\"https:\\\/\\\/xceed.com\\\/fr\\\/#website\",\"url\":\"https:\\\/\\\/xceed.com\\\/fr\\\/\",\"name\":\"Xceed\",\"description\":\"Provides tools for .NET, Windows Forms, WPF, Silverlight, and ASP.NET developers to create better applications.\",\"publisher\":{\"@id\":\"https:\\\/\\\/xceed.com\\\/fr\\\/#organization\"},\"potentialAction\":[{\"@type\":\"SearchAction\",\"target\":{\"@type\":\"EntryPoint\",\"urlTemplate\":\"https:\\\/\\\/xceed.com\\\/fr\\\/?s={search_term_string}\"},\"query-input\":{\"@type\":\"PropertyValueSpecification\",\"valueRequired\":true,\"valueName\":\"search_term_string\"}}],\"inLanguage\":\"es\"},{\"@type\":\"Organization\",\"@id\":\"https:\\\/\\\/xceed.com\\\/fr\\\/#organization\",\"name\":\"Xceed\",\"url\":\"https:\\\/\\\/xceed.com\\\/fr\\\/\",\"logo\":{\"@type\":\"ImageObject\",\"inLanguage\":\"es\",\"@id\":\"https:\\\/\\\/xceed.com\\\/fr\\\/#\\\/schema\\\/logo\\\/image\\\/\",\"url\":\"https:\\\/\\\/xceed.com\\\/wp-content\\\/uploads\\\/2024\\\/04\\\/cropped-xceed-logo.png\",\"contentUrl\":\"https:\\\/\\\/xceed.com\\\/wp-content\\\/uploads\\\/2024\\\/04\\\/cropped-xceed-logo.png\",\"width\":609,\"height\":150,\"caption\":\"Xceed\"},\"image\":{\"@id\":\"https:\\\/\\\/xceed.com\\\/fr\\\/#\\\/schema\\\/logo\\\/image\\\/\"}}]}<\/script>\n<!-- \/ Yoast SEO plugin. -->","yoast_head_json":{"title":"Pol\u00edtica de privacidad - Xceed","robots":{"index":"index","follow":"follow","max-snippet":"max-snippet:-1","max-image-preview":"max-image-preview:large","max-video-preview":"max-video-preview:-1"},"canonical":"https:\/\/xceed.com\/es\/declaracion-de-privacidad\/","og_locale":"es_MX","og_type":"article","og_title":"Privacy Policy - Xceed","og_description":"Xceed Privacy Policy Revised May 21, 2018 \u00a0 Introduction Privacy is important, and Xceed Software Inc. (Xceed) is committed to transparency, protection of your data, and keeping up to date with the best practices of the industry to maintain the integrity of our data infrastructure. We hope the following information will help you make an [&hellip;]","og_url":"https:\/\/xceed.com\/es\/declaracion-de-privacidad\/","og_site_name":"Xceed","article_modified_time":"2024-10-09T17:07:44+00:00","twitter_card":"summary_large_image","twitter_misc":{"Est. reading time":"4 minutos"},"schema":{"@context":"https:\/\/schema.org","@graph":[{"@type":"WebPage","@id":"https:\/\/xceed.com\/es\/declaracion-de-privacidad\/","url":"https:\/\/xceed.com\/es\/declaracion-de-privacidad\/","name":"Pol\u00edtica de privacidad - Xceed","isPartOf":{"@id":"https:\/\/xceed.com\/fr\/#website"},"datePublished":"2024-03-25T18:33:45+00:00","dateModified":"2024-10-09T17:07:44+00:00","breadcrumb":{"@id":"https:\/\/xceed.com\/es\/declaracion-de-privacidad\/#breadcrumb"},"inLanguage":"es","potentialAction":[{"@type":"ReadAction","target":["https:\/\/xceed.com\/es\/declaracion-de-privacidad\/"]}]},{"@type":"BreadcrumbList","@id":"https:\/\/xceed.com\/es\/declaracion-de-privacidad\/#breadcrumb","itemListElement":[{"@type":"ListItem","position":1,"name":"Home","item":"https:\/\/xceed.com\/"},{"@type":"ListItem","position":2,"name":"Privacy Policy"}]},{"@type":"WebSite","@id":"https:\/\/xceed.com\/fr\/#website","url":"https:\/\/xceed.com\/fr\/","name":"Xceed","description":"Proporciona herramientas para que los desarrolladores de .NET, Windows Forms, WPF, Silverlight y ASP.NET puedan crear mejores aplicaciones.","publisher":{"@id":"https:\/\/xceed.com\/fr\/#organization"},"potentialAction":[{"@type":"SearchAction","target":{"@type":"EntryPoint","urlTemplate":"https:\/\/xceed.com\/fr\/?s={search_term_string}"},"query-input":{"@type":"PropertyValueSpecification","valueRequired":true,"valueName":"search_term_string"}}],"inLanguage":"es"},{"@type":"Organization","@id":"https:\/\/xceed.com\/fr\/#organization","name":"Xceed","url":"https:\/\/xceed.com\/fr\/","logo":{"@type":"ImageObject","inLanguage":"es","@id":"https:\/\/xceed.com\/fr\/#\/schema\/logo\/image\/","url":"https:\/\/xceed.com\/wp-content\/uploads\/2024\/04\/cropped-xceed-logo.png","contentUrl":"https:\/\/xceed.com\/wp-content\/uploads\/2024\/04\/cropped-xceed-logo.png","width":609,"height":150,"caption":"Xceed"},"image":{"@id":"https:\/\/xceed.com\/fr\/#\/schema\/logo\/image\/"}}]}},"_links":{"self":[{"href":"https:\/\/xceed.com\/es\/wp-json\/wp\/v2\/pages\/3","targetHints":{"allow":["GET"]}}],"collection":[{"href":"https:\/\/xceed.com\/es\/wp-json\/wp\/v2\/pages"}],"about":[{"href":"https:\/\/xceed.com\/es\/wp-json\/wp\/v2\/types\/page"}],"author":[{"embeddable":true,"href":"https:\/\/xceed.com\/es\/wp-json\/wp\/v2\/users\/1"}],"replies":[{"embeddable":true,"href":"https:\/\/xceed.com\/es\/wp-json\/wp\/v2\/comments?post=3"}],"version-history":[{"count":0,"href":"https:\/\/xceed.com\/es\/wp-json\/wp\/v2\/pages\/3\/revisions"}],"wp:attachment":[{"href":"https:\/\/xceed.com\/es\/wp-json\/wp\/v2\/media?parent=3"}],"curies":[{"name":"wp","href":"https:\/\/api.w.org\/{rel}","templated":true}]}}